{"id":716811,"date":"2025-08-27T17:47:29","date_gmt":"2025-08-27T14:47:29","guid":{"rendered":"https:\/\/roveyayinevi.com.tr\/index.php\/urun\/bizim-sinif-matrak-bir-baslangic-ciltli\/"},"modified":"2026-04-03T02:31:26","modified_gmt":"2026-04-02T23:31:26","slug":"bizim-sinif-matrak-bir-baslangic-ciltli","status":"publish","type":"product","link":"https:\/\/roveyayinevi.com.tr\/index.php\/urun\/bizim-sinif-matrak-bir-baslangic-ciltli\/","title":{"rendered":"Bizim S\u0131n\u0131f &#8211; Matrak Bir Ba\u015flang\u0131\u00e7 (Ciltli)"},"content":{"rendered":"<p>Trevor Jones, biraz(!) endi\u015feli bir \u00e7ocuk ve yeni bir okula ba\u015fl\u0131yor. T\u00fcm yaz boyunca bunun i\u00e7in haz\u0131rl\u0131k yapsa da, en yak\u0131n arkada\u015f\u0131 Libby\u2019nin okulun ilk g\u00fcn\u00fc ona s\u00f6yledi\u011fi \u015feye kar\u015f\u0131 tamamen haz\u0131rl\u0131ks\u0131z: Libby ondan yeni arkada\u015flar edinmesini istiyor. Ondan. Trevor\u2019dan! Ah, bir de \u015fey var tabii: G\u00fcn sonuna kadar bir k\u0131z\u0131 Sonbahar Dans\u0131\u2019na davet etmesi gerek.Bunu yapaca\u011f\u0131ma g\u00f6z\u00fcme ac\u0131 sos d\u00f6kerim daha iyi, diye d\u00fc\u015f\u00fcnen Trevor\u2019\u0131n fikri okuldaki gizemli \u00f6\u011frenci Molly\u2019yle tan\u0131\u015f\u0131nca de\u011fi\u015fiyor. \u201cBir k\u0131z\u0131 dansa davet etmek belki de d\u00fcnyan\u0131n en k\u00f6t\u00fc \u015feyi de\u011fildir,\u201d diyor kendi kendine, \u201cevet, onu dansa davet edece\u011fim.\u201d Ne var ki \u00f6\u011fretmenlerin s\u00fcrekli g\u00f6zetimi, okul dedikodular\u0131 ve sekizinci s\u0131n\u0131flar\u0131n komplolar\u0131 i\u015fini g\u00fc\u00e7le\u015ftiriyor ve Trevor bir kez daha tamamen haz\u0131rl\u0131ks\u0131z oldu\u011fu bir \u015fey yapmak zorunda kal\u0131yor: Kahraman olmak.Haylaz \u00e7ocuklar co\u015fuyor, sakarl\u0131klar\u0131n sonu gelmiyor, \u00f6\u011fle yeme\u011finde enginar \u00e7\u0131k\u0131yor, tuhaf hademe \u00e7\u0131ld\u0131r\u0131yor ve burada \u015famata hi\u00e7 bitmiyor: Westside Ortaokulu\u2019na ho\u015f geldiniz.<\/p>\n","protected":false},"excerpt":{"rendered":"<p>Trevor Jones, biraz(!) endi\u015feli bir \u00e7ocuk ve yeni bir okula ba\u015fl\u0131yor. T\u00fcm yaz boyunca bunun i\u00e7in haz\u0131rl\u0131k yapsa da, en yak\u0131n arkada\u015f\u0131 Libby\u2019nin okulun ilk g\u00fcn\u00fc<span class=\"excerpt-hellip\"> [\u2026]<\/span><\/p>\n","protected":false},"featured_media":0,"template":"","meta":{"_monsterinsights_skip_tracking":false,"_monsterinsights_sitenote_active":false,"_monsterinsights_sitenote_note":"","_monsterinsights_sitenote_category":0},"product_brand":[],"product_cat":[12274,12284],"product_tag":[],"class_list":{"0":"post-716811","1":"product","2":"type-product","3":"status-publish","5":"product_cat-cocuk-ve-genclik-kitaplari","6":"product_cat-hikayeler","7":"pa_cilt-ciltli","8":"pa_tur-kitap","9":"pa_yayinevi-epsilon-yayinlari","10":"pa_yazar-robin-mellom","12":"first","13":"instock","14":"sale","15":"shipping-taxable","16":"purchasable","17":"product-type-simple"},"_links":{"self":[{"href":"https:\/\/roveyayinevi.com.tr\/index.php\/wp-json\/wp\/v2\/product\/716811","targetHints":{"allow":["GET"]}}],"collection":[{"href":"https:\/\/roveyayinevi.com.tr\/index.php\/wp-json\/wp\/v2\/product"}],"about":[{"href":"https:\/\/roveyayinevi.com.tr\/index.php\/wp-json\/wp\/v2\/types\/product"}],"wp:attachment":[{"href":"https:\/\/roveyayinevi.com.tr\/index.php\/wp-json\/wp\/v2\/media?parent=716811"}],"wp:term":[{"taxonomy":"product_brand","embeddable":true,"href":"https:\/\/roveyayinevi.com.tr\/index.php\/wp-json\/wp\/v2\/product_brand?post=716811"},{"taxonomy":"product_cat","embeddable":true,"href":"https:\/\/roveyayinevi.com.tr\/index.php\/wp-json\/wp\/v2\/product_cat?post=716811"},{"taxonomy":"product_tag","embeddable":true,"href":"https:\/\/roveyayinevi.com.tr\/index.php\/wp-json\/wp\/v2\/product_tag?post=716811"}],"curies":[{"name":"wp","href":"https:\/\/api.w.org\/{rel}","templated":true}]}}