{"id":716803,"date":"2025-08-27T17:47:23","date_gmt":"2025-08-27T14:47:23","guid":{"rendered":"https:\/\/roveyayinevi.com.tr\/index.php\/urun\/arkadasim-nerede-pamuk-ile-topak\/"},"modified":"2026-04-16T02:25:02","modified_gmt":"2026-04-15T23:25:02","slug":"arkadasim-nerede-pamuk-ile-topak","status":"publish","type":"product","link":"https:\/\/roveyayinevi.com.tr\/index.php\/urun\/arkadasim-nerede-pamuk-ile-topak\/","title":{"rendered":"Arkada\u015f\u0131m Nerede? &#8211; Pamuk ile Topak"},"content":{"rendered":"<p>Pamuk ile Topak birbirlerinin en iyi arkada\u015f\u0131 olmu\u015flard\u0131. Her zaman birlikteydiler. Onlar art\u0131k ayr\u0131lmaz ikiliydi!Ama bir g\u00fcn Pamuk, \u0131rmaktan atlama oyununu Sincap\u2018la oynamay\u0131 tercih etti, sonra da ortadan kayboldu.Topak, buna \u00e7ok \u015fa\u015f\u0131rd\u0131. Acaba arkada\u015f\u0131 neredeydi?<\/p>\n","protected":false},"excerpt":{"rendered":"<p>Pamuk ile Topak birbirlerinin en iyi arkada\u015f\u0131 olmu\u015flard\u0131. Her zaman birlikteydiler. Onlar art\u0131k ayr\u0131lmaz ikiliydi!Ama bir g\u00fcn Pamuk, \u0131rmaktan atlama oyununu Sincap\u2018la oynamay\u0131 tercih etti, sonra<span class=\"excerpt-hellip\"> [\u2026]<\/span><\/p>\n","protected":false},"featured_media":0,"template":"","meta":{"_monsterinsights_skip_tracking":false,"_monsterinsights_sitenote_active":false,"_monsterinsights_sitenote_note":"","_monsterinsights_sitenote_category":0},"product_brand":[],"product_cat":[12913,12274],"product_tag":[],"class_list":{"0":"post-716803","1":"product","2":"type-product","3":"status-publish","5":"product_cat-3-6-yas-kitaplari","6":"product_cat-cocuk-ve-genclik-kitaplari","7":"pa_cilt-ciltsiz","8":"pa_tur-kitap","9":"pa_yayinevi-is-bankasi-kultur-yayinlari","10":"pa_yazar-michael-engler","12":"first","13":"instock","14":"sale","15":"shipping-taxable","16":"purchasable","17":"product-type-simple"},"_links":{"self":[{"href":"https:\/\/roveyayinevi.com.tr\/index.php\/wp-json\/wp\/v2\/product\/716803","targetHints":{"allow":["GET"]}}],"collection":[{"href":"https:\/\/roveyayinevi.com.tr\/index.php\/wp-json\/wp\/v2\/product"}],"about":[{"href":"https:\/\/roveyayinevi.com.tr\/index.php\/wp-json\/wp\/v2\/types\/product"}],"wp:attachment":[{"href":"https:\/\/roveyayinevi.com.tr\/index.php\/wp-json\/wp\/v2\/media?parent=716803"}],"wp:term":[{"taxonomy":"product_brand","embeddable":true,"href":"https:\/\/roveyayinevi.com.tr\/index.php\/wp-json\/wp\/v2\/product_brand?post=716803"},{"taxonomy":"product_cat","embeddable":true,"href":"https:\/\/roveyayinevi.com.tr\/index.php\/wp-json\/wp\/v2\/product_cat?post=716803"},{"taxonomy":"product_tag","embeddable":true,"href":"https:\/\/roveyayinevi.com.tr\/index.php\/wp-json\/wp\/v2\/product_tag?post=716803"}],"curies":[{"name":"wp","href":"https:\/\/api.w.org\/{rel}","templated":true}]}}