{"id":716802,"date":"2025-08-27T17:47:23","date_gmt":"2025-08-27T14:47:23","guid":{"rendered":"https:\/\/roveyayinevi.com.tr\/index.php\/urun\/karabasan-manastiri\/"},"modified":"2026-04-16T02:25:02","modified_gmt":"2026-04-15T23:25:02","slug":"karabasan-manastiri","status":"publish","type":"product","link":"https:\/\/roveyayinevi.com.tr\/index.php\/urun\/karabasan-manastiri\/","title":{"rendered":"Karabasan Manast\u0131r\u0131"},"content":{"rendered":"<p>Thomas Love Peacock (1785-1866): \u0130ngiliz \u015fair, denemeci, opera ele\u015ftirmeni ve roman yazar\u0131. \u00dcslubunun h\u00e2kim \u00f6zelli\u011fi hicivdir. Yazar en tan\u0131nm\u0131\u015f eseri olan Karabasan Manast\u0131r\u0131\u2019n\u0131 ilk kez 1818\u2019de yay\u0131mlam\u0131\u015f, 1837\u2019deki bas\u0131m\u0131nda baz\u0131 k\u00fc\u00e7\u00fck de\u011fi\u015fiklikler yapm\u0131\u015ft\u0131r. Eser roman olarak s\u0131n\u0131fland\u0131r\u0131lsa da Peacock\u2019\u0131n di\u011fer kitaplar\u0131 gibi deneme, oyun, \u015fiir ve roman t\u00fcrlerini harmanlayan farkl\u0131 bir yap\u0131ya sahiptir. Konu al\u0131\u015f\u0131lagelmi\u015f tarzda bir olay \u00f6rg\u00fcs\u00fcyle aktar\u0131lmam\u0131\u015ft\u0131r. Karakterler ger\u00e7ek ki\u015filerden \u00e7ok onlar\u0131n karikat\u00fcr\u00fc niteli\u011findedir. XIX. y\u00fczy\u0131l \u0130ngiliz Edebiyat\u0131\u2019nda kendine \u00f6zg\u00fc bir yere sahip olan Karabasan Manast\u0131r\u0131 ince bir mizahla derin bir d\u00fc\u015f\u00fcnce ve renkli bir d\u00fc\u015f g\u00fcc\u00fcn\u00fcn g\u00fcc\u00fcn\u00fcn \u00fcr\u00fcn\u00fcd\u00fcr.<\/p>\n","protected":false},"excerpt":{"rendered":"<p>Thomas Love Peacock (1785-1866): \u0130ngiliz \u015fair, denemeci, opera ele\u015ftirmeni ve roman yazar\u0131. \u00dcslubunun h\u00e2kim \u00f6zelli\u011fi hicivdir. Yazar en tan\u0131nm\u0131\u015f eseri olan Karabasan Manast\u0131r\u0131\u2019n\u0131 ilk kez 1818\u2019de<span class=\"excerpt-hellip\"> [\u2026]<\/span><\/p>\n","protected":false},"featured_media":0,"template":"","meta":{"_monsterinsights_skip_tracking":false,"_monsterinsights_sitenote_active":false,"_monsterinsights_sitenote_note":"","_monsterinsights_sitenote_category":0},"product_brand":[],"product_cat":[12291,12711],"product_tag":[],"class_list":{"0":"post-716802","1":"product","2":"type-product","3":"status-publish","5":"product_cat-edebiyat","6":"product_cat-roman-oyku","7":"pa_cilt-ciltsiz","8":"pa_tur-kitap","9":"pa_yayinevi-is-bankasi-kultur-yayinlari","10":"pa_yazar-thomas-love-peacock","12":"first","13":"instock","14":"sale","15":"shipping-taxable","16":"purchasable","17":"product-type-simple"},"_links":{"self":[{"href":"https:\/\/roveyayinevi.com.tr\/index.php\/wp-json\/wp\/v2\/product\/716802","targetHints":{"allow":["GET"]}}],"collection":[{"href":"https:\/\/roveyayinevi.com.tr\/index.php\/wp-json\/wp\/v2\/product"}],"about":[{"href":"https:\/\/roveyayinevi.com.tr\/index.php\/wp-json\/wp\/v2\/types\/product"}],"wp:attachment":[{"href":"https:\/\/roveyayinevi.com.tr\/index.php\/wp-json\/wp\/v2\/media?parent=716802"}],"wp:term":[{"taxonomy":"product_brand","embeddable":true,"href":"https:\/\/roveyayinevi.com.tr\/index.php\/wp-json\/wp\/v2\/product_brand?post=716802"},{"taxonomy":"product_cat","embeddable":true,"href":"https:\/\/roveyayinevi.com.tr\/index.php\/wp-json\/wp\/v2\/product_cat?post=716802"},{"taxonomy":"product_tag","embeddable":true,"href":"https:\/\/roveyayinevi.com.tr\/index.php\/wp-json\/wp\/v2\/product_tag?post=716802"}],"curies":[{"name":"wp","href":"https:\/\/api.w.org\/{rel}","templated":true}]}}