{"id":716801,"date":"2025-08-27T17:47:22","date_gmt":"2025-08-27T14:47:22","guid":{"rendered":"https:\/\/roveyayinevi.com.tr\/index.php\/urun\/meltem-ile-uras-renkleri-kesfediyor\/"},"modified":"2026-04-16T02:25:02","modified_gmt":"2026-04-15T23:25:02","slug":"meltem-ile-uras-renkleri-kesfediyor","status":"publish","type":"product","link":"https:\/\/roveyayinevi.com.tr\/index.php\/urun\/meltem-ile-uras-renkleri-kesfediyor\/","title":{"rendered":"Meltem ile Uras Renkleri Ke\u015ffediyor"},"content":{"rendered":"<p>Meltem ile Uras bah\u00e7ede bir bukalemun bulurlar. Meltem, ismi Alaca olan bukalemunun kay\u0131p ilan\u0131n\u0131 hat\u0131rlar. Uras, hemen hayvanat bah\u00e7esine telefon eder. Meltem\u2019le Uras, g\u00f6revli gelene kadar Alaca\u2019ya bir ev yapmaya karar verirler. Ancak Alaca, beklenmedik bir anda yine kaybolur. Acaba iki arkada\u015f Alaca\u2019y\u0131 vaktinde bulabilecekler mi?<\/p>\n","protected":false},"excerpt":{"rendered":"<p>Meltem ile Uras bah\u00e7ede bir bukalemun bulurlar. Meltem, ismi Alaca olan bukalemunun kay\u0131p ilan\u0131n\u0131 hat\u0131rlar. Uras, hemen hayvanat bah\u00e7esine telefon eder. Meltem\u2019le Uras, g\u00f6revli gelene kadar<span class=\"excerpt-hellip\"> [\u2026]<\/span><\/p>\n","protected":false},"featured_media":0,"template":"","meta":{"_monsterinsights_skip_tracking":false,"_monsterinsights_sitenote_active":false,"_monsterinsights_sitenote_note":"","_monsterinsights_sitenote_category":0},"product_brand":[],"product_cat":[12274,12518],"product_tag":[],"class_list":{"0":"post-716801","1":"product","2":"type-product","3":"status-publish","5":"product_cat-cocuk-ve-genclik-kitaplari","6":"product_cat-okul-oncesi-kitaplar","7":"pa_cilt-ciltsiz","8":"pa_tur-kitap","9":"pa_yayinevi-is-bankasi-kultur-yayinlari","10":"pa_yazar-maria-breuer","12":"first","13":"instock","14":"sale","15":"shipping-taxable","16":"purchasable","17":"product-type-simple"},"_links":{"self":[{"href":"https:\/\/roveyayinevi.com.tr\/index.php\/wp-json\/wp\/v2\/product\/716801","targetHints":{"allow":["GET"]}}],"collection":[{"href":"https:\/\/roveyayinevi.com.tr\/index.php\/wp-json\/wp\/v2\/product"}],"about":[{"href":"https:\/\/roveyayinevi.com.tr\/index.php\/wp-json\/wp\/v2\/types\/product"}],"wp:attachment":[{"href":"https:\/\/roveyayinevi.com.tr\/index.php\/wp-json\/wp\/v2\/media?parent=716801"}],"wp:term":[{"taxonomy":"product_brand","embeddable":true,"href":"https:\/\/roveyayinevi.com.tr\/index.php\/wp-json\/wp\/v2\/product_brand?post=716801"},{"taxonomy":"product_cat","embeddable":true,"href":"https:\/\/roveyayinevi.com.tr\/index.php\/wp-json\/wp\/v2\/product_cat?post=716801"},{"taxonomy":"product_tag","embeddable":true,"href":"https:\/\/roveyayinevi.com.tr\/index.php\/wp-json\/wp\/v2\/product_tag?post=716801"}],"curies":[{"name":"wp","href":"https:\/\/api.w.org\/{rel}","templated":true}]}}