{"id":716800,"date":"2025-08-27T17:47:21","date_gmt":"2025-08-27T14:47:21","guid":{"rendered":"https:\/\/roveyayinevi.com.tr\/index.php\/urun\/satrancla-hedefe-dogru\/"},"modified":"2026-04-16T02:25:02","modified_gmt":"2026-04-15T23:25:02","slug":"satrancla-hedefe-dogru","status":"publish","type":"product","link":"https:\/\/roveyayinevi.com.tr\/index.php\/urun\/satrancla-hedefe-dogru\/","title":{"rendered":"Satran\u00e7la Hedefe Do\u011fru"},"content":{"rendered":"<p>Ta\u015flar\u0131 geri \u00e7ekebilirsiniz ama piyonlar\u0131 asla .Dolay\u0131s\u0131yla piyon s\u00fcrerken iki kez d\u00fc\u015f\u00fcn\u00fcn.Michael SteanSantan\u00e7 ak\u0131lla oynan\u0131r ellere de\u011fil!Renaud ve Kahn &#8220;Santran\u00e7 tahtas\u0131nda t\u00fcm denizlerdekinden daha fazla macera vard\u0131r &#8220;Pierre Mac Orlan&#8221;E\u011fer rakibiniz berabere teklif ederse , niye k\u00f6t\u00fc durumda oldu\u011funu d\u00fc\u015f\u00fcnd\u00fc\u011f\u00fcn\u00fc anlamaya \u00e7al\u0131\u015f\u0131n&#8221;Nigel Short&#8221;Tek bir k\u00f6t\u00fc hamle k\u0131rk iyi hamleyi bo\u015fa \u00e7\u0131kar\u0131r&#8221;Horowitz&#8221;Santran\u00e7 tahtas\u0131 insan zihninin jimnastik salonudur&#8221;Pascal&#8221;Santran\u00e7 tahtas\u0131nda yalan ve iki y\u00fczl\u00fcl\u00fck \u00e7ok fazla ya\u015fayamaz&#8221;Emanuel Lasker<\/p>\n","protected":false},"excerpt":{"rendered":"<p>Ta\u015flar\u0131 geri \u00e7ekebilirsiniz ama piyonlar\u0131 asla .Dolay\u0131s\u0131yla piyon s\u00fcrerken iki kez d\u00fc\u015f\u00fcn\u00fcn.Michael SteanSantan\u00e7 ak\u0131lla oynan\u0131r ellere de\u011fil!Renaud ve Kahn &#8220;Santran\u00e7 tahtas\u0131nda t\u00fcm denizlerdekinden daha fazla macera<span class=\"excerpt-hellip\"> [\u2026]<\/span><\/p>\n","protected":false},"featured_media":0,"template":"","meta":{"_monsterinsights_skip_tracking":false,"_monsterinsights_sitenote_active":false,"_monsterinsights_sitenote_note":"","_monsterinsights_sitenote_category":0},"product_brand":[],"product_cat":[12274,15842],"product_tag":[],"class_list":{"0":"post-716800","1":"product","2":"type-product","3":"status-publish","5":"product_cat-cocuk-ve-genclik-kitaplari","6":"product_cat-egitici-kitaplar","7":"pa_cilt-ciltsiz","8":"pa_tur-kitap","9":"pa_yayinevi-astana-yayinlari","10":"pa_yazar-senol-bulut","12":"first","13":"instock","14":"sale","15":"shipping-taxable","16":"purchasable","17":"product-type-simple"},"_links":{"self":[{"href":"https:\/\/roveyayinevi.com.tr\/index.php\/wp-json\/wp\/v2\/product\/716800","targetHints":{"allow":["GET"]}}],"collection":[{"href":"https:\/\/roveyayinevi.com.tr\/index.php\/wp-json\/wp\/v2\/product"}],"about":[{"href":"https:\/\/roveyayinevi.com.tr\/index.php\/wp-json\/wp\/v2\/types\/product"}],"wp:attachment":[{"href":"https:\/\/roveyayinevi.com.tr\/index.php\/wp-json\/wp\/v2\/media?parent=716800"}],"wp:term":[{"taxonomy":"product_brand","embeddable":true,"href":"https:\/\/roveyayinevi.com.tr\/index.php\/wp-json\/wp\/v2\/product_brand?post=716800"},{"taxonomy":"product_cat","embeddable":true,"href":"https:\/\/roveyayinevi.com.tr\/index.php\/wp-json\/wp\/v2\/product_cat?post=716800"},{"taxonomy":"product_tag","embeddable":true,"href":"https:\/\/roveyayinevi.com.tr\/index.php\/wp-json\/wp\/v2\/product_tag?post=716800"}],"curies":[{"name":"wp","href":"https:\/\/api.w.org\/{rel}","templated":true}]}}