{"id":716799,"date":"2025-08-27T17:47:21","date_gmt":"2025-08-27T14:47:21","guid":{"rendered":"https:\/\/roveyayinevi.com.tr\/index.php\/urun\/bana-hazir-misin-anne\/"},"modified":"2026-04-16T02:25:02","modified_gmt":"2026-04-15T23:25:02","slug":"bana-hazir-misin-anne","status":"publish","type":"product","link":"https:\/\/roveyayinevi.com.tr\/index.php\/urun\/bana-hazir-misin-anne\/","title":{"rendered":"Bana Haz\u0131r m\u0131s\u0131n Anne?"},"content":{"rendered":"<p>Ya\u015fam\u0131n\u0131n ilk dokuz ay\u0131n\u0131 anne karn\u0131n\u0131n g\u00fcvenli ortam\u0131nda ge\u00e7iren bir bebek, do\u011fdu\u011fu anda kendini, hi\u00e7 tan\u0131mad\u0131\u011f\u0131 bir d\u00fcnyada bulur. Bu d\u00fcnya ile g\u00fcvenli bir ili\u015fki kurmas\u0131 i\u00e7in, ki\u015fili\u011finin ve ruhsal yap\u0131s\u0131n\u0131n olu\u015ftu\u011fu ilk bir y\u0131l \u00e7ok \u00f6nemlidir. Bu \u00f6zel d\u00f6nemde anne, bebe\u011fine olabildi\u011fince ilgi ve \u015fefkat g\u00f6stermelidir. Sevildi\u011fini, istendi\u011fini ve be\u011fenildi\u011fini hisseden bebek, gelecekte mutlu ve huzurlu bir yeti\u015fkin olacakt\u0131r.Bana Haz\u0131r m\u0131s\u0131n Anne?, anne ve bebek aras\u0131na mesafe koyan g\u00fcn\u00fcm\u00fcz hayat\u0131n\u0131 sorguluyor, ebeveynlere dayat\u0131lan pek \u00e7ok g\u00f6r\u00fc\u015f\u00fcn asl\u0131nda do\u011fru olmad\u0131\u011f\u0131n\u0131, anne-bebek ili\u015fkisinde \u2018eskiye\u2019 d\u00f6nmenin bebek i\u00e7in \u00e7ok daha sa\u011fl\u0131kl\u0131 sonu\u00e7lar do\u011furaca\u011f\u0131n\u0131 savunuyor.<\/p>\n","protected":false},"excerpt":{"rendered":"<p>Ya\u015fam\u0131n\u0131n ilk dokuz ay\u0131n\u0131 anne karn\u0131n\u0131n g\u00fcvenli ortam\u0131nda ge\u00e7iren bir bebek, do\u011fdu\u011fu anda kendini, hi\u00e7 tan\u0131mad\u0131\u011f\u0131 bir d\u00fcnyada bulur. Bu d\u00fcnya ile g\u00fcvenli bir ili\u015fki kurmas\u0131<span class=\"excerpt-hellip\"> [\u2026]<\/span><\/p>\n","protected":false},"featured_media":0,"template":"","meta":{"_monsterinsights_skip_tracking":false,"_monsterinsights_sitenote_active":false,"_monsterinsights_sitenote_note":"","_monsterinsights_sitenote_category":0},"product_brand":[],"product_cat":[12831,12324],"product_tag":[],"class_list":{"0":"post-716799","1":"product","2":"type-product","3":"status-publish","5":"product_cat-aile-ve-cocuk","6":"product_cat-sosyoloji","7":"pa_cilt-ciltsiz","8":"pa_tur-kitap","9":"pa_yayinevi-remzi-kitabevi","10":"pa_yazar-sirin-seckin-gokhan-oral","12":"first","13":"instock","14":"sale","15":"shipping-taxable","16":"purchasable","17":"product-type-simple"},"_links":{"self":[{"href":"https:\/\/roveyayinevi.com.tr\/index.php\/wp-json\/wp\/v2\/product\/716799","targetHints":{"allow":["GET"]}}],"collection":[{"href":"https:\/\/roveyayinevi.com.tr\/index.php\/wp-json\/wp\/v2\/product"}],"about":[{"href":"https:\/\/roveyayinevi.com.tr\/index.php\/wp-json\/wp\/v2\/types\/product"}],"wp:attachment":[{"href":"https:\/\/roveyayinevi.com.tr\/index.php\/wp-json\/wp\/v2\/media?parent=716799"}],"wp:term":[{"taxonomy":"product_brand","embeddable":true,"href":"https:\/\/roveyayinevi.com.tr\/index.php\/wp-json\/wp\/v2\/product_brand?post=716799"},{"taxonomy":"product_cat","embeddable":true,"href":"https:\/\/roveyayinevi.com.tr\/index.php\/wp-json\/wp\/v2\/product_cat?post=716799"},{"taxonomy":"product_tag","embeddable":true,"href":"https:\/\/roveyayinevi.com.tr\/index.php\/wp-json\/wp\/v2\/product_tag?post=716799"}],"curies":[{"name":"wp","href":"https:\/\/api.w.org\/{rel}","templated":true}]}}