{"id":716796,"date":"2025-08-27T17:47:19","date_gmt":"2025-08-27T14:47:19","guid":{"rendered":"https:\/\/roveyayinevi.com.tr\/index.php\/urun\/islam-ceza-hukukunda-suc-ceza-dengesi\/"},"modified":"2026-04-16T02:25:02","modified_gmt":"2026-04-15T23:25:02","slug":"islam-ceza-hukukunda-suc-ceza-dengesi","status":"publish","type":"product","link":"https:\/\/roveyayinevi.com.tr\/index.php\/urun\/islam-ceza-hukukunda-suc-ceza-dengesi\/","title":{"rendered":"\u0130slam Ceza Hukukunda Su\u00e7 Ceza Dengesi"},"content":{"rendered":"<p>Su\u00e7-ceza dengesini ele alan bu ara\u015ft\u0131rmam\u0131z, bir giri\u015f ve \u00fc\u00e7 ana b\u00f6l\u00fcmden olu\u015fmu\u015f, giri\u015f b\u00f6l\u00fcm\u00fcnde; ara\u015ft\u0131rman\u0131n ismi, konusu, amac\u0131, metodu ve kaynaklar\u0131 ile \u0130sl\u00e2m ceza hukukunun k\u0131saca tan\u0131m\u0131, mahiyeti ve felsefesi i\u015flenmi\u015ftir.Birinci b\u00f6l\u00fcmdesu\u00e7  ceza dengesiyle yak\u0131ndan ili\u015fkisi olmas\u0131 ve konunun daha iyi anla\u015f\u0131labilmesi i\u00e7in su\u00e7 ve ceza kavramlar\u0131n\u0131n tan\u0131m\u0131, mahiyeti, \u00e7e\u015fitleri ve nitelikleri hakk\u0131nda \u00f6z bilgiler verilmi\u015ftir.\u0130kinci b\u00f6l\u00fcmdesu\u00e7-ceza dengesi prensibinin tan\u0131m\u0131 ve mahiyeti, denge kavram\u0131yla ayn\u0131 anlama gelen terimler, denge kavram\u0131n\u0131n tarih\u00ee arka plan\u0131, huk\u00fbk\u00ee dayana\u011f\u0131 ve su\u00e7-ceza dengesini belirleyen fakt\u00f6rler ele al\u0131nm\u0131\u015ft\u0131r.\u00dc\u00e7\u00fcnc\u00fc b\u00f6l\u00fcmde ise konunun ana g\u00f6vdesini olu\u015fturan ve su\u00e7lara \u00f6ng\u00f6r\u00fclen had, k\u0131sas, ta&#8217;z\u00eer, m\u00e2l\u00ee ve keff\u00e2ret cezalar\u0131ndaki denge konusu m\u00fcstakil ve ayr\u0131nt\u0131l\u0131 bir \u015fekilde gerek\u00e7eleriyle ele al\u0131nm\u0131\u015ft\u0131r. S\u00f6z konusu cezalar\u0131n her bir b\u00f6l\u00fcm\u00fcn\u00fcn sonunda genel de\u011ferlendirme yap\u0131lm\u0131\u015f, ula\u015f\u0131lan sonu\u00e7lar beyan edilmi\u015ftir. \u00c7al\u0131\u015fma sonucunda elde edilen bulgulara ve \u00f6nerilere de sonu\u00e7 k\u0131sm\u0131nda yer verilmi\u015ftir.<\/p>\n","protected":false},"excerpt":{"rendered":"<p>Su\u00e7-ceza dengesini ele alan bu ara\u015ft\u0131rmam\u0131z, bir giri\u015f ve \u00fc\u00e7 ana b\u00f6l\u00fcmden olu\u015fmu\u015f, giri\u015f b\u00f6l\u00fcm\u00fcnde; ara\u015ft\u0131rman\u0131n ismi, konusu, amac\u0131, metodu ve kaynaklar\u0131 ile \u0130sl\u00e2m ceza hukukunun<span class=\"excerpt-hellip\"> [\u2026]<\/span><\/p>\n","protected":false},"featured_media":0,"template":"","meta":{"_monsterinsights_skip_tracking":false,"_monsterinsights_sitenote_active":false,"_monsterinsights_sitenote_note":"","_monsterinsights_sitenote_category":0},"product_brand":[],"product_cat":[15350,17602],"product_tag":[],"class_list":{"0":"post-716796","1":"product","2":"type-product","3":"status-publish","5":"product_cat-hukuk","6":"product_cat-hukuk-uzerine","7":"pa_cilt-ciltsiz","8":"pa_tur-kitap","9":"pa_yayinevi-astana-yayinlari","10":"pa_yazar-murat-polat","12":"first","13":"instock","14":"sale","15":"shipping-taxable","16":"purchasable","17":"product-type-simple"},"_links":{"self":[{"href":"https:\/\/roveyayinevi.com.tr\/index.php\/wp-json\/wp\/v2\/product\/716796","targetHints":{"allow":["GET"]}}],"collection":[{"href":"https:\/\/roveyayinevi.com.tr\/index.php\/wp-json\/wp\/v2\/product"}],"about":[{"href":"https:\/\/roveyayinevi.com.tr\/index.php\/wp-json\/wp\/v2\/types\/product"}],"wp:attachment":[{"href":"https:\/\/roveyayinevi.com.tr\/index.php\/wp-json\/wp\/v2\/media?parent=716796"}],"wp:term":[{"taxonomy":"product_brand","embeddable":true,"href":"https:\/\/roveyayinevi.com.tr\/index.php\/wp-json\/wp\/v2\/product_brand?post=716796"},{"taxonomy":"product_cat","embeddable":true,"href":"https:\/\/roveyayinevi.com.tr\/index.php\/wp-json\/wp\/v2\/product_cat?post=716796"},{"taxonomy":"product_tag","embeddable":true,"href":"https:\/\/roveyayinevi.com.tr\/index.php\/wp-json\/wp\/v2\/product_tag?post=716796"}],"curies":[{"name":"wp","href":"https:\/\/api.w.org\/{rel}","templated":true}]}}