{"id":716795,"date":"2025-08-27T17:47:18","date_gmt":"2025-08-27T14:47:18","guid":{"rendered":"https:\/\/roveyayinevi.com.tr\/index.php\/urun\/erkeklerin-ic-sesi\/"},"modified":"2026-04-16T02:25:02","modified_gmt":"2026-04-15T23:25:02","slug":"erkeklerin-ic-sesi","status":"publish","type":"product","link":"https:\/\/roveyayinevi.com.tr\/index.php\/urun\/erkeklerin-ic-sesi\/","title":{"rendered":"Erkeklerin \u0130\u00e7 Sesi"},"content":{"rendered":"<p>Bir c\u00fcmlenizle k\u0131r\u0131lan, bir c\u00fcmlenizle yelkenleri suya indiren, bir c\u00fcmlenizle affeden adam de\u011filim ben art\u0131k. Yoruldum. Her \u015feyi ge\u00e7i\u015ftirmek, sadece g\u00fclmek istiyorum. Bir zamanlar hayat\u0131n getirdig\u0306i her s\u0327eyin \u00fczerine iyi ya da k\u00f6t\u00fc daha \u00e7ok kafa yorard\u0131m. Uykular\u0131m ka\u00e7ard\u0131 d\u00fcs\u0327\u00fcnmekten. An\u0131 yakalayamazd\u0131m. En mutlu olmam gereken anda bile, ya ge\u00e7mis\u0327 i\u00e7in \u00fcz\u00fcl\u00fcr, ya gelecek i\u00e7in kayg\u0131lan\u0131yor olurdum. Bu saatten sonra kendimi yormayacag\u0306\u0131m hi\u00e7. G\u00fcl\u00fcp ge\u00e7eceg\u0306im. B\u00f6yle tertemiz delirdim is\u0327te, sizi de beklerim, buras\u0131 \u00e7ok eg\u0306lenceli&#8230;   T\u00fcrkiye\u2019nin en \u00e7ok takip edilen fenomeni\u00c7a\u011fr\u0131 Taner\u2019den, bilinen ama adland\u0131r\u0131lamayan, hissedilen ama dile d\u00f6k\u00fclemeyen, yan\u0131m\u0131zda olan ama y\u00fczle\u015filemeyen ne varsa, hayat\u0131m\u0131za, sustuklar\u0131m\u0131za, anlatamad\u0131klar\u0131m\u0131za dair i\u00e7ten, duru bir sesleni\u015f. Bir erke\u011fin i\u00e7inden, sadece erkeklere de\u011fil, hepimize\u2026 <\/p>\n","protected":false},"excerpt":{"rendered":"<p>Bir c\u00fcmlenizle k\u0131r\u0131lan, bir c\u00fcmlenizle yelkenleri suya indiren, bir c\u00fcmlenizle affeden adam de\u011filim ben art\u0131k. Yoruldum. Her \u015feyi ge\u00e7i\u015ftirmek, sadece g\u00fclmek istiyorum. Bir zamanlar hayat\u0131n getirdig\u0306i<span class=\"excerpt-hellip\"> [\u2026]<\/span><\/p>\n","protected":false},"featured_media":0,"template":"","meta":{"_monsterinsights_skip_tracking":false,"_monsterinsights_sitenote_active":false,"_monsterinsights_sitenote_note":"","_monsterinsights_sitenote_category":0},"product_brand":[],"product_cat":[12777,12291],"product_tag":[],"class_list":{"0":"post-716795","1":"product","2":"type-product","3":"status-publish","5":"product_cat-deneme","6":"product_cat-edebiyat","7":"pa_cilt-ciltsiz","8":"pa_tur-kitap","9":"pa_yayinevi-hayykitap","10":"pa_yazar-cagri-taner","12":"first","13":"instock","14":"sale","15":"shipping-taxable","16":"purchasable","17":"product-type-simple"},"_links":{"self":[{"href":"https:\/\/roveyayinevi.com.tr\/index.php\/wp-json\/wp\/v2\/product\/716795","targetHints":{"allow":["GET"]}}],"collection":[{"href":"https:\/\/roveyayinevi.com.tr\/index.php\/wp-json\/wp\/v2\/product"}],"about":[{"href":"https:\/\/roveyayinevi.com.tr\/index.php\/wp-json\/wp\/v2\/types\/product"}],"wp:attachment":[{"href":"https:\/\/roveyayinevi.com.tr\/index.php\/wp-json\/wp\/v2\/media?parent=716795"}],"wp:term":[{"taxonomy":"product_brand","embeddable":true,"href":"https:\/\/roveyayinevi.com.tr\/index.php\/wp-json\/wp\/v2\/product_brand?post=716795"},{"taxonomy":"product_cat","embeddable":true,"href":"https:\/\/roveyayinevi.com.tr\/index.php\/wp-json\/wp\/v2\/product_cat?post=716795"},{"taxonomy":"product_tag","embeddable":true,"href":"https:\/\/roveyayinevi.com.tr\/index.php\/wp-json\/wp\/v2\/product_tag?post=716795"}],"curies":[{"name":"wp","href":"https:\/\/api.w.org\/{rel}","templated":true}]}}