{"id":716791,"date":"2025-08-27T17:47:16","date_gmt":"2025-08-27T14:47:16","guid":{"rendered":"https:\/\/roveyayinevi.com.tr\/index.php\/urun\/uyum-anahtari\/"},"modified":"2026-04-16T02:25:02","modified_gmt":"2026-04-15T23:25:02","slug":"uyum-anahtari","status":"publish","type":"product","link":"https:\/\/roveyayinevi.com.tr\/index.php\/urun\/uyum-anahtari\/","title":{"rendered":"Uyum Anahtar\u0131"},"content":{"rendered":"<p>Bu kitap, hep ayn\u0131 \u015feyleri ya\u015fad\u0131\u011f\u0131n\u0131 ve \u00e2deta bir ak\u0131nt\u0131ya kap\u0131ld\u0131\u011f\u0131n\u0131 d\u00fc\u015f\u00fcnenlere g\u00f6nderilen bir \u2018sal\u2019d\u0131r. Ya\u015fam\u0131nda tekrarlayan d\u00f6ng\u00fclere kap\u0131ld\u0131\u011f\u0131n\u0131 hissedenlere fayda yaratmak i\u00e7in kaleme al\u0131nd\u0131. \u015eimdikinden daha mutlu ve ba\u015far\u0131l\u0131 bir resmin hayalini kuranlar, Bu resme nas\u0131l ula\u015faca\u011f\u0131n\u0131 bilmeyenler, Ak\u0131nt\u0131n\u0131n g\u00fc\u00e7l\u00fc dalgalar\u0131na kar\u015f\u0131 koymak isteyenler, Mutlu ve ba\u015far\u0131l\u0131 olan; ama\u00e7lar\u0131 bu durumun s\u00fcreklili\u011fini sa\u011flamak olanlar, Bu kitap tam size g\u00f6re\u2026 <\/p>\n","protected":false},"excerpt":{"rendered":"<p>Bu kitap, hep ayn\u0131 \u015feyleri ya\u015fad\u0131\u011f\u0131n\u0131 ve \u00e2deta bir ak\u0131nt\u0131ya kap\u0131ld\u0131\u011f\u0131n\u0131 d\u00fc\u015f\u00fcnenlere g\u00f6nderilen bir \u2018sal\u2019d\u0131r. Ya\u015fam\u0131nda tekrarlayan d\u00f6ng\u00fclere kap\u0131ld\u0131\u011f\u0131n\u0131 hissedenlere fayda yaratmak i\u00e7in kaleme al\u0131nd\u0131. \u015eimdikinden<span class=\"excerpt-hellip\"> [\u2026]<\/span><\/p>\n","protected":false},"featured_media":0,"template":"","meta":{"_monsterinsights_skip_tracking":false,"_monsterinsights_sitenote_active":false,"_monsterinsights_sitenote_note":"","_monsterinsights_sitenote_category":0},"product_brand":[],"product_cat":[12364,12376],"product_tag":[],"class_list":{"0":"post-716791","1":"product","2":"type-product","3":"status-publish","5":"product_cat-genel-konular","6":"product_cat-kisisel-gelisim","7":"pa_cilt-ciltsiz","8":"pa_tur-kitap","9":"pa_yayinevi-sola-unitas","10":"pa_yazar-ilker-canbulut","12":"first","13":"instock","14":"sale","15":"shipping-taxable","16":"purchasable","17":"product-type-simple"},"_links":{"self":[{"href":"https:\/\/roveyayinevi.com.tr\/index.php\/wp-json\/wp\/v2\/product\/716791","targetHints":{"allow":["GET"]}}],"collection":[{"href":"https:\/\/roveyayinevi.com.tr\/index.php\/wp-json\/wp\/v2\/product"}],"about":[{"href":"https:\/\/roveyayinevi.com.tr\/index.php\/wp-json\/wp\/v2\/types\/product"}],"wp:attachment":[{"href":"https:\/\/roveyayinevi.com.tr\/index.php\/wp-json\/wp\/v2\/media?parent=716791"}],"wp:term":[{"taxonomy":"product_brand","embeddable":true,"href":"https:\/\/roveyayinevi.com.tr\/index.php\/wp-json\/wp\/v2\/product_brand?post=716791"},{"taxonomy":"product_cat","embeddable":true,"href":"https:\/\/roveyayinevi.com.tr\/index.php\/wp-json\/wp\/v2\/product_cat?post=716791"},{"taxonomy":"product_tag","embeddable":true,"href":"https:\/\/roveyayinevi.com.tr\/index.php\/wp-json\/wp\/v2\/product_tag?post=716791"}],"curies":[{"name":"wp","href":"https:\/\/api.w.org\/{rel}","templated":true}]}}