{"id":716789,"date":"2025-08-27T17:47:15","date_gmt":"2025-08-27T14:47:15","guid":{"rendered":"https:\/\/roveyayinevi.com.tr\/index.php\/urun\/birlikte-iyi-hissetmek-sorunlu-iliskileri-yoluna-koymanin-sirri\/"},"modified":"2026-04-16T02:25:02","modified_gmt":"2026-04-15T23:25:02","slug":"birlikte-iyi-hissetmek-sorunlu-iliskileri-yoluna-koymanin-sirri","status":"publish","type":"product","link":"https:\/\/roveyayinevi.com.tr\/index.php\/urun\/birlikte-iyi-hissetmek-sorunlu-iliskileri-yoluna-koymanin-sirri\/","title":{"rendered":"Birlikte \u0130yi Hissetmek Sorunlu \u0130li\u015fkileri Yoluna Koyman\u0131n S\u0131rr\u0131"},"content":{"rendered":"<p>Problemli ili\u015fkiler can yakar. \u00c7o\u011fumuz duygular\u0131m\u0131z\u0131 kendi de\u011ferimize, en az\u0131ndan bir k\u0131sm\u0131n\u0131 di\u011fer insanlarla olan ili\u015fkilerimize dayand\u0131r\u0131r\u0131z. \u00d6nemsedi\u011finiz biriyle tart\u0131\u015fmak ya da kavga etmek hi\u00e7 e\u011flenceli bir \u015fey de\u011fildir. Hi\u00e7 \u00f6nemsemedi\u011finiz biriyle kavga etmek bile, enerjinizi ve ne\u015fenizi t\u00fcketebilir. Di\u011fer insanlarla dostane, tatmink\u00e2r ili\u015fkiler isteriz ama genellikle tam tersi, d\u00fc\u015fmanl\u0131k, ac\u0131 g\u00fcvensizlikle kar\u015f\u0131la\u015f\u0131r\u0131z. Peki, bu neden oluyor? Neden iyi ge\u00e7inemiyoruz? \u0130yi Hissetmek kitab\u0131n\u0131n yazar\u0131ndan! 25 y\u0131ll\u0131k klinik tecr\u00fcbe ve 1000\u2019den fazla ki\u015fiyle yap\u0131lm\u0131\u015f ara\u015ft\u0131rmalara dayanan Birlikte \u0130yi Hissetmek, neden birbirimizle iyi ge\u00e7inemedi\u011fimiz \u00fczerine yepyeni bir teori sunuyor ve ili\u015fkilerin y\u00fcr\u00fcmesi i\u00e7in basit, g\u00fc\u00e7l\u00fc teknikler sa\u011fl\u0131yor. <\/p>\n","protected":false},"excerpt":{"rendered":"<p>Problemli ili\u015fkiler can yakar. \u00c7o\u011fumuz duygular\u0131m\u0131z\u0131 kendi de\u011ferimize, en az\u0131ndan bir k\u0131sm\u0131n\u0131 di\u011fer insanlarla olan ili\u015fkilerimize dayand\u0131r\u0131r\u0131z. \u00d6nemsedi\u011finiz biriyle tart\u0131\u015fmak ya da kavga etmek hi\u00e7 e\u011flenceli<span class=\"excerpt-hellip\"> [\u2026]<\/span><\/p>\n","protected":false},"featured_media":0,"template":"","meta":{"_monsterinsights_skip_tracking":false,"_monsterinsights_sitenote_active":false,"_monsterinsights_sitenote_note":"","_monsterinsights_sitenote_category":0},"product_brand":[],"product_cat":[12755,12357],"product_tag":[],"class_list":{"0":"post-716789","1":"product","2":"type-product","3":"status-publish","5":"product_cat-gelisim-psikolojisi","6":"product_cat-psikoloji","7":"pa_cilt-ciltsiz","8":"pa_tur-kitap","9":"pa_yayinevi-psikonet-yayinlari","10":"pa_yazar-david-burns","12":"first","13":"instock","14":"sale","15":"shipping-taxable","16":"purchasable","17":"product-type-simple"},"_links":{"self":[{"href":"https:\/\/roveyayinevi.com.tr\/index.php\/wp-json\/wp\/v2\/product\/716789","targetHints":{"allow":["GET"]}}],"collection":[{"href":"https:\/\/roveyayinevi.com.tr\/index.php\/wp-json\/wp\/v2\/product"}],"about":[{"href":"https:\/\/roveyayinevi.com.tr\/index.php\/wp-json\/wp\/v2\/types\/product"}],"wp:attachment":[{"href":"https:\/\/roveyayinevi.com.tr\/index.php\/wp-json\/wp\/v2\/media?parent=716789"}],"wp:term":[{"taxonomy":"product_brand","embeddable":true,"href":"https:\/\/roveyayinevi.com.tr\/index.php\/wp-json\/wp\/v2\/product_brand?post=716789"},{"taxonomy":"product_cat","embeddable":true,"href":"https:\/\/roveyayinevi.com.tr\/index.php\/wp-json\/wp\/v2\/product_cat?post=716789"},{"taxonomy":"product_tag","embeddable":true,"href":"https:\/\/roveyayinevi.com.tr\/index.php\/wp-json\/wp\/v2\/product_tag?post=716789"}],"curies":[{"name":"wp","href":"https:\/\/api.w.org\/{rel}","templated":true}]}}