{"id":716786,"date":"2025-08-27T17:47:12","date_gmt":"2025-08-27T14:47:12","guid":{"rendered":"https:\/\/roveyayinevi.com.tr\/index.php\/urun\/kiliclar-kenti\/"},"modified":"2026-04-16T02:25:02","modified_gmt":"2026-04-15T23:25:02","slug":"kiliclar-kenti","status":"publish","type":"product","link":"https:\/\/roveyayinevi.com.tr\/index.php\/urun\/kiliclar-kenti\/","title":{"rendered":"K\u0131l\u0131\u00e7lar Kenti"},"content":{"rendered":"<p>\u0130lahi Kentler serisi, ikinci kitab\u0131 K\u0131l\u0131\u00e7lar Kenti\u2019yle devam ediyor. Bir zamanlar Voortyashtan kenti \u00d6l\u00fcm ve Sava\u015f Tanr\u0131\u00e7as\u0131 Voortya\u2019n\u0131n g\u00fcc\u00fcne sahipti ve onlar bu g\u00fcc\u00fc bilinen d\u00fcnyay\u0131 boyunduruk alt\u0131na almak i\u00e7in kulland\u0131lar\u2026 ta ki \u0130lahlar\u0131, iki ulus aras\u0131nda t\u00fcm d\u00fcnyan\u0131n seyrini de\u011fi\u015ftirecek bir sava\u015f\u0131n ilk zayiat\u0131 olarak suikasta u\u011frayana dek. Bir zamanlar d\u00fcnyan\u0131n en b\u00fcy\u00fck ve en i\u015flek liman\u0131na sahip olan Voortyashtan, Voortya\u2019n\u0131n \u00f6l\u00fcm\u00fcyle hem liman\u0131n\u0131 hem de kentin b\u00fcy\u00fck k\u0131sm\u0131n\u0131 kaybetmi\u015fti. Voortyashtan\u2019\u0131n eski kabileleri, \u015fehirde huzuru sa\u011flamaya \u00e7al\u0131\u015fan Saypuri y\u00f6netimi ve burada yeni bir liman in\u015fa etmeye \u00e7al\u0131\u015fan yeni Dreyling \u00fclkesi aras\u0131nda k\u0131r\u0131lgan bir denge vard\u0131. Eski Bulikov vilayet valisi, sava\u015f kahraman\u0131 Turyin Mulaghesh, Bulikov\u2019da ya\u015fananlardan sonra emekli olmay\u0131 se\u00e7mi\u015fti. Fakat Shara Komayd\u2019\u0131n emriyle Voortyashtan\u2019a g\u00f6nderildi\u011fini \u00f6\u011frendi\u011finde hi\u00e7 de mutlu olmayacakt\u0131. Elinden hem emeklili\u011fi al\u0131nm\u0131\u015ft\u0131 hem de K\u0131ta\u2019n\u0131n en tehlikeli kentine gizli bir g\u00f6revle g\u00f6nderiliyordu. \u00dcstelik bir asker olarak de\u011fil, bir casus olarak. Mulaghesh\u2019in hayattan istedi\u011fi \u015feyse, \u00f6mr\u00fcn\u00fcn kalan\u0131n\u0131 sahil boyu kul\u00fcbesinde sarho\u015f bir halde ge\u00e7irmekti. Okyanusun derinliklerinde uyanan bir \u015feyler vard\u0131. Ve Turyin Mulaghesh\u2019in en istemedi\u011fi \u015fey \u00f6lm\u00fc\u015f ve g\u00f6m\u00fclm\u00fc\u015f olmas\u0131 gereken \u015feylerle bir kez daha y\u00fczle\u015fmekti. Fakat bu sefer bir se\u00e7me \u015fans\u0131 olmayacakt\u0131. <\/p>\n","protected":false},"excerpt":{"rendered":"<p>\u0130lahi Kentler serisi, ikinci kitab\u0131 K\u0131l\u0131\u00e7lar Kenti\u2019yle devam ediyor. Bir zamanlar Voortyashtan kenti \u00d6l\u00fcm ve Sava\u015f Tanr\u0131\u00e7as\u0131 Voortya\u2019n\u0131n g\u00fcc\u00fcne sahipti ve onlar bu g\u00fcc\u00fc bilinen d\u00fcnyay\u0131<span class=\"excerpt-hellip\"> [\u2026]<\/span><\/p>\n","protected":false},"featured_media":0,"template":"","meta":{"_monsterinsights_skip_tracking":false,"_monsterinsights_sitenote_active":false,"_monsterinsights_sitenote_note":"","_monsterinsights_sitenote_category":0},"product_brand":[],"product_cat":[12291,14777],"product_tag":[],"class_list":{"0":"post-716786","1":"product","2":"type-product","3":"status-publish","5":"product_cat-edebiyat","6":"product_cat-fantastik","7":"pa_cilt-ciltsiz","8":"pa_tur-kitap","9":"pa_yayinevi-ithaki-yayinlari","10":"pa_yazar-robert-jackson-bennettf","12":"first","13":"instock","14":"sale","15":"shipping-taxable","16":"purchasable","17":"product-type-simple"},"_links":{"self":[{"href":"https:\/\/roveyayinevi.com.tr\/index.php\/wp-json\/wp\/v2\/product\/716786","targetHints":{"allow":["GET"]}}],"collection":[{"href":"https:\/\/roveyayinevi.com.tr\/index.php\/wp-json\/wp\/v2\/product"}],"about":[{"href":"https:\/\/roveyayinevi.com.tr\/index.php\/wp-json\/wp\/v2\/types\/product"}],"wp:attachment":[{"href":"https:\/\/roveyayinevi.com.tr\/index.php\/wp-json\/wp\/v2\/media?parent=716786"}],"wp:term":[{"taxonomy":"product_brand","embeddable":true,"href":"https:\/\/roveyayinevi.com.tr\/index.php\/wp-json\/wp\/v2\/product_brand?post=716786"},{"taxonomy":"product_cat","embeddable":true,"href":"https:\/\/roveyayinevi.com.tr\/index.php\/wp-json\/wp\/v2\/product_cat?post=716786"},{"taxonomy":"product_tag","embeddable":true,"href":"https:\/\/roveyayinevi.com.tr\/index.php\/wp-json\/wp\/v2\/product_tag?post=716786"}],"curies":[{"name":"wp","href":"https:\/\/api.w.org\/{rel}","templated":true}]}}