{"id":716785,"date":"2025-08-27T17:47:12","date_gmt":"2025-08-27T14:47:12","guid":{"rendered":"https:\/\/roveyayinevi.com.tr\/index.php\/urun\/tanrilarin-tohumu\/"},"modified":"2026-04-16T02:25:01","modified_gmt":"2026-04-15T23:25:01","slug":"tanrilarin-tohumu","status":"publish","type":"product","link":"https:\/\/roveyayinevi.com.tr\/index.php\/urun\/tanrilarin-tohumu\/","title":{"rendered":"Tanr\u0131lar\u0131n Tohumu"},"content":{"rendered":"<p>\u201cE\u011fer Wells olmasayd\u0131, \u00e7a\u011fda\u015f bilimkurgu da olmazd\u0131.\u201d Kingsley Amis   \u201cGelece\u011fin, insanlar\u0131n hayal etti\u011fi gibi parlak olmayaca\u011f\u0131n\u0131 \u00f6ng\u00f6ren Wells\u2019i okumak, yapt\u0131\u011f\u0131m en iyi ke\u015fiflerden biriydi.\u201d George Orwell   H. G. Wells, bilimkurgunun atas\u0131, t\u00fcre ad\u0131n\u0131 alt\u0131n harflerle yazd\u0131rm\u0131\u015f en b\u00fcy\u00fck yazarlardan. Zaman Makinesi, G\u00f6r\u00fcnmez Adam, Doktor Moreau\u2019nun Adas\u0131 ve D\u00fcnyalar Sava\u015f\u0131 gibi eserleri ve d\u00fc\u015f\u00fcnceleriyle \u00e2deta zaman\u0131n \u00f6tesinden gelen bir yazar olan Wells, Tanr\u0131lar\u0131n Tohumu\u2019nda ters giden bilimsel geli\u015fmelerin, k\u0131r\u0131lgan bir \u0131rk olan insanl\u0131\u011f\u0131 nas\u0131l y\u0131k\u0131ma s\u00fcr\u00fckleyece\u011fini anlat\u0131yor.   Sevimsiz olduklar\u0131 s\u00f6ylenebilecek iki biliminsan\u0131 Profes\u00f6r Redwood ve Bay Bensington g\u00f6zden uzakta \u00e7al\u0131\u015fmalar\u0131n\u0131 s\u00fcrd\u00fcr\u00fcyorlard\u0131. Bu s\u0131rada ke\u015ffettikleri Herakleophorbia, nam\u0131 di\u011fer Devtohumu ile insan evrimindeki en b\u00fcy\u00fck geli\u015fmenin alt\u0131na imza att\u0131lar. Bu tohum sayesinde daha zeki, daha g\u00fc\u00e7l\u00fc s\u00fcper insanlar geli\u015ftirilebilecekti.   Ancak g\u00f6z ard\u0131 ettikleri bir \u015fey vard\u0131: Bilim, insanl\u0131\u011fa boyun e\u011fmeyecekti. Bu icat sayesinde insanlar ve hayvanlar kontrol\u00fcn \u00f6tesinde b\u00fcy\u00fcyecek, bu besini t\u00fcketen devler ile normal toplum aras\u0131na s\u0131n\u0131rlar \u00e7ekilecek ve bu farkl\u0131l\u0131\u011f\u0131n getirdi\u011fi kaos, insanl\u0131\u011f\u0131 yava\u015f yava\u015f ele ge\u00e7irecekti.   Wells\u2019in 1904 y\u0131l\u0131nda, yani geneti\u011fi de\u011fi\u015ftirilmi\u015f besinlerin t\u00fcketilmeye ba\u015flamas\u0131ndan uzun y\u0131llar \u00f6nce yazd\u0131\u011f\u0131 Tanr\u0131lar\u0131n Tohumu, bilimkurgunun g\u00fcn\u00fcm\u00fcz biliminin dahi kafa yordu\u011fu konulara de\u011finen gizli hazinelerinden biri. <\/p>\n","protected":false},"excerpt":{"rendered":"<p>\u201cE\u011fer Wells olmasayd\u0131, \u00e7a\u011fda\u015f bilimkurgu da olmazd\u0131.\u201d Kingsley Amis \u201cGelece\u011fin, insanlar\u0131n hayal etti\u011fi gibi parlak olmayaca\u011f\u0131n\u0131 \u00f6ng\u00f6ren Wells\u2019i okumak, yapt\u0131\u011f\u0131m en iyi ke\u015fiflerden biriydi.\u201d George Orwell<span class=\"excerpt-hellip\"> [\u2026]<\/span><\/p>\n","protected":false},"featured_media":0,"template":"","meta":{"_monsterinsights_skip_tracking":false,"_monsterinsights_sitenote_active":false,"_monsterinsights_sitenote_note":"","_monsterinsights_sitenote_category":0},"product_brand":[],"product_cat":[12291,14777],"product_tag":[],"class_list":{"0":"post-716785","1":"product","2":"type-product","3":"status-publish","5":"product_cat-edebiyat","6":"product_cat-fantastik","7":"pa_cilt-ciltsiz","8":"pa_tur-kitap","9":"pa_yayinevi-ithaki-yayinlari","10":"pa_yazar-herbert-george-wells","12":"first","13":"instock","14":"sale","15":"shipping-taxable","16":"purchasable","17":"product-type-simple"},"_links":{"self":[{"href":"https:\/\/roveyayinevi.com.tr\/index.php\/wp-json\/wp\/v2\/product\/716785","targetHints":{"allow":["GET"]}}],"collection":[{"href":"https:\/\/roveyayinevi.com.tr\/index.php\/wp-json\/wp\/v2\/product"}],"about":[{"href":"https:\/\/roveyayinevi.com.tr\/index.php\/wp-json\/wp\/v2\/types\/product"}],"wp:attachment":[{"href":"https:\/\/roveyayinevi.com.tr\/index.php\/wp-json\/wp\/v2\/media?parent=716785"}],"wp:term":[{"taxonomy":"product_brand","embeddable":true,"href":"https:\/\/roveyayinevi.com.tr\/index.php\/wp-json\/wp\/v2\/product_brand?post=716785"},{"taxonomy":"product_cat","embeddable":true,"href":"https:\/\/roveyayinevi.com.tr\/index.php\/wp-json\/wp\/v2\/product_cat?post=716785"},{"taxonomy":"product_tag","embeddable":true,"href":"https:\/\/roveyayinevi.com.tr\/index.php\/wp-json\/wp\/v2\/product_tag?post=716785"}],"curies":[{"name":"wp","href":"https:\/\/api.w.org\/{rel}","templated":true}]}}