{"id":716784,"date":"2025-08-27T17:47:11","date_gmt":"2025-08-27T14:47:11","guid":{"rendered":"https:\/\/roveyayinevi.com.tr\/index.php\/urun\/carol-gomulmeden\/"},"modified":"2026-04-16T02:25:01","modified_gmt":"2026-04-15T23:25:01","slug":"carol-gomulmeden","status":"publish","type":"product","link":"https:\/\/roveyayinevi.com.tr\/index.php\/urun\/carol-gomulmeden\/","title":{"rendered":"Carol G\u00f6m\u00fclmeden"},"content":{"rendered":"<p>Carol Evers&#8217;\u0131n karanl\u0131k bir s\u0131rr\u0131 vard\u0131. Bazen komaya giriyor ve komaya girdi\u011finde bir \u00f6l\u00fcden farks\u0131z oluyordu. Nabz\u0131 ve kalbi duruyor, nefes ald\u0131\u011f\u0131 belli olmasa da bilinci asla kapanm\u0131yordu. Ancak doktorlar bile onun \u00f6ld\u00fc\u011f\u00fcn\u00fc d\u00fc\u015f\u00fcn\u00fcyordu. Bu s\u0131rr\u0131 bilen iki ki\u015fiden biri olan ve ondan kurtulup servetine konmak isteyen kocas\u0131, Carol komaya girdi\u011finde onu diri diri mezara g\u00f6mmek i\u00e7in yapt\u0131\u011f\u0131 plan\u0131 hayata ge\u00e7irmeye koyulur. Komadaki Carol \u00e7evresinde olan her \u015feyi duyup hissederken, Harrows adl\u0131 kasabada cenaze haz\u0131rl\u0131klar\u0131 ba\u015flar. Bu s\u0131rr\u0131 bilen di\u011fer ki\u015fi, Carol&#8217;\u0131n eski sevgilisi, me\u015fhur kanun ka\u00e7a\u011f\u0131 James Moxie ise haberi ald\u0131\u011f\u0131nda Carol g\u00f6m\u00fclmeden Harrows\u2019a yeti\u015fmek i\u00e7in yola \u00e7\u0131kar. Tehlike ve gizemle dolu Yol&#8217;da yolculuk ederken eski d\u00fc\u015fmanlarla, \u00fcrk\u00fct\u00fcc\u00fc varl\u0131klarla ve pe\u015findeki kiral\u0131k katillerle ba\u015fa \u00e7\u0131kmak zorundad\u0131r.   \u201cFevkalade zekice yaz\u0131lm\u0131\u015f bir roman. \u00c7oktan kaybedilmi\u015f bir hayat\u0131 kurtarmak i\u00e7in yap\u0131lan tehlikeli bir yolculu\u011fu ve \u00f6l\u00fcm\u00fcn bazen sadece ba\u015flang\u0131\u00e7 oldu\u011funu anlatan bir eser.\u201d J. D. Barker, \u00c7oksatan D\u00f6rd\u00fcnc\u00fc Maymun \u2018un yazar\u0131 \u201cCarol G\u00f6m\u00fclmeden, hepimizin i\u00e7inde var olan tuhaf Bat\u0131&#8217;da cereyan eden bir Poe \u00f6yk\u00fcs\u00fc, roman sadece yeri yerinden oynatmakla kalm\u0131yor, yeri deliyor da. Bir tabutun s\u0131\u011faca\u011f\u0131 kadar.\u201d Stephen Graham Jones, Melezler\u2019in yazar\u0131 <\/p>\n","protected":false},"excerpt":{"rendered":"<p>Carol Evers&#8217;\u0131n karanl\u0131k bir s\u0131rr\u0131 vard\u0131. Bazen komaya giriyor ve komaya girdi\u011finde bir \u00f6l\u00fcden farks\u0131z oluyordu. Nabz\u0131 ve kalbi duruyor, nefes ald\u0131\u011f\u0131 belli olmasa da bilinci<span class=\"excerpt-hellip\"> [\u2026]<\/span><\/p>\n","protected":false},"featured_media":0,"template":"","meta":{"_monsterinsights_skip_tracking":false,"_monsterinsights_sitenote_active":false,"_monsterinsights_sitenote_note":"","_monsterinsights_sitenote_category":0},"product_brand":[],"product_cat":[12291,17033],"product_tag":[],"class_list":{"0":"post-716784","1":"product","2":"type-product","3":"status-publish","5":"product_cat-edebiyat","6":"product_cat-korku-gerilim","7":"pa_cilt-ciltsiz","8":"pa_tur-kitap","9":"pa_yayinevi-ithaki-yayinlari","10":"pa_yazar-josh-malerman","12":"first","13":"instock","14":"sale","15":"shipping-taxable","16":"purchasable","17":"product-type-simple"},"_links":{"self":[{"href":"https:\/\/roveyayinevi.com.tr\/index.php\/wp-json\/wp\/v2\/product\/716784","targetHints":{"allow":["GET"]}}],"collection":[{"href":"https:\/\/roveyayinevi.com.tr\/index.php\/wp-json\/wp\/v2\/product"}],"about":[{"href":"https:\/\/roveyayinevi.com.tr\/index.php\/wp-json\/wp\/v2\/types\/product"}],"wp:attachment":[{"href":"https:\/\/roveyayinevi.com.tr\/index.php\/wp-json\/wp\/v2\/media?parent=716784"}],"wp:term":[{"taxonomy":"product_brand","embeddable":true,"href":"https:\/\/roveyayinevi.com.tr\/index.php\/wp-json\/wp\/v2\/product_brand?post=716784"},{"taxonomy":"product_cat","embeddable":true,"href":"https:\/\/roveyayinevi.com.tr\/index.php\/wp-json\/wp\/v2\/product_cat?post=716784"},{"taxonomy":"product_tag","embeddable":true,"href":"https:\/\/roveyayinevi.com.tr\/index.php\/wp-json\/wp\/v2\/product_tag?post=716784"}],"curies":[{"name":"wp","href":"https:\/\/api.w.org\/{rel}","templated":true}]}}