{"id":716780,"date":"2025-08-27T17:47:08","date_gmt":"2025-08-27T14:47:08","guid":{"rendered":"https:\/\/roveyayinevi.com.tr\/index.php\/urun\/putlarin-alacakaranligi-ya-da-cekicle-felsefe-yapmanin-yollari\/"},"modified":"2026-04-16T02:25:01","modified_gmt":"2026-04-15T23:25:01","slug":"putlarin-alacakaranligi-ya-da-cekicle-felsefe-yapmanin-yollari","status":"publish","type":"product","link":"https:\/\/roveyayinevi.com.tr\/index.php\/urun\/putlarin-alacakaranligi-ya-da-cekicle-felsefe-yapmanin-yollari\/","title":{"rendered":"Putlar\u0131n Alacakaranl\u0131\u011f\u0131 Ya Da \u00c7eki\u00e7le Felsefe Yapman\u0131n Yollar\u0131"},"content":{"rendered":"<p>\u201cAhlaksal olgu diye bir \u015fey yoktur. Ahlaksal yarg\u0131 ile dinsel yarg\u0131n\u0131n ortak y\u00f6n\u00fc, ikisinin de asl\u0131nda olmayan ger\u00e7ekliklere inanmas\u0131d\u0131r. Ahlak, belli olaylar\u0131n bir yorumudur, daha kesin konu\u015fmak gerekirse, yanl\u0131\u015f bir yorumdur. Ahlaksal yarg\u0131 da dinsel yarg\u0131 gibi, ger\u00e7ek kavram\u0131n\u0131, ger\u00e7ek ile d\u00fc\u015fsel olan\u0131n ayr\u0131m\u0131n\u0131 hen\u00fcz i\u00e7ermeyen bir bilin\u00e7sizlik basama\u011f\u0131d\u0131r.\u201d Putlar\u0131n Alacakaranl\u0131\u011f\u0131, Nietzsche\u2019nin felsefesinin mikro bir yans\u0131mas\u0131d\u0131r. Filozofun 1888\u2019de k\u0131sa bir s\u00fcrede yaz\u0131p tamamlad\u0131\u011f\u0131 bu eser, Nietzsche\u2019yi t\u00fcm d\u00fc\u015f\u00fcnce hayat\u0131 boyunca me\u015fgul eden meselelerin yo\u011fun bir \u00f6zeti niteli\u011fini ta\u015f\u0131r. Aforizmadan denemeye geni\u015f bir \u00f6l\u00e7e\u011fe yay\u0131lan, bi\u00e7im ve \u00fcslup bak\u0131m\u0131ndan B\u00f6yle Buyurdu Zerd\u00fc\u015ft\u2019le benzerlik g\u00f6steren Putlar\u0131n Alacakaranl\u0131\u011f\u0131\u2019nda Nietzsche, hakikat kabul edilen de\u011fi\u015fmezlerin, putlar\u0131n sonunu m\u00fcjdeler. Nietzsche\u2019nin de dedi\u011fi gibi, \u201cBu k\u00fc\u00e7\u00fck kitap, b\u00fcy\u00fck bir sava\u015f ilan\u0131d\u0131r,\u201d do\u011fa, ak\u0131l ve ahlaktan bahsederken kendini kutsalla\u015ft\u0131ran b\u00fct\u00fcn putlara sava\u015f a\u00e7ar.  <\/p>\n","protected":false},"excerpt":{"rendered":"<p>\u201cAhlaksal olgu diye bir \u015fey yoktur. Ahlaksal yarg\u0131 ile dinsel yarg\u0131n\u0131n ortak y\u00f6n\u00fc, ikisinin de asl\u0131nda olmayan ger\u00e7ekliklere inanmas\u0131d\u0131r. Ahlak, belli olaylar\u0131n bir yorumudur, daha kesin<span class=\"excerpt-hellip\"> [\u2026]<\/span><\/p>\n","protected":false},"featured_media":0,"template":"","meta":{"_monsterinsights_skip_tracking":false,"_monsterinsights_sitenote_active":false,"_monsterinsights_sitenote_note":"","_monsterinsights_sitenote_category":0},"product_brand":[],"product_cat":[12777,12291],"product_tag":[],"class_list":{"0":"post-716780","1":"product","2":"type-product","3":"status-publish","5":"product_cat-deneme","6":"product_cat-edebiyat","7":"pa_cilt-ciltsiz","8":"pa_tur-kitap","9":"pa_yayinevi-can-yayinlari","10":"pa_yazar-friedrich-nietzsche","12":"first","13":"instock","14":"sale","15":"shipping-taxable","16":"purchasable","17":"product-type-simple"},"_links":{"self":[{"href":"https:\/\/roveyayinevi.com.tr\/index.php\/wp-json\/wp\/v2\/product\/716780","targetHints":{"allow":["GET"]}}],"collection":[{"href":"https:\/\/roveyayinevi.com.tr\/index.php\/wp-json\/wp\/v2\/product"}],"about":[{"href":"https:\/\/roveyayinevi.com.tr\/index.php\/wp-json\/wp\/v2\/types\/product"}],"wp:attachment":[{"href":"https:\/\/roveyayinevi.com.tr\/index.php\/wp-json\/wp\/v2\/media?parent=716780"}],"wp:term":[{"taxonomy":"product_brand","embeddable":true,"href":"https:\/\/roveyayinevi.com.tr\/index.php\/wp-json\/wp\/v2\/product_brand?post=716780"},{"taxonomy":"product_cat","embeddable":true,"href":"https:\/\/roveyayinevi.com.tr\/index.php\/wp-json\/wp\/v2\/product_cat?post=716780"},{"taxonomy":"product_tag","embeddable":true,"href":"https:\/\/roveyayinevi.com.tr\/index.php\/wp-json\/wp\/v2\/product_tag?post=716780"}],"curies":[{"name":"wp","href":"https:\/\/api.w.org\/{rel}","templated":true}]}}