{"id":716779,"date":"2025-08-27T17:47:08","date_gmt":"2025-08-27T14:47:08","guid":{"rendered":"https:\/\/roveyayinevi.com.tr\/index.php\/urun\/dunya-ile-devlet-arasinda-turk-muharriri-1930-1960\/"},"modified":"2026-04-16T02:25:01","modified_gmt":"2026-04-15T23:25:01","slug":"dunya-ile-devlet-arasinda-turk-muharriri-1930-1960","status":"publish","type":"product","link":"https:\/\/roveyayinevi.com.tr\/index.php\/urun\/dunya-ile-devlet-arasinda-turk-muharriri-1930-1960\/","title":{"rendered":"D\u00fcnya ile Devlet Aras\u0131nda T\u00fcrk Muharriri 1930-1960"},"content":{"rendered":"<p>Tuncay Birkan b\u00fcy\u00fck bir eme\u011fin \u00fcr\u00fcn\u00fc olan kitab\u0131nda 1930-1960 y\u0131llar\u0131 aras\u0131 \u00e7\u0131kan gazete ve dergileri tarayarak, kitapla\u015fmadan, okura sunulmadan kalm\u0131\u015f sat\u0131rlar aras\u0131nda gezerek Cumhuriyetin erken d\u00f6nemlerinde Refik Halid, Peyami Safa, Halide Edip, Necip Faz\u0131l, Nahid S\u0131rr\u0131, Nurullah Ata\u00e7, Sabiha Sertel gibi yazarlar\u0131n devlet ve piyasa kar\u015f\u0131s\u0131ndaki tutumlar\u0131n\u0131 ortaya koyuyor.   \u201cEdebiyatta, sanatta, bilimde, d\u00fc\u015f\u00fcncede, yanl\u0131\u015f veya eksik \u00f6nc\u00fcllerden yola \u00e7\u0131km\u0131\u015f olsalar da, bir \u015feyler kurmaya, kurulan\u0131 daha insani hale getirmeye \u00e7al\u0131\u015fm\u0131\u015f, i\u00e7lerinde hakikaten memleket sevgisi olan\u201d bu insanlar\u0131n, \u201cd\u00fcne kadar memleketin tek h\u00e2kimi oldu\u011fu iddia edilen \u2018\u0130ttihat\u00e7\u0131-Kemalist zihniyet\u2019 denen asli akt\u00f6r\u00fcn fig\u00fcranlar\u0131 derekesine d\u00fc\u015f\u00fcr\u00fclemeyecek kadar karma\u015f\u0131k tepkileri, arzular\u0131, hayalleri, kanaatleri, fikirleri ve toplumsal ba\u011fl\u0131l\u0131klar\u0131\u201d oldu\u011funu hat\u0131rlat\u0131yor bize. \u201cGe\u00e7mi\u015f, olgulardan olu\u015fan statik ve tamamlanm\u0131\u015f bir tablo de\u011fil, hem olgular\u0131 hem de olgulara dair yorumlar\u0131 i\u00e7eren, belli perspektiflerden, belli de\u011fer yarg\u0131lar\u0131n\u0131 \u00f6ne \u00e7\u0131kararak bak\u0131ld\u0131k\u00e7a s\u00fcrekli de\u011fi\u015fen ve hep bir yerleri solukla\u015f\u0131p silindi\u011finden asla tamamlanamayacak hareketli bir resimdir. Ayn\u0131 \u015fey ge\u00e7mi\u015ften tevar\u00fcs edilen miras i\u00e7in de ge\u00e7erli,\u201d diyerek yola \u00e7\u0131kan Birkan, \u201cge\u00e7mi\u015fe bak\u0131\u015f\u0131m\u0131z\u0131 ta\u015fla\u015ft\u0131ran, orada sadece yeknesak bir \u00e7orakl\u0131k, devasa bir \u00e7\u00f6l g\u00f6ren toptanc\u0131 perspektiflerin hegemonyas\u0131n\u0131 sarsmay\u0131\u201d, \u201cyeni ku\u015fak okurlarda, kendi ac\u0131l\u0131 ve kasvetli tarihimizden i\u015flenebilecek bir miras\u0131n tohumlar\u0131n\u0131 bulma arzusunu k\u0131\u015fk\u0131rtmay\u0131\u201d hedefliyor. <\/p>\n","protected":false},"excerpt":{"rendered":"<p>Tuncay Birkan b\u00fcy\u00fck bir eme\u011fin \u00fcr\u00fcn\u00fc olan kitab\u0131nda 1930-1960 y\u0131llar\u0131 aras\u0131 \u00e7\u0131kan gazete ve dergileri tarayarak, kitapla\u015fmadan, okura sunulmadan kalm\u0131\u015f sat\u0131rlar aras\u0131nda gezerek Cumhuriyetin erken d\u00f6nemlerinde<span class=\"excerpt-hellip\"> [\u2026]<\/span><\/p>\n","protected":false},"featured_media":0,"template":"","meta":{"_monsterinsights_skip_tracking":false,"_monsterinsights_sitenote_active":false,"_monsterinsights_sitenote_note":"","_monsterinsights_sitenote_category":0},"product_brand":[],"product_cat":[12370,12304],"product_tag":[],"class_list":{"0":"post-716779","1":"product","2":"type-product","3":"status-publish","5":"product_cat-arastirma-inceleme","6":"product_cat-tarih","7":"pa_cilt-ciltsiz","8":"pa_tur-kitap","9":"pa_yayinevi-metis-yayinlari","10":"pa_yazar-tuncay-birkan","12":"first","13":"instock","14":"sale","15":"shipping-taxable","16":"purchasable","17":"product-type-simple"},"_links":{"self":[{"href":"https:\/\/roveyayinevi.com.tr\/index.php\/wp-json\/wp\/v2\/product\/716779","targetHints":{"allow":["GET"]}}],"collection":[{"href":"https:\/\/roveyayinevi.com.tr\/index.php\/wp-json\/wp\/v2\/product"}],"about":[{"href":"https:\/\/roveyayinevi.com.tr\/index.php\/wp-json\/wp\/v2\/types\/product"}],"wp:attachment":[{"href":"https:\/\/roveyayinevi.com.tr\/index.php\/wp-json\/wp\/v2\/media?parent=716779"}],"wp:term":[{"taxonomy":"product_brand","embeddable":true,"href":"https:\/\/roveyayinevi.com.tr\/index.php\/wp-json\/wp\/v2\/product_brand?post=716779"},{"taxonomy":"product_cat","embeddable":true,"href":"https:\/\/roveyayinevi.com.tr\/index.php\/wp-json\/wp\/v2\/product_cat?post=716779"},{"taxonomy":"product_tag","embeddable":true,"href":"https:\/\/roveyayinevi.com.tr\/index.php\/wp-json\/wp\/v2\/product_tag?post=716779"}],"curies":[{"name":"wp","href":"https:\/\/api.w.org\/{rel}","templated":true}]}}