{"id":716778,"date":"2025-08-27T17:47:07","date_gmt":"2025-08-27T14:47:07","guid":{"rendered":"https:\/\/roveyayinevi.com.tr\/index.php\/urun\/dunyanin-en-saskin-sovalyesinin-kayip-ve-cok-gizli-gunlugu-ciltli\/"},"modified":"2026-04-16T02:25:01","modified_gmt":"2026-04-15T23:25:01","slug":"dunyanin-en-saskin-sovalyesinin-kayip-ve-cok-gizli-gunlugu-ciltli","status":"publish","type":"product","link":"https:\/\/roveyayinevi.com.tr\/index.php\/urun\/dunyanin-en-saskin-sovalyesinin-kayip-ve-cok-gizli-gunlugu-ciltli\/","title":{"rendered":"D\u00fcnyan\u0131n En \u015ea\u015fk\u0131n \u015e\u00f6valyesinin Kay\u0131p ve \u00c7ok Gizli G\u00fcnl\u00fc\u011f\u00fc (Ciltli)"},"content":{"rendered":"<p>Bu yaz\u0131y\u0131 okudu\u011funuza g\u00f6re gizli g\u00fcnl\u00fc\u011f\u00fcm\u00fc bulmu\u015f olmal\u0131s\u0131n\u0131z. Art\u0131k kay\u0131p de\u011fil demek ki?  Bu g\u00fcnl\u00fck, kahramanca bir g\u00f6reve \u00e7\u0131kmam ve bu g\u00f6revden zaferle d\u00f6nmem hakk\u0131nda.   Ya Da&#8230; \u00d6yle Say\u0131l\u0131r Diyelim\u201cKay\u0131p ve \u00c7ok Gizli G\u00fcnl\u00fck\u201d serisiyle \u015fa\u015fk\u0131n insanlar\u0131n e\u011flenceli maceralar\u0131nakat\u0131lmaya ne dersiniz?   Acaba  i\u015fler daha da k\u00f6t\u00fcye gidebilir mi?!<\/p>\n","protected":false},"excerpt":{"rendered":"<p>Bu yaz\u0131y\u0131 okudu\u011funuza g\u00f6re gizli g\u00fcnl\u00fc\u011f\u00fcm\u00fc bulmu\u015f olmal\u0131s\u0131n\u0131z. Art\u0131k kay\u0131p de\u011fil demek ki? Bu g\u00fcnl\u00fck, kahramanca bir g\u00f6reve \u00e7\u0131kmam ve bu g\u00f6revden zaferle d\u00f6nmem hakk\u0131nda. Ya<span class=\"excerpt-hellip\"> [\u2026]<\/span><\/p>\n","protected":false},"featured_media":0,"template":"","meta":{"_monsterinsights_skip_tracking":false,"_monsterinsights_sitenote_active":false,"_monsterinsights_sitenote_note":"","_monsterinsights_sitenote_category":0},"product_brand":[],"product_cat":[12274,12284],"product_tag":[],"class_list":{"0":"post-716778","1":"product","2":"type-product","3":"status-publish","5":"product_cat-cocuk-ve-genclik-kitaplari","6":"product_cat-hikayeler","7":"pa_cilt-ciltli","8":"pa_tur-kitap","9":"pa_yayinevi-masalperest","10":"pa_yazar-tim-collins","12":"first","13":"instock","14":"sale","15":"shipping-taxable","16":"purchasable","17":"product-type-simple"},"_links":{"self":[{"href":"https:\/\/roveyayinevi.com.tr\/index.php\/wp-json\/wp\/v2\/product\/716778","targetHints":{"allow":["GET"]}}],"collection":[{"href":"https:\/\/roveyayinevi.com.tr\/index.php\/wp-json\/wp\/v2\/product"}],"about":[{"href":"https:\/\/roveyayinevi.com.tr\/index.php\/wp-json\/wp\/v2\/types\/product"}],"wp:attachment":[{"href":"https:\/\/roveyayinevi.com.tr\/index.php\/wp-json\/wp\/v2\/media?parent=716778"}],"wp:term":[{"taxonomy":"product_brand","embeddable":true,"href":"https:\/\/roveyayinevi.com.tr\/index.php\/wp-json\/wp\/v2\/product_brand?post=716778"},{"taxonomy":"product_cat","embeddable":true,"href":"https:\/\/roveyayinevi.com.tr\/index.php\/wp-json\/wp\/v2\/product_cat?post=716778"},{"taxonomy":"product_tag","embeddable":true,"href":"https:\/\/roveyayinevi.com.tr\/index.php\/wp-json\/wp\/v2\/product_tag?post=716778"}],"curies":[{"name":"wp","href":"https:\/\/api.w.org\/{rel}","templated":true}]}}