{"id":716777,"date":"2025-08-27T17:47:06","date_gmt":"2025-08-27T14:47:06","guid":{"rendered":"https:\/\/roveyayinevi.com.tr\/index.php\/urun\/kuyucakli-yusuf-7\/"},"modified":"2026-04-16T02:25:01","modified_gmt":"2026-04-15T23:25:01","slug":"kuyucakli-yusuf-7","status":"publish","type":"product","link":"https:\/\/roveyayinevi.com.tr\/index.php\/urun\/kuyucakli-yusuf-7\/","title":{"rendered":"Kuyucakl\u0131 Yusuf"},"content":{"rendered":"<p>Yusuf bir oraya, bir de \u00f6n\u00fcndeki toprak y\u0131\u011f\u0131n\u0131na bakt\u0131. Di\u015flerini ve yumruklar\u0131n\u0131 s\u0131kt\u0131, dudaklar\u0131n\u0131 \u0131s\u0131rd\u0131; buna ra\u011fmen g\u00f6zlerinden yanaklar\u0131na do\u011fru iri damlalar yuvarlanmaya ba\u015flad\u0131. Bu ya\u015flar b\u00fct\u00fcn manzaray\u0131 \u00f6rt\u00fcvermi\u015flerdi. Kollar\u0131n\u0131n yeni ile g\u00f6zlerini sildi. Hayvan\u0131na atlad\u0131. Bir kere daha d\u00f6n\u00fcp geriye bakt\u0131ktan ve \u00f6mr\u00fcn\u00fcn en korkun\u00e7 senelerinin ge\u00e7ti\u011fi bu kasabaya yumru\u011funu uzat\u0131p tehdit eder gibi sallad\u0131ktan sonra, at\u0131n\u0131 ileriye, da\u011flara do\u011fru s\u00fcrd\u00fc.   Sabahattin Ali\u2019nin ba\u015fyap\u0131t\u0131 kabul edilen Kuyucakl\u0131 Yusuf roman\u0131nda, ailesi e\u015fk\u0131yalar taraf\u0131ndan vah\u015fice katledilmi\u015f kimsesiz bir \u00e7ocu\u011fun hik\u00e2yesi anlat\u0131l\u0131r. Katliam\u0131 soru\u015fturmak i\u00e7in k\u00f6ye gelen kaymakam Sal\u00e2hattin Bey\u2019in evlat edindi\u011fi Yusuf\u2019u \u00e7ocuklu\u011fundan delikanl\u0131l\u0131k \u00e7a\u011f\u0131na kadar izleyen hik\u00e2ye, babas\u0131n\u0131n \u00f6l\u00fcm\u00fc ertesinde geli\u015fen ve gen\u00e7 adam\u0131 isyana s\u00fcr\u00fckleyen dramatik s\u00fcreci, dokular\u0131na kadar resmedilmi\u015f capcanl\u0131 bir kasaba manzaras\u0131 e\u015fli\u011finde ad\u0131m ad\u0131m i\u015fler. Yoksulla\u015fan ailenin i\u00e7ine d\u00fc\u015ft\u00fc\u011f\u00fc \u00e7aresizli\u011fi istismar eden n\u00fcfuzlu ki\u015filerin \u015fahs\u0131nda cisimle\u015fen \u201ck\u00f6t\u00fcl\u00fck\u201d ile imk\u00e2ns\u0131z bir a\u015fk\u0131n hayat kar\u015f\u0131s\u0131ndaki saf, tedirgin, gerilimli ikircimini simgeleyen \u201cerdem\u201d geni\u015f bir failler ve tan\u0131klar silsilesi \u00f6n\u00fcnde kar\u015f\u0131 kar\u015f\u0131ya gelir. Kahraman\u0131n kaderi ba\u015ftan yaz\u0131lm\u0131\u015ft\u0131r; baya\u011f\u0131l\u0131k ile erdemin, g\u00fc\u00e7l\u00fc ile g\u00fc\u00e7s\u00fcz\u00fcn \u00e7at\u0131\u015fmas\u0131nda g\u00fc\u00e7l\u00fcn\u00fcn zaferi ka\u00e7\u0131n\u0131lmazd\u0131r. Bu yazg\u0131y\u0131 de\u011fi\u015ftirecek yeg\u00e2ne eylemse g\u00fc\u00e7s\u00fcz\u00fcn isyan\u0131d\u0131r. Yusuf da yazg\u0131s\u0131n\u0131 isyan ederek de\u011fi\u015ftirecektir. Kasabadaki insan\u0131n yaln\u0131zl\u0131\u011f\u0131n\u0131 ve \u00e7aresizli\u011fini romantik \u00fcslup\u00e7ulu\u011fun ve kaba betimleyicili\u011fin tuza\u011f\u0131na d\u00fc\u015fmeden, maddi ve s\u0131n\u0131fsal arka planlar\u0131yla derinlikli bir psikolojik \u00e7\u00f6z\u00fcmlemenin konusu haline getiren Kuyucakl\u0131 Yusuf, bu \u00f6zelli\u011fiyle \u00e7a\u011fda\u015f\u0131 anlat\u0131lardan kesin \u00e7izgilerle ayr\u0131l\u0131r. Yazar\u0131n\u0131n trajik ki\u015fisel yazg\u0131s\u0131yla ilgili k\u00f6kl\u00fc ipu\u00e7lar\u0131 da bar\u0131nd\u0131ran devasa bir ger\u00e7ek\u00e7i fresk, kendisinden sonraki edebiyat\u0131n yol haritas\u0131n\u0131n bi\u00e7imleni\u015finde derin izler b\u0131rakm\u0131\u015f g\u00f6rkemli bir \u00f6nc\u00fc roman&#8230;  <\/p>\n","protected":false},"excerpt":{"rendered":"<p>Yusuf bir oraya, bir de \u00f6n\u00fcndeki toprak y\u0131\u011f\u0131n\u0131na bakt\u0131. Di\u015flerini ve yumruklar\u0131n\u0131 s\u0131kt\u0131, dudaklar\u0131n\u0131 \u0131s\u0131rd\u0131; buna ra\u011fmen g\u00f6zlerinden yanaklar\u0131na do\u011fru iri damlalar yuvarlanmaya ba\u015flad\u0131. Bu ya\u015flar<span class=\"excerpt-hellip\"> [\u2026]<\/span><\/p>\n","protected":false},"featured_media":0,"template":"","meta":{"_monsterinsights_skip_tracking":false,"_monsterinsights_sitenote_active":false,"_monsterinsights_sitenote_note":"","_monsterinsights_sitenote_category":0},"product_brand":[],"product_cat":[12291,12711],"product_tag":[],"class_list":{"0":"post-716777","1":"product","2":"type-product","3":"status-publish","5":"product_cat-edebiyat","6":"product_cat-roman-oyku","7":"pa_cilt-ciltsiz","8":"pa_tur-kitap","9":"pa_yayinevi-ayrinti-yayinlari","10":"pa_yazar-sabahattin-ali","12":"first","13":"instock","14":"sale","15":"shipping-taxable","16":"purchasable","17":"product-type-simple"},"_links":{"self":[{"href":"https:\/\/roveyayinevi.com.tr\/index.php\/wp-json\/wp\/v2\/product\/716777","targetHints":{"allow":["GET"]}}],"collection":[{"href":"https:\/\/roveyayinevi.com.tr\/index.php\/wp-json\/wp\/v2\/product"}],"about":[{"href":"https:\/\/roveyayinevi.com.tr\/index.php\/wp-json\/wp\/v2\/types\/product"}],"wp:attachment":[{"href":"https:\/\/roveyayinevi.com.tr\/index.php\/wp-json\/wp\/v2\/media?parent=716777"}],"wp:term":[{"taxonomy":"product_brand","embeddable":true,"href":"https:\/\/roveyayinevi.com.tr\/index.php\/wp-json\/wp\/v2\/product_brand?post=716777"},{"taxonomy":"product_cat","embeddable":true,"href":"https:\/\/roveyayinevi.com.tr\/index.php\/wp-json\/wp\/v2\/product_cat?post=716777"},{"taxonomy":"product_tag","embeddable":true,"href":"https:\/\/roveyayinevi.com.tr\/index.php\/wp-json\/wp\/v2\/product_tag?post=716777"}],"curies":[{"name":"wp","href":"https:\/\/api.w.org\/{rel}","templated":true}]}}