{"id":716772,"date":"2025-08-27T17:47:03","date_gmt":"2025-08-27T14:47:03","guid":{"rendered":"https:\/\/roveyayinevi.com.tr\/index.php\/urun\/ahadiyet-risalesi\/"},"modified":"2025-08-27T17:47:03","modified_gmt":"2025-08-27T14:47:03","slug":"ahadiyet-risalesi","status":"publish","type":"product","link":"https:\/\/roveyayinevi.com.tr\/index.php\/urun\/ahadiyet-risalesi\/","title":{"rendered":"Ahadiyet Risalesi"},"content":{"rendered":"<p>Elinizdeki eser; \u0130bn Arab\u00ee\u2019nin \u201cTevhid\u201d konusunu ele ald\u0131\u011f\u0131, k\u0131sa ama i\u00e7eri\u011fi olduk\u00e7a yo\u011fun bir eserdir. Bu nedenle eser de\u011fi\u015fik adlarla bir\u00e7ok kez T\u00fcrk\u00e7eye \u00e7evrilmi\u015ftir. Ris\u00e2lenin merkezinde Hz. Peygamber\u2019in zikretmi\u015f oldu\u011fu \u201cMen arefe nefsehu fegad arefe Rabbehu \/ Nefsini bilen Rabbini bilir\u201d hadisi vard\u0131r. \u0130bn Arab\u00ee, bu hadisten hareketle -\u00f6\u011frencisi ve evlatl\u0131\u011f\u0131 Konev\u00ee taraf\u0131ndan-\u201cvahdet-i v\u00fccut\u201d olarak adland\u0131r\u0131lan ve sistemle\u015ftirilen \u201cTevhid\u201d anlay\u0131\u015f\u0131n\u0131 derinlikli ve ufuk a\u00e7\u0131c\u0131 bir \u015fekilde i\u015flemi\u015ftir. Tasavvufta \u201cLa mevcude illa Hu \/ O\u2019ndan ba\u015fka varl\u0131k yoktur\u201d \u015feklinde ifade bulan nazariye \u0130bn Arab\u00ee\u2019nin bu ris\u00e2lesi ile tedvin olmu\u015f, tahkim bulmu\u015ftur. <\/p>\n","protected":false},"excerpt":{"rendered":"<p>Elinizdeki eser; \u0130bn Arab\u00ee\u2019nin \u201cTevhid\u201d konusunu ele ald\u0131\u011f\u0131, k\u0131sa ama i\u00e7eri\u011fi olduk\u00e7a yo\u011fun bir eserdir. Bu nedenle eser de\u011fi\u015fik adlarla bir\u00e7ok kez T\u00fcrk\u00e7eye \u00e7evrilmi\u015ftir. Ris\u00e2lenin merkezinde<span class=\"excerpt-hellip\"> [\u2026]<\/span><\/p>\n","protected":false},"featured_media":0,"template":"","meta":{"_monsterinsights_skip_tracking":false,"_monsterinsights_sitenote_active":false,"_monsterinsights_sitenote_note":"","_monsterinsights_sitenote_category":0},"product_brand":[],"product_cat":[12718,12719,12720],"product_tag":[],"class_list":{"0":"post-716772","1":"product","2":"type-product","3":"status-publish","5":"product_cat-din","6":"product_cat-islam","7":"product_cat-tasavvuf-mezhepler-tarikatlar","8":"pa_cilt-ciltsiz","9":"pa_tur-kitap","10":"pa_yayinevi-insan-yayinlari","11":"pa_yazar-ibnul-arabi","13":"first","14":"instock","15":"sale","16":"shipping-taxable","17":"purchasable","18":"product-type-simple"},"_links":{"self":[{"href":"https:\/\/roveyayinevi.com.tr\/index.php\/wp-json\/wp\/v2\/product\/716772","targetHints":{"allow":["GET"]}}],"collection":[{"href":"https:\/\/roveyayinevi.com.tr\/index.php\/wp-json\/wp\/v2\/product"}],"about":[{"href":"https:\/\/roveyayinevi.com.tr\/index.php\/wp-json\/wp\/v2\/types\/product"}],"wp:attachment":[{"href":"https:\/\/roveyayinevi.com.tr\/index.php\/wp-json\/wp\/v2\/media?parent=716772"}],"wp:term":[{"taxonomy":"product_brand","embeddable":true,"href":"https:\/\/roveyayinevi.com.tr\/index.php\/wp-json\/wp\/v2\/product_brand?post=716772"},{"taxonomy":"product_cat","embeddable":true,"href":"https:\/\/roveyayinevi.com.tr\/index.php\/wp-json\/wp\/v2\/product_cat?post=716772"},{"taxonomy":"product_tag","embeddable":true,"href":"https:\/\/roveyayinevi.com.tr\/index.php\/wp-json\/wp\/v2\/product_tag?post=716772"}],"curies":[{"name":"wp","href":"https:\/\/api.w.org\/{rel}","templated":true}]}}