{"id":716771,"date":"2025-08-27T17:47:03","date_gmt":"2025-08-27T14:47:03","guid":{"rendered":"https:\/\/roveyayinevi.com.tr\/index.php\/urun\/hur-fikirler-dergisi-ciltli\/"},"modified":"2026-04-16T02:25:01","modified_gmt":"2026-04-15T23:25:01","slug":"hur-fikirler-dergisi-ciltli","status":"publish","type":"product","link":"https:\/\/roveyayinevi.com.tr\/index.php\/urun\/hur-fikirler-dergisi-ciltli\/","title":{"rendered":"H\u00fcr Fikirler Dergisi (Ciltli)"},"content":{"rendered":"<p>\u201cDevrin totaliter rejim istidatlar\u0131 ve propaganda h\u00fccumlar\u0131 kar\u015f\u0131s\u0131nda iyi niyetli insanlar\u0131n birle\u015fmesi ve hak, h\u00fcrriyet m\u00fcdafaas\u0131 u\u011frunda tek bir fikir cephesi te\u015fkil etmesi bug\u00fcn art\u0131k meden\u00ee ve insan\u00ee bir vazife olmu\u015ftur. \u0130\u015fte \u201cH\u00fcr Fikirleri Yayma Cemiyeti\u201d bu vazifeyi yerine getirmek isteyen vatanda\u015flara bir hizmet kadrosu ve bir faaliyet muhiti olmak \u00fczere kurulmu\u015ftur.\u201dH\u00fcr Fikirleri Yayma Cemiyeti Beyannamesi, 1947Bek\u00e7i, gecenin neresindeyiz ?H\u00fcrriyetsizlik i\u00e7inde adalet aramak adaletsizlik i\u00e7inde saadet ummakt\u0131r.H\u00fcrriyeti diktat\u00f6r bile sever, fakat yaln\u0131z kendisi i\u00e7in.H\u00fcrriyeti sevipte m\u00fcdafadan \u00e7ekinen, \u0130stipdat alt\u0131nda onun hasretini duyar.Dile tahakk\u00fcm, hakikatte fikre ve vicdana tahakk\u00fcmd\u00fcr.Bu ise, tahakk\u00fcmlerin en a\u011f\u0131r\u0131d\u0131r.H\u00fcrriyet bir ki\u015finin de\u011fil, herkesin hakk\u0131d\u0131r. (H. Spencer)\u0130nsan h\u00fcr olmadan, mesut olamaz. (Dante)B\u00fct\u00fcn nimetler, hatta fazilet bile h\u00fcrriyetsiz hi\u00e7tir. (La Boetie)\u0130nsanlar\u0131 yaln\u0131z ve ancak adalet tatmin edebilir. (G. Emerson)Hayat gibi h\u00fcrriyete de, onu ancak herg\u00fcn fethetmek mecburiyetinde olanlar lay\u0131kt\u0131r. (Goethe)<\/p>\n","protected":false},"excerpt":{"rendered":"<p>\u201cDevrin totaliter rejim istidatlar\u0131 ve propaganda h\u00fccumlar\u0131 kar\u015f\u0131s\u0131nda iyi niyetli insanlar\u0131n birle\u015fmesi ve hak, h\u00fcrriyet m\u00fcdafaas\u0131 u\u011frunda tek bir fikir cephesi te\u015fkil etmesi bug\u00fcn art\u0131k meden\u00ee<span class=\"excerpt-hellip\"> [\u2026]<\/span><\/p>\n","protected":false},"featured_media":0,"template":"","meta":{"_monsterinsights_skip_tracking":false,"_monsterinsights_sitenote_active":false,"_monsterinsights_sitenote_note":"","_monsterinsights_sitenote_category":0},"product_brand":[],"product_cat":[13527,14356],"product_tag":[],"class_list":{"0":"post-716771","1":"product","2":"type-product","3":"status-publish","5":"product_cat-sureli-yayinlar","6":"product_cat-tarih-sureli-yayinlar","7":"pa_cilt-ciltli","8":"pa_tur-kitap","9":"pa_yayinevi-liberte-yayinlari","10":"pa_yazar-kollektif","12":"first","13":"instock","14":"sale","15":"shipping-taxable","16":"purchasable","17":"product-type-simple"},"_links":{"self":[{"href":"https:\/\/roveyayinevi.com.tr\/index.php\/wp-json\/wp\/v2\/product\/716771","targetHints":{"allow":["GET"]}}],"collection":[{"href":"https:\/\/roveyayinevi.com.tr\/index.php\/wp-json\/wp\/v2\/product"}],"about":[{"href":"https:\/\/roveyayinevi.com.tr\/index.php\/wp-json\/wp\/v2\/types\/product"}],"wp:attachment":[{"href":"https:\/\/roveyayinevi.com.tr\/index.php\/wp-json\/wp\/v2\/media?parent=716771"}],"wp:term":[{"taxonomy":"product_brand","embeddable":true,"href":"https:\/\/roveyayinevi.com.tr\/index.php\/wp-json\/wp\/v2\/product_brand?post=716771"},{"taxonomy":"product_cat","embeddable":true,"href":"https:\/\/roveyayinevi.com.tr\/index.php\/wp-json\/wp\/v2\/product_cat?post=716771"},{"taxonomy":"product_tag","embeddable":true,"href":"https:\/\/roveyayinevi.com.tr\/index.php\/wp-json\/wp\/v2\/product_tag?post=716771"}],"curies":[{"name":"wp","href":"https:\/\/api.w.org\/{rel}","templated":true}]}}