{"id":716767,"date":"2025-08-27T17:47:00","date_gmt":"2025-08-27T14:47:00","guid":{"rendered":"https:\/\/roveyayinevi.com.tr\/index.php\/urun\/kadizadeliler-sivasiler-tartismasi\/"},"modified":"2026-04-16T02:25:01","modified_gmt":"2026-04-15T23:25:01","slug":"kadizadeliler-sivasiler-tartismasi","status":"publish","type":"product","link":"https:\/\/roveyayinevi.com.tr\/index.php\/urun\/kadizadeliler-sivasiler-tartismasi\/","title":{"rendered":"Kad\u0131zadeliler Sivasiler Tart\u0131\u015fmas\u0131"},"content":{"rendered":"<p>17. y\u00fczy\u0131l, hem Osmanl\u0131 Devleti hem de d\u00fcnya tarihi a\u00e7\u0131s\u0131ndan bir\u00e7ok alanda zorluklar\u0131n ve aray\u0131\u015flar\u0131n ya\u015fand\u0131\u011f\u0131 \u00e7etin bir ge\u00e7i\u015f d\u00f6nemidir. Bu d\u00f6nemde, bir taraftan iktidar m\u00fccadeleleri devam ederken di\u011fer taraftan d\u00f6neme damga vuran Kad\u0131z\u00e2deliler ve Siv\u00e2s\u00eeler tart\u0131\u015fmas\u0131 ya\u015fanm\u0131\u015ft\u0131r. Tart\u0131\u015fma, toplumdaki bozukluklar\u0131n \u0131slah\u0131 ve bidatlerin kald\u0131r\u0131lmas\u0131 iddias\u0131 ile Kad\u0131z\u00e2de Mehmed taraf\u0131ndan ba\u015flat\u0131lm\u0131\u015ft\u0131r. Kad\u0131z\u00e2de\u2019nin bidatlerin m\u00fcsebbibi olarak sufileri g\u00f6rmesi ve onlar\u0131 su\u00e7lamas\u0131 sebebiyle d\u00f6nemin sufilerinden Abd\u00fclmec\u00eed Siv\u00e2s\u00ee ona cevap vermi\u015f ve b\u00f6ylece Kad\u0131z\u00e2deliler-Siv\u00e2s\u00eeler tart\u0131\u015fmas\u0131 ba\u015flam\u0131\u015ft\u0131r. Bu kitap, d\u00f6nemin siyasi olaylar\u0131n\u0131 analiz etmek ve bu tart\u0131\u015fmalar\u0131n toplumu nas\u0131l etkiledi\u011fini \u00f6\u011frenmek isteyenler i\u00e7in haz\u0131rlanm\u0131\u015ft\u0131r.<\/p>\n","protected":false},"excerpt":{"rendered":"<p>17. y\u00fczy\u0131l, hem Osmanl\u0131 Devleti hem de d\u00fcnya tarihi a\u00e7\u0131s\u0131ndan bir\u00e7ok alanda zorluklar\u0131n ve aray\u0131\u015flar\u0131n ya\u015fand\u0131\u011f\u0131 \u00e7etin bir ge\u00e7i\u015f d\u00f6nemidir. Bu d\u00f6nemde, bir taraftan iktidar m\u00fccadeleleri<span class=\"excerpt-hellip\"> [\u2026]<\/span><\/p>\n","protected":false},"featured_media":0,"template":"","meta":{"_monsterinsights_skip_tracking":false,"_monsterinsights_sitenote_active":false,"_monsterinsights_sitenote_note":"","_monsterinsights_sitenote_category":0},"product_brand":[],"product_cat":[13517,12304],"product_tag":[],"class_list":{"0":"post-716767","1":"product","2":"type-product","3":"status-publish","5":"product_cat-osmanli-tarihi","6":"product_cat-tarih","7":"pa_cilt-ciltsiz","8":"pa_tur-kitap","9":"pa_yayinevi-otto-yayinlari","10":"pa_yazar-ibrahim-baz","12":"first","13":"instock","14":"sale","15":"shipping-taxable","16":"purchasable","17":"product-type-simple"},"_links":{"self":[{"href":"https:\/\/roveyayinevi.com.tr\/index.php\/wp-json\/wp\/v2\/product\/716767","targetHints":{"allow":["GET"]}}],"collection":[{"href":"https:\/\/roveyayinevi.com.tr\/index.php\/wp-json\/wp\/v2\/product"}],"about":[{"href":"https:\/\/roveyayinevi.com.tr\/index.php\/wp-json\/wp\/v2\/types\/product"}],"wp:attachment":[{"href":"https:\/\/roveyayinevi.com.tr\/index.php\/wp-json\/wp\/v2\/media?parent=716767"}],"wp:term":[{"taxonomy":"product_brand","embeddable":true,"href":"https:\/\/roveyayinevi.com.tr\/index.php\/wp-json\/wp\/v2\/product_brand?post=716767"},{"taxonomy":"product_cat","embeddable":true,"href":"https:\/\/roveyayinevi.com.tr\/index.php\/wp-json\/wp\/v2\/product_cat?post=716767"},{"taxonomy":"product_tag","embeddable":true,"href":"https:\/\/roveyayinevi.com.tr\/index.php\/wp-json\/wp\/v2\/product_tag?post=716767"}],"curies":[{"name":"wp","href":"https:\/\/api.w.org\/{rel}","templated":true}]}}