{"id":716763,"date":"2025-08-27T17:46:58","date_gmt":"2025-08-27T14:46:58","guid":{"rendered":"https:\/\/roveyayinevi.com.tr\/index.php\/urun\/dogunun-ve-batinin-hakimleri-selcuklular\/"},"modified":"2026-04-16T02:25:01","modified_gmt":"2026-04-15T23:25:01","slug":"dogunun-ve-batinin-hakimleri-selcuklular","status":"publish","type":"product","link":"https:\/\/roveyayinevi.com.tr\/index.php\/urun\/dogunun-ve-batinin-hakimleri-selcuklular\/","title":{"rendered":"Do\u011funun ve Bat\u0131n\u0131n Hakimleri Sel\u00e7uklular"},"content":{"rendered":"<p>Sel\u00e7uklular\u0131n T\u00fcrk-\u0130slam tarihi i\u00e7erisindeki varl\u0131\u011f\u0131, Orta Asya\u2019dan Anadolu\u2019ya kadar uzanan T\u00fcrk devletler zincirinin halkalar\u0131n\u0131n tamamlanmas\u0131n\u0131 ve miras\u0131n aktar\u0131lmas\u0131n\u0131 sa\u011flam\u0131\u015ft\u0131r. T\u00fcrk-\u0130slam mefhumu Sel\u00e7uklular ile birlikte ger\u00e7ek manada v\u00fccut bulmu\u015ftur. Anadolu\u2019yu 75 sene i\u00e7inde T\u00fcrkiye yapan bu g\u00fc\u00e7, Osmanl\u0131\u2019n\u0131n Avrupa\u2019daki ilerleyi\u015finin de siyas\u00ee-asker\u00ee ve sosyo-k\u00fclt\u00fcrel zeminini haz\u0131rlam\u0131\u015ft\u0131r.Sel\u00e7uklular Cend\u2019den ba\u015flay\u0131p Konya\u2019da nihayet bulan tarihleri d\u00e2hilinde kazand\u0131klar\u0131 say\u0131s\u0131z b\u00fcy\u00fck zaferlerin yan\u0131nda T\u00fcrk ve D\u00fcnya tarihine y\u00f6n veren bir\u00e7ok h\u00fck\u00fcmdar ve devlet adam\u0131 yeti\u015ftirmi\u015flerdir.Bu kitapta, onlar\u0131n hatalar\u0131 ve sevaplar\u0131yla yapt\u0131klar\u0131 fiillerin kronoloji ile siyas\u00ee tarihin aras\u0131nda s\u0131k\u0131\u015fm\u0131\u015f b\u00f6l\u00fcmleri ele al\u0131nm\u0131\u015ft\u0131r. Burada hik\u00e2yeler \u015feklinde anlat\u0131lanlar Sel\u00e7uklu tarihinin i\u00e7erisinde bu tarihe renk katan, insanlara farkl\u0131 bak\u0131\u015f a\u00e7\u0131lar\u0131 sunabilecek, gidi\u015fata y\u00f6n veren ve hepsinden \u00f6nemlisi kaynaklarda aktar\u0131lan olaylardan derlenmi\u015ftir.<\/p>\n","protected":false},"excerpt":{"rendered":"<p>Sel\u00e7uklular\u0131n T\u00fcrk-\u0130slam tarihi i\u00e7erisindeki varl\u0131\u011f\u0131, Orta Asya\u2019dan Anadolu\u2019ya kadar uzanan T\u00fcrk devletler zincirinin halkalar\u0131n\u0131n tamamlanmas\u0131n\u0131 ve miras\u0131n aktar\u0131lmas\u0131n\u0131 sa\u011flam\u0131\u015ft\u0131r. T\u00fcrk-\u0130slam mefhumu Sel\u00e7uklular ile birlikte ger\u00e7ek manada<span class=\"excerpt-hellip\"> [\u2026]<\/span><\/p>\n","protected":false},"featured_media":0,"template":"","meta":{"_monsterinsights_skip_tracking":false,"_monsterinsights_sitenote_active":false,"_monsterinsights_sitenote_note":"","_monsterinsights_sitenote_category":0},"product_brand":[],"product_cat":[12370,12304],"product_tag":[],"class_list":{"0":"post-716763","1":"product","2":"type-product","3":"status-publish","5":"product_cat-arastirma-inceleme","6":"product_cat-tarih","7":"pa_cilt-ciltsiz","8":"pa_tur-kitap","9":"pa_yayinevi-yeditepe-yayinevi","10":"pa_yazar-aydin-usta","12":"first","13":"instock","14":"sale","15":"shipping-taxable","16":"purchasable","17":"product-type-simple"},"_links":{"self":[{"href":"https:\/\/roveyayinevi.com.tr\/index.php\/wp-json\/wp\/v2\/product\/716763","targetHints":{"allow":["GET"]}}],"collection":[{"href":"https:\/\/roveyayinevi.com.tr\/index.php\/wp-json\/wp\/v2\/product"}],"about":[{"href":"https:\/\/roveyayinevi.com.tr\/index.php\/wp-json\/wp\/v2\/types\/product"}],"wp:attachment":[{"href":"https:\/\/roveyayinevi.com.tr\/index.php\/wp-json\/wp\/v2\/media?parent=716763"}],"wp:term":[{"taxonomy":"product_brand","embeddable":true,"href":"https:\/\/roveyayinevi.com.tr\/index.php\/wp-json\/wp\/v2\/product_brand?post=716763"},{"taxonomy":"product_cat","embeddable":true,"href":"https:\/\/roveyayinevi.com.tr\/index.php\/wp-json\/wp\/v2\/product_cat?post=716763"},{"taxonomy":"product_tag","embeddable":true,"href":"https:\/\/roveyayinevi.com.tr\/index.php\/wp-json\/wp\/v2\/product_tag?post=716763"}],"curies":[{"name":"wp","href":"https:\/\/api.w.org\/{rel}","templated":true}]}}