{"id":716762,"date":"2025-08-27T17:46:58","date_gmt":"2025-08-27T14:46:58","guid":{"rendered":"https:\/\/roveyayinevi.com.tr\/index.php\/urun\/eski-yeni-ve-otesi\/"},"modified":"2026-04-16T02:25:01","modified_gmt":"2026-04-15T23:25:01","slug":"eski-yeni-ve-otesi","status":"publish","type":"product","link":"https:\/\/roveyayinevi.com.tr\/index.php\/urun\/eski-yeni-ve-otesi\/","title":{"rendered":"Eski , Yeni ve \u00d6tesi"},"content":{"rendered":"<p>Orhan \u015eaik G\u00f6kyay\u2019\u0131n \u00e7al\u0131\u015fmalar\u0131n\u0131n b\u00fcy\u00fck bir yek\u00fbnu onun T\u00fcrk k\u00fclt\u00fcr\u00fcn\u00fcn farkl\u0131 sahalar\u0131nda kaleme ald\u0131\u011f\u0131 makaleleridir. Hoca, k\u00fclt\u00fcr ve medeniyet tarihimizin \u00f6nemli \u015fah\u0131slar\u0131, eserleri ve devirleri hakk\u0131nda pek \u00e7ok yaz\u0131 kaleme alm\u0131\u015ft\u0131r. Okuyucu bu kitapta G\u00f6kyay\u2019\u0131n 22 makalesini bulacakt\u0131r. Bu makaleler G\u00f6kyay\u2019\u0131n b\u00fct\u00fcn \u00e7al\u0131\u015fmalar\u0131nda oldu\u011fu gibi bir nakka\u015f titizli\u011finde haz\u0131rlanm\u0131\u015f; edebiyat, k\u00fclt\u00fcr ve dil ba\u011flam\u0131nda bir b\u00fct\u00fcn olan T\u00fcrk medeniyetine ait farkl\u0131 sahalarda kaleme al\u0131nm\u0131\u015f yaz\u0131lard\u0131r.T\u00fcrk medeniyetinin her alan\u0131n\u0131 ince eleyip s\u0131k dokuyarak ele almaya \u00e7al\u0131\u015fan Orhan \u015eaik G\u00f6kyay, yaz\u0131lar\u0131yla edebiyat\u0131 bir b\u00fct\u00fcn olarak g\u00f6rmek gerekti\u011fini bu yaz\u0131lar\u0131nda anlat\u0131r. K\u00e2h \u201cBizim Yunus\u201d k\u00e2h \u0130stikl\u00e2l \u015fairimiz Mehmet \u00c2kif, onun inceleme alan\u0131na girer. Bazen de bakar\u0131z ki hoca XVI. yy.\u2019\u0131n \u00fcnl\u00fc sim\u00e2s\u0131 Gelibolulu \u00c2li \u00fczerine \u00e7al\u0131\u015f\u0131r, onu ve eserini bize anlat\u0131r. Bazen de d\u0131\u015far\u0131dan sadece bir kelime olarak g\u00f6r\u00fcnen ama asl\u0131nda bir medeniyetin aksi olan \u201csupara\u201d gibi bir kelimenin pe\u015finde l\u00fcgatlar paralar. Orhan \u015eaik G\u00f6kyay\u2019\u0131n bu yaz\u0131lar\u0131 h\u00e2l diliyle dil, k\u00fclt\u00fcr, edebiyat ba\u011flam\u0131nda bu yolda y\u00fcr\u00fcmeye karar vermi\u015f gen\u00e7 dima\u011flara asl\u0131nda birer uyar\u0131 ve yol g\u00f6sterici mahiyetini hep korur.<\/p>\n","protected":false},"excerpt":{"rendered":"<p>Orhan \u015eaik G\u00f6kyay\u2019\u0131n \u00e7al\u0131\u015fmalar\u0131n\u0131n b\u00fcy\u00fck bir yek\u00fbnu onun T\u00fcrk k\u00fclt\u00fcr\u00fcn\u00fcn farkl\u0131 sahalar\u0131nda kaleme ald\u0131\u011f\u0131 makaleleridir. Hoca, k\u00fclt\u00fcr ve medeniyet tarihimizin \u00f6nemli \u015fah\u0131slar\u0131, eserleri ve devirleri hakk\u0131nda<span class=\"excerpt-hellip\"> [\u2026]<\/span><\/p>\n","protected":false},"featured_media":0,"template":"","meta":{"_monsterinsights_skip_tracking":false,"_monsterinsights_sitenote_active":false,"_monsterinsights_sitenote_note":"","_monsterinsights_sitenote_category":0},"product_brand":[],"product_cat":[12370,12304],"product_tag":[],"class_list":{"0":"post-716762","1":"product","2":"type-product","3":"status-publish","5":"product_cat-arastirma-inceleme","6":"product_cat-tarih","7":"pa_cilt-ciltsiz","8":"pa_tur-kitap","9":"pa_yayinevi-yeditepe-yayinevi","10":"pa_yazar-orhan-saik-gokyay","12":"first","13":"instock","14":"sale","15":"shipping-taxable","16":"purchasable","17":"product-type-simple"},"_links":{"self":[{"href":"https:\/\/roveyayinevi.com.tr\/index.php\/wp-json\/wp\/v2\/product\/716762","targetHints":{"allow":["GET"]}}],"collection":[{"href":"https:\/\/roveyayinevi.com.tr\/index.php\/wp-json\/wp\/v2\/product"}],"about":[{"href":"https:\/\/roveyayinevi.com.tr\/index.php\/wp-json\/wp\/v2\/types\/product"}],"wp:attachment":[{"href":"https:\/\/roveyayinevi.com.tr\/index.php\/wp-json\/wp\/v2\/media?parent=716762"}],"wp:term":[{"taxonomy":"product_brand","embeddable":true,"href":"https:\/\/roveyayinevi.com.tr\/index.php\/wp-json\/wp\/v2\/product_brand?post=716762"},{"taxonomy":"product_cat","embeddable":true,"href":"https:\/\/roveyayinevi.com.tr\/index.php\/wp-json\/wp\/v2\/product_cat?post=716762"},{"taxonomy":"product_tag","embeddable":true,"href":"https:\/\/roveyayinevi.com.tr\/index.php\/wp-json\/wp\/v2\/product_tag?post=716762"}],"curies":[{"name":"wp","href":"https:\/\/api.w.org\/{rel}","templated":true}]}}