{"id":716761,"date":"2025-08-27T17:46:57","date_gmt":"2025-08-27T14:46:57","guid":{"rendered":"https:\/\/roveyayinevi.com.tr\/index.php\/urun\/tanrilardan-krallara-vikingler\/"},"modified":"2026-04-16T02:25:01","modified_gmt":"2026-04-15T23:25:01","slug":"tanrilardan-krallara-vikingler","status":"publish","type":"product","link":"https:\/\/roveyayinevi.com.tr\/index.php\/urun\/tanrilardan-krallara-vikingler\/","title":{"rendered":"Tanr\u0131lardan Krallara Vikingler"},"content":{"rendered":"<p>Hen\u00fcz mitoloji ile tarih aras\u0131ndaki s\u0131n\u0131rlar \u00e7izilmeden \u00f6nce meydana getirilen Heimskringla\u2019da Vikinglerin tanr\u0131lar\u0131 ilekrallar\u0131 aras\u0131nda bir ba\u011f kurulmaktad\u0131r. Tarih ve mitolojinin e\u015fsiz bir edebi yetkinlikle harmanland\u0131\u011f\u0131 bu eserde, Orta\u00e7a\u011f\u2019\u0131n bilinmez karanl\u0131klar\u0131na kuzeylilerin i\u00e7sel sesiyle eri\u015filebilmektedir. \u00c7a\u011flar boyunca saklanarak g\u00fcn\u00fcm\u00fcze ula\u015ft\u0131r\u0131lan bu e\u015fsiz eser, y\u00fczy\u0131llar i\u00e7inde \u0130skandinavya\u2019n\u0131n edebi ve d\u00fc\u015f\u00fcnsel ya\u015fam\u0131n\u0131 besleyen ana kaynak olmu\u015ftur. Avrupa tarihinin kadim s\u0131rlar\u0131ndan birisi olan Heimskringla, \u0130ngiltere\u2019den Sicilya\u2019ya, Normandiya\u2019dan Bizans\u2019a Vikinglerin ili\u015fkide oldu\u011fu de\u011fi\u015fik co\u011frafyalar\u0131 \u00f6zg\u00fcn bak\u0131\u015f a\u00e7\u0131s\u0131yla anlatmaktad\u0131r. Bir yandan kronolojik bir s\u0131rayla Viking krallar\u0131n\u0131 anlat\u0131rken bir yandan da Vikinglerin istila etti\u011fi uzak diyarlar\u0131, ticaret yapt\u0131\u011f\u0131 kimi topluluklar\u0131 ve t\u00fcm Avrupa\u2019da geli\u015fmeleri tasvir edilmi\u015ftir. Krallar\u0131n tanr\u0131larla k\u0131yaslanan yi\u011fitlikleriyle tanr\u0131lar\u0131n krallara \u00f6zg\u00fc s\u0131radanl\u0131klar\u0131 i\u00e7 i\u00e7e ge\u00e7irilmi\u015f ve hem tarih merakl\u0131lar\u0131 i\u00e7in e\u015fsiz bir tan\u0131kl\u0131k hem de edebiyat okurlar\u0131 i\u00e7in canl\u0131 bir anlat\u0131m meydana getirilmi\u015ftir.<\/p>\n","protected":false},"excerpt":{"rendered":"<p>Hen\u00fcz mitoloji ile tarih aras\u0131ndaki s\u0131n\u0131rlar \u00e7izilmeden \u00f6nce meydana getirilen Heimskringla\u2019da Vikinglerin tanr\u0131lar\u0131 ilekrallar\u0131 aras\u0131nda bir ba\u011f kurulmaktad\u0131r. Tarih ve mitolojinin e\u015fsiz bir edebi yetkinlikle harmanland\u0131\u011f\u0131<span class=\"excerpt-hellip\"> [\u2026]<\/span><\/p>\n","protected":false},"featured_media":0,"template":"","meta":{"_monsterinsights_skip_tracking":false,"_monsterinsights_sitenote_active":false,"_monsterinsights_sitenote_note":"","_monsterinsights_sitenote_category":0},"product_brand":[],"product_cat":[12312,12304],"product_tag":[],"class_list":{"0":"post-716761","1":"product","2":"type-product","3":"status-publish","5":"product_cat-diger","6":"product_cat-tarih","7":"pa_cilt-ciltsiz","8":"pa_tur-kitap","9":"pa_yayinevi-yeditepe-yayinevi","10":"pa_yazar-snorri-sturluson","12":"first","13":"instock","14":"sale","15":"shipping-taxable","16":"purchasable","17":"product-type-simple"},"_links":{"self":[{"href":"https:\/\/roveyayinevi.com.tr\/index.php\/wp-json\/wp\/v2\/product\/716761","targetHints":{"allow":["GET"]}}],"collection":[{"href":"https:\/\/roveyayinevi.com.tr\/index.php\/wp-json\/wp\/v2\/product"}],"about":[{"href":"https:\/\/roveyayinevi.com.tr\/index.php\/wp-json\/wp\/v2\/types\/product"}],"wp:attachment":[{"href":"https:\/\/roveyayinevi.com.tr\/index.php\/wp-json\/wp\/v2\/media?parent=716761"}],"wp:term":[{"taxonomy":"product_brand","embeddable":true,"href":"https:\/\/roveyayinevi.com.tr\/index.php\/wp-json\/wp\/v2\/product_brand?post=716761"},{"taxonomy":"product_cat","embeddable":true,"href":"https:\/\/roveyayinevi.com.tr\/index.php\/wp-json\/wp\/v2\/product_cat?post=716761"},{"taxonomy":"product_tag","embeddable":true,"href":"https:\/\/roveyayinevi.com.tr\/index.php\/wp-json\/wp\/v2\/product_tag?post=716761"}],"curies":[{"name":"wp","href":"https:\/\/api.w.org\/{rel}","templated":true}]}}