{"id":716759,"date":"2025-08-27T17:46:56","date_gmt":"2025-08-27T14:46:56","guid":{"rendered":"https:\/\/roveyayinevi.com.tr\/index.php\/urun\/multeciler\/"},"modified":"2026-04-16T02:25:01","modified_gmt":"2026-04-15T23:25:01","slug":"multeciler","status":"publish","type":"product","link":"https:\/\/roveyayinevi.com.tr\/index.php\/urun\/multeciler\/","title":{"rendered":"M\u00fclteciler"},"content":{"rendered":"<p>Pulitzer ve Carnegie Madalyas\u0131 \u00f6d\u00fcll\u00fc Sempatizan\u2019\u0131n yazar\u0131 Viet Thanh Nguyen\u2019in son yirmi senede kaleme ald\u0131\u011f\u0131 \u00f6yk\u00fclerden olu\u015fan M\u00fclteciler par\u00e7alanm\u0131\u015f anayurtlar\u0131 ile yeni \u00fclkeleri aras\u0131nda s\u0131k\u0131\u015f\u0131p kalm\u0131\u015f insanlar\u0131n deneyimleri \u00fczerinden kimlik aile,yuva g\u00f6\u00e7 ve Amerikan r\u00fcyas\u0131 temalar\u0131n\u0131 i\u015fliyor. San Francisco\u2019ya gelip e\u015fcinsel bir \u00e7iftin yan\u0131na yerle\u015fen Vietnaml\u0131 gen\u00e7 bir m\u00fcltecinin ya\u015fad\u0131\u011f\u0131 derin k\u00fclt\u00fcr \u015fokundan, bunamaya ba\u015flayan kocas\u0131 taraf\u0131ndan eski bir sevgilisiyle kar\u0131\u015ft\u0131r\u0131lan bir kad\u0131n\u0131n h\u00fcsran dolu g\u00fcnlerine; Ho Chi Minh Kenti\u2019nden gen\u00e7 bir k\u0131z\u0131n, Amerika\u2019da ya\u015fayan ve onun sahip olmad\u0131\u011f\u0131 her \u015feyi elde etmi\u015f gibi g\u00f6r\u00fcnen \u00fcvey ablas\u0131 taraf\u0131ndan ziyaretine kadar g\u00f6\u00e7 tecr\u00fcbesini en al\u0131\u015f\u0131lmad\u0131k a\u00e7\u0131lardan ele alan bu sekiz \u00f6yk\u00fc, m\u00fcltecilerin hayallerini ve kar\u015f\u0131la\u015ft\u0131klar\u0131 g\u00fc\u00e7l\u00fckleri b\u00fcy\u00fcleyici, \u0131\u015f\u0131lt\u0131l\u0131 bir anlat\u0131yla kayda ge\u00e7iriyor. 2017 y\u0131l\u0131nda Asya\/Pasifik As\u0131ll\u0131 Amerikal\u0131lar Edebiyat \u00d6d\u00fcl\u00fc\u2019ne lay\u0131k g\u00f6r\u00fclen M\u00fclteciler\u2019de Nguyen, vatan\u0131ndan ayr\u0131l\u0131p ba\u015fka bir \u00fclkede yuva kurmaya \u00e7al\u0131\u015fan insanlar\u0131n \u00f6zlemlerini, ayn\u0131 zamanda ya\u015fam\u0131m\u0131z\u0131n s\u0131n\u0131rlar\u0131n\u0131 \u00e7izen kendimizi bulma yolculu\u011funda kurdu\u011fumuz ili\u015fkileri ve besledi\u011fimiz arzular\u0131 keskin, dolamba\u00e7s\u0131z, mizahi bir \u00fcslupla irdeliyor. <\/p>\n","protected":false},"excerpt":{"rendered":"<p>Pulitzer ve Carnegie Madalyas\u0131 \u00f6d\u00fcll\u00fc Sempatizan\u2019\u0131n yazar\u0131 Viet Thanh Nguyen\u2019in son yirmi senede kaleme ald\u0131\u011f\u0131 \u00f6yk\u00fclerden olu\u015fan M\u00fclteciler par\u00e7alanm\u0131\u015f anayurtlar\u0131 ile yeni \u00fclkeleri aras\u0131nda s\u0131k\u0131\u015f\u0131p kalm\u0131\u015f<span class=\"excerpt-hellip\"> [\u2026]<\/span><\/p>\n","protected":false},"featured_media":0,"template":"","meta":{"_monsterinsights_skip_tracking":false,"_monsterinsights_sitenote_active":false,"_monsterinsights_sitenote_note":"","_monsterinsights_sitenote_category":0},"product_brand":[],"product_cat":[12291,12711],"product_tag":[],"class_list":{"0":"post-716759","1":"product","2":"type-product","3":"status-publish","5":"product_cat-edebiyat","6":"product_cat-roman-oyku","7":"pa_cilt-ciltsiz","8":"pa_tur-kitap","9":"pa_yayinevi-kafka-yayinevi","10":"pa_yazar-viet-thanh-nguyen","12":"first","13":"instock","14":"sale","15":"shipping-taxable","16":"purchasable","17":"product-type-simple"},"_links":{"self":[{"href":"https:\/\/roveyayinevi.com.tr\/index.php\/wp-json\/wp\/v2\/product\/716759","targetHints":{"allow":["GET"]}}],"collection":[{"href":"https:\/\/roveyayinevi.com.tr\/index.php\/wp-json\/wp\/v2\/product"}],"about":[{"href":"https:\/\/roveyayinevi.com.tr\/index.php\/wp-json\/wp\/v2\/types\/product"}],"wp:attachment":[{"href":"https:\/\/roveyayinevi.com.tr\/index.php\/wp-json\/wp\/v2\/media?parent=716759"}],"wp:term":[{"taxonomy":"product_brand","embeddable":true,"href":"https:\/\/roveyayinevi.com.tr\/index.php\/wp-json\/wp\/v2\/product_brand?post=716759"},{"taxonomy":"product_cat","embeddable":true,"href":"https:\/\/roveyayinevi.com.tr\/index.php\/wp-json\/wp\/v2\/product_cat?post=716759"},{"taxonomy":"product_tag","embeddable":true,"href":"https:\/\/roveyayinevi.com.tr\/index.php\/wp-json\/wp\/v2\/product_tag?post=716759"}],"curies":[{"name":"wp","href":"https:\/\/api.w.org\/{rel}","templated":true}]}}