{"id":716755,"date":"2025-08-27T17:46:53","date_gmt":"2025-08-27T14:46:53","guid":{"rendered":"https:\/\/roveyayinevi.com.tr\/index.php\/urun\/ya-evvel-ya-ahir\/"},"modified":"2026-04-16T02:25:01","modified_gmt":"2026-04-15T23:25:01","slug":"ya-evvel-ya-ahir","status":"publish","type":"product","link":"https:\/\/roveyayinevi.com.tr\/index.php\/urun\/ya-evvel-ya-ahir\/","title":{"rendered":"Ya Evvel Ya Ahir"},"content":{"rendered":"<p>\u201cCebrail\u2019in kanad\u0131na yaz\u0131l\u0131 ismin hakk\u0131n i\u00e7in duam\u0131 red etme Rabbim.   Mikail\u2019in kanad\u0131na yaz\u0131l\u0131 celalin hakk\u0131 i\u00e7in duam\u0131 red etme Rabbim.   Mikail\u2019in kanad\u0131na yaz\u0131l\u0131 celalin hakk\u0131 i\u00e7in kullu\u011funa kabul eyle Rabbim.   \u0130srafil\u2019in aln\u0131nda yaz\u0131l\u0131 cemalin hakk\u0131 i\u00e7in r\u0131zk\u0131m\u0131 helalinden nasip eyle Rabbim.   Azrail\u2019in eline yaz\u0131l\u0131 ismi celalin hakk\u0131 i\u00e7in son nefeste \u00e7enemi iman ile kapamay\u0131 nasip eyle Rabbim. <\/p>\n","protected":false},"excerpt":{"rendered":"<p>\u201cCebrail\u2019in kanad\u0131na yaz\u0131l\u0131 ismin hakk\u0131n i\u00e7in duam\u0131 red etme Rabbim. Mikail\u2019in kanad\u0131na yaz\u0131l\u0131 celalin hakk\u0131 i\u00e7in duam\u0131 red etme Rabbim. Mikail\u2019in kanad\u0131na yaz\u0131l\u0131 celalin hakk\u0131 i\u00e7in<span class=\"excerpt-hellip\"> [\u2026]<\/span><\/p>\n","protected":false},"featured_media":0,"template":"","meta":{"_monsterinsights_skip_tracking":false,"_monsterinsights_sitenote_active":false,"_monsterinsights_sitenote_note":"","_monsterinsights_sitenote_category":0},"product_brand":[],"product_cat":[16789,12718,12719],"product_tag":[],"class_list":{"0":"post-716755","1":"product","2":"type-product","3":"status-publish","5":"product_cat-diger-islam","6":"product_cat-din","7":"product_cat-islam","8":"pa_cilt-ciltsiz","9":"pa_tur-kitap","10":"pa_yayinevi-feniks-yayinlari","11":"pa_yazar-lutfiye-luna","13":"first","14":"instock","15":"sale","16":"shipping-taxable","17":"purchasable","18":"product-type-simple"},"_links":{"self":[{"href":"https:\/\/roveyayinevi.com.tr\/index.php\/wp-json\/wp\/v2\/product\/716755","targetHints":{"allow":["GET"]}}],"collection":[{"href":"https:\/\/roveyayinevi.com.tr\/index.php\/wp-json\/wp\/v2\/product"}],"about":[{"href":"https:\/\/roveyayinevi.com.tr\/index.php\/wp-json\/wp\/v2\/types\/product"}],"wp:attachment":[{"href":"https:\/\/roveyayinevi.com.tr\/index.php\/wp-json\/wp\/v2\/media?parent=716755"}],"wp:term":[{"taxonomy":"product_brand","embeddable":true,"href":"https:\/\/roveyayinevi.com.tr\/index.php\/wp-json\/wp\/v2\/product_brand?post=716755"},{"taxonomy":"product_cat","embeddable":true,"href":"https:\/\/roveyayinevi.com.tr\/index.php\/wp-json\/wp\/v2\/product_cat?post=716755"},{"taxonomy":"product_tag","embeddable":true,"href":"https:\/\/roveyayinevi.com.tr\/index.php\/wp-json\/wp\/v2\/product_tag?post=716755"}],"curies":[{"name":"wp","href":"https:\/\/api.w.org\/{rel}","templated":true}]}}