{"id":716753,"date":"2025-08-27T17:46:51","date_gmt":"2025-08-27T14:46:51","guid":{"rendered":"https:\/\/roveyayinevi.com.tr\/index.php\/urun\/rus-edebiyatinda-kent-kasaba-imgesi\/"},"modified":"2026-04-16T02:25:01","modified_gmt":"2026-04-15T23:25:01","slug":"rus-edebiyatinda-kent-kasaba-imgesi","status":"publish","type":"product","link":"https:\/\/roveyayinevi.com.tr\/index.php\/urun\/rus-edebiyatinda-kent-kasaba-imgesi\/","title":{"rendered":"Rus Edebiyat\u0131nda &#8211; Kent Kasaba \u0130mgesi"},"content":{"rendered":"<p>Kimine Ana kimine yar kimine d\u00fc\u015fman g\u00f6r\u00fcnse de baz\u0131 g\u00f6zlere \u00fc\u00e7suz bucaks\u0131z , baz\u0131 kalplere h\u00fccre gibi dar gelse de antik \u00e7a\u011flardan g\u00fcn\u00fcm\u00fcze insano\u011flu kucak a\u00e7ar t\u00fcm kentler; kasabalar , onlardan ka\u00e7\u0131p kurtulmaya \u00e7al\u0131\u015fanlar\u0131n yan\u0131 s\u0131ra i\u00e7inde eriyerek adeta onlarla b\u00fct\u00fcnle\u015fenlerle kendi karakterini verir.Kendine has co\u011frafyas\u0131,tarihi,dini,dili,k\u00fclt\u00fcr\u00fc olsa da sonu\u00e7ta ortak payda insan oldu\u011fu i\u00e7in sanata ve sanat\u00e7\u0131lara da ilham kayna\u011f\u0131 olur.D\u00fcnya edebiyat\u0131nda oldu\u011fu gibi Rus edebiyat\u0131nda da yarat\u0131c\u0131s\u0131yla b\u00fct\u00fcnle\u015fip g\u00f6n\u00fcl ba\u011f\u0131 kuram,yeri gelip sevilen yeri gelip nefret edilen kentleri kasabalar\u0131 bu kitapta da duyumsaman\u0131z dile\u011fiyle\u2026<\/p>\n","protected":false},"excerpt":{"rendered":"<p>Kimine Ana kimine yar kimine d\u00fc\u015fman g\u00f6r\u00fcnse de baz\u0131 g\u00f6zlere \u00fc\u00e7suz bucaks\u0131z , baz\u0131 kalplere h\u00fccre gibi dar gelse de antik \u00e7a\u011flardan g\u00fcn\u00fcm\u00fcze insano\u011flu kucak a\u00e7ar<span class=\"excerpt-hellip\"> [\u2026]<\/span><\/p>\n","protected":false},"featured_media":0,"template":"","meta":{"_monsterinsights_skip_tracking":false,"_monsterinsights_sitenote_active":false,"_monsterinsights_sitenote_note":"","_monsterinsights_sitenote_category":0},"product_brand":[],"product_cat":[12291,13570],"product_tag":[],"class_list":{"0":"post-716753","1":"product","2":"type-product","3":"status-publish","5":"product_cat-edebiyat","6":"product_cat-rus-edebiyati","7":"pa_cilt-ciltsiz","8":"pa_tur-kitap","9":"pa_yayinevi-bilgin-kultur-sanat","10":"pa_yazar-kolektif","12":"first","13":"instock","14":"sale","15":"shipping-taxable","16":"purchasable","17":"product-type-simple"},"_links":{"self":[{"href":"https:\/\/roveyayinevi.com.tr\/index.php\/wp-json\/wp\/v2\/product\/716753","targetHints":{"allow":["GET"]}}],"collection":[{"href":"https:\/\/roveyayinevi.com.tr\/index.php\/wp-json\/wp\/v2\/product"}],"about":[{"href":"https:\/\/roveyayinevi.com.tr\/index.php\/wp-json\/wp\/v2\/types\/product"}],"wp:attachment":[{"href":"https:\/\/roveyayinevi.com.tr\/index.php\/wp-json\/wp\/v2\/media?parent=716753"}],"wp:term":[{"taxonomy":"product_brand","embeddable":true,"href":"https:\/\/roveyayinevi.com.tr\/index.php\/wp-json\/wp\/v2\/product_brand?post=716753"},{"taxonomy":"product_cat","embeddable":true,"href":"https:\/\/roveyayinevi.com.tr\/index.php\/wp-json\/wp\/v2\/product_cat?post=716753"},{"taxonomy":"product_tag","embeddable":true,"href":"https:\/\/roveyayinevi.com.tr\/index.php\/wp-json\/wp\/v2\/product_tag?post=716753"}],"curies":[{"name":"wp","href":"https:\/\/api.w.org\/{rel}","templated":true}]}}