{"id":716752,"date":"2025-08-27T17:46:51","date_gmt":"2025-08-27T14:46:51","guid":{"rendered":"https:\/\/roveyayinevi.com.tr\/index.php\/urun\/adrianin-ati-yok\/"},"modified":"2025-11-20T05:05:35","modified_gmt":"2025-11-20T02:05:35","slug":"adrianin-ati-yok","status":"publish","type":"product","link":"https:\/\/roveyayinevi.com.tr\/index.php\/urun\/adrianin-ati-yok\/","title":{"rendered":"Adrian&#8217;\u0131n At\u0131 Yok"},"content":{"rendered":"<p>\u0130yilikle bakabilmeyi \u00f6\u011frenmemiz gerekir. Adrian, g\u00f6rd\u00fc\u011f\u00fc herkese bir at\u0131 (d\u00fcnyan\u0131n en iyi ve en g\u00fczel at\u0131) oldu\u011funu s\u00f6yl\u00fcyor. Ama Chloe ona inanm\u0131yor. Adrian&#8217;\u0131n k\u00fc\u00e7\u00fck bir evi var. At\u0131n\u0131 nerede tutabilir ki? Ayakkab\u0131lar\u0131nda da delikler var. Bir ata nas\u0131l para harcayabilir? Adrian at\u0131ndan ne kadar \u00e7ok bahsederse Chloe de o kadar sinirleniyor. Okul d\u0131\u015f\u0131nda Adrian&#8217;a ba\u011f\u0131rsa ve hatta annesine ondan yak\u0131nsa  bile h\u0131nc\u0131n\u0131 alam\u0131yor ama \u00e7ok daha \u00f6nemli bir ders al\u0131yor. Hassasiyetle i\u015flenmi\u015f konusu ve harika resimleriyle bu kitap okuyucalara, iyili\u011fin her zaman \u00f6d\u00fcllendirildi\u011fini, alay\u0131\u015f g\u00f6stermenin yarg\u0131lamaktan daha tatl\u0131 oldu\u011funu ve birine verilebilecek en g\u00fczel hediyenin arkada\u015fl\u0131k oldu\u011funu g\u00f6sterecek.<\/p>\n","protected":false},"excerpt":{"rendered":"<p>\u0130yilikle bakabilmeyi \u00f6\u011frenmemiz gerekir. Adrian, g\u00f6rd\u00fc\u011f\u00fc herkese bir at\u0131 (d\u00fcnyan\u0131n en iyi ve en g\u00fczel at\u0131) oldu\u011funu s\u00f6yl\u00fcyor. Ama Chloe ona inanm\u0131yor. Adrian&#8217;\u0131n k\u00fc\u00e7\u00fck bir evi<span class=\"excerpt-hellip\"> [\u2026]<\/span><\/p>\n","protected":false},"featured_media":0,"template":"","meta":{"_monsterinsights_skip_tracking":false,"_monsterinsights_sitenote_active":false,"_monsterinsights_sitenote_note":"","_monsterinsights_sitenote_category":0},"product_brand":[],"product_cat":[14787,13488],"product_tag":[],"class_list":{"0":"post-716752","1":"product","2":"type-product","3":"status-publish","5":"product_cat-diger-toplum-ve-insan","6":"product_cat-toplum-ve-insan","7":"pa_cilt-ciltsiz","8":"pa_tur-kitap","9":"pa_yayinevi-a7-kitap","10":"pa_yazar-marcy-campbell","12":"first","13":"instock","14":"sale","15":"shipping-taxable","16":"purchasable","17":"product-type-simple"},"_links":{"self":[{"href":"https:\/\/roveyayinevi.com.tr\/index.php\/wp-json\/wp\/v2\/product\/716752","targetHints":{"allow":["GET"]}}],"collection":[{"href":"https:\/\/roveyayinevi.com.tr\/index.php\/wp-json\/wp\/v2\/product"}],"about":[{"href":"https:\/\/roveyayinevi.com.tr\/index.php\/wp-json\/wp\/v2\/types\/product"}],"wp:attachment":[{"href":"https:\/\/roveyayinevi.com.tr\/index.php\/wp-json\/wp\/v2\/media?parent=716752"}],"wp:term":[{"taxonomy":"product_brand","embeddable":true,"href":"https:\/\/roveyayinevi.com.tr\/index.php\/wp-json\/wp\/v2\/product_brand?post=716752"},{"taxonomy":"product_cat","embeddable":true,"href":"https:\/\/roveyayinevi.com.tr\/index.php\/wp-json\/wp\/v2\/product_cat?post=716752"},{"taxonomy":"product_tag","embeddable":true,"href":"https:\/\/roveyayinevi.com.tr\/index.php\/wp-json\/wp\/v2\/product_tag?post=716752"}],"curies":[{"name":"wp","href":"https:\/\/api.w.org\/{rel}","templated":true}]}}