{"id":716747,"date":"2025-08-27T17:46:47","date_gmt":"2025-08-27T14:46:47","guid":{"rendered":"https:\/\/roveyayinevi.com.tr\/index.php\/urun\/sevgi-neden-onemlidir\/"},"modified":"2026-04-16T02:25:01","modified_gmt":"2026-04-15T23:25:01","slug":"sevgi-neden-onemlidir","status":"publish","type":"product","link":"https:\/\/roveyayinevi.com.tr\/index.php\/urun\/sevgi-neden-onemlidir\/","title":{"rendered":"Sevgi Neden \u00d6nemlidir?"},"content":{"rendered":"<p>Sevgi Neden \u00d6nemlidir?, bebe\u011fin ilk y\u0131llar\u0131nda sevgi dolu bir ili\u015fkinin beynin geli\u015fimi a\u00e7\u0131s\u0131ndan neden zorunlu oldu\u011funu ve erken d\u00f6nemdeki etkile\u015fimlerin, gelecekteki duygusal ve fiziksel sa\u011fl\u0131k a\u00e7\u0131s\u0131ndan nas\u0131l kal\u0131c\u0131 sonu\u00e7lar do\u011furabilece\u011fini a\u00e7\u0131kl\u0131yor. Bu kitab\u0131n ilk bas\u0131m\u0131n\u0131n elde etti\u011fi ba\u015far\u0131n\u0131n hemen ard\u0131ndan gelen ikinci bas\u0131mda, bilimsel ara\u015ft\u0131rmalar g\u00fcncellenmi\u015f ve genetik ile zihin\/beden ili\u015fkisi konusundaki son bulu\u015flar da bu bas\u0131m\u0131n kapsam\u0131na al\u0131nm\u0131\u015ft\u0131r. Yeni bas\u0131ma, hamileli\u011fin bebe\u011fin gelecekteki duygusal ve fiziksel esenli\u011fini bi\u00e7imlemekte oynad\u0131\u011f\u0131 rol\u00fc ele alan yeni bir b\u00f6l\u00fcm dahil edilmi\u015ftir.Sue Gerhardt, erken d\u00f6nemde ya\u015fanan stresin bir bebe\u011fin ya da erken \u00e7ocukluk d\u00f6nemindeki bir \u00e7ocu\u011fun geli\u015fmekte olan sinir sistemi \u00fczerindeki geni\u015f kapsaml\u0131 etkilerine \u00f6zellikle odaklanmaktad\u0131r. Erken d\u00f6nemde ili\u015fkiler yolunda gitmedi\u011finde, ba\u011f\u0131ml\u0131 \u00e7ocu\u011fun bu duruma uyum sa\u011flamas\u0131 gerekir; \u015fimdi \u00e7ocu\u011fun beyninin de buna uyum sa\u011flad\u0131\u011f\u0131n\u0131 biliyoruz.Beynin \u00f6zellikle duygulan\u0131m ve ba\u011f\u0131\u015f\u0131kl\u0131k sistemleri, erken d\u00f6nemdeki stresten etkilenir ve daha az etkili olabilir. Bu durum \u00e7ocu\u011fu, depresyon, antisosyal davran\u0131\u015f, ba\u011f\u0131ml\u0131l\u0131klar ya da anoreksiya gibi bir dizi sorunun yan\u0131 s\u0131ra fiziksel hastal\u0131klar kar\u015f\u0131s\u0131nda da daha savunmas\u0131z k\u0131lar.Sevgi Neden \u00d6nemlidir?, sinirbilim, geli\u015fimsel psikoloji ve n\u00f6robiyoloji alanlar\u0131ndaki son bulu\u015flar\u0131n kolay anla\u015f\u0131labilir ve canl\u0131 bir anlat\u0131m\u0131. Bu kitap ana babalar ve uzmanlar i\u00e7in son derece de\u011ferli bir rehber.\u201cSevgi Neden \u00d6nemlidir? son derece \u00f6nemli bir kitap. Her ana baban\u0131n, \u00f6\u011fretmenin ve siyaset\u00e7inin zorunlu okuma listesinde olmal\u0131.\u201d Rebecca Abrams, The Guardian\u201c\u00c7ok heyecan verici bir okuma deneyimi. Beyin, ebeveynlik ve duygusal geli\u015fim \u00fczerine en g\u00fcncel ara\u015ft\u0131rmalar\u0131n muhte\u015fem bir yazarl\u0131kla birle\u015fti\u011fi bu kitap, pop\u00fcler bilimin en iyi \u00f6rneklerinden birini sunuyor.G\u00fc\u00e7l\u00fc ve d\u00f6n\u00fc\u015ft\u00fcr\u00fcc\u00fc bir mesaj sunan bu \u00e7al\u0131\u015fmay\u0131, b\u00fct\u00fcn ana babalar\u0131n, siyaset\u00e7ilerin, \u00e7ocuk e\u011fitimi profesyonellerinin, \u00f6\u011frencilerin ve daha sa\u011fl\u0131kl\u0131 ve mutlu bir gelecek arzulayanlar\u0131n mutlaka okumas\u0131 gerekir.\u201dDr. Graham Music, dan\u0131\u015fman psikoterapist, Tavistock Klini\u011fi, Londra, Nurturing Natures adl\u0131 kitab\u0131n yazar\u0131.<\/p>\n","protected":false},"excerpt":{"rendered":"<p>Sevgi Neden \u00d6nemlidir?, bebe\u011fin ilk y\u0131llar\u0131nda sevgi dolu bir ili\u015fkinin beynin geli\u015fimi a\u00e7\u0131s\u0131ndan neden zorunlu oldu\u011funu ve erken d\u00f6nemdeki etkile\u015fimlerin, gelecekteki duygusal ve fiziksel sa\u011fl\u0131k a\u00e7\u0131s\u0131ndan<span class=\"excerpt-hellip\"> [\u2026]<\/span><\/p>\n","protected":false},"featured_media":0,"template":"","meta":{"_monsterinsights_skip_tracking":false,"_monsterinsights_sitenote_active":false,"_monsterinsights_sitenote_note":"","_monsterinsights_sitenote_category":0},"product_brand":[],"product_cat":[12679,12357],"product_tag":[],"class_list":{"0":"post-716747","1":"product","2":"type-product","3":"status-publish","5":"product_cat-cocuk-psikolojisi","6":"product_cat-psikoloji","7":"pa_cilt-ciltsiz","8":"pa_tur-kitap","9":"pa_yayinevi-yapi-kredi-yayinlari","10":"pa_yazar-sue-gerhardt","12":"first","13":"instock","14":"sale","15":"shipping-taxable","16":"purchasable","17":"product-type-simple"},"_links":{"self":[{"href":"https:\/\/roveyayinevi.com.tr\/index.php\/wp-json\/wp\/v2\/product\/716747","targetHints":{"allow":["GET"]}}],"collection":[{"href":"https:\/\/roveyayinevi.com.tr\/index.php\/wp-json\/wp\/v2\/product"}],"about":[{"href":"https:\/\/roveyayinevi.com.tr\/index.php\/wp-json\/wp\/v2\/types\/product"}],"wp:attachment":[{"href":"https:\/\/roveyayinevi.com.tr\/index.php\/wp-json\/wp\/v2\/media?parent=716747"}],"wp:term":[{"taxonomy":"product_brand","embeddable":true,"href":"https:\/\/roveyayinevi.com.tr\/index.php\/wp-json\/wp\/v2\/product_brand?post=716747"},{"taxonomy":"product_cat","embeddable":true,"href":"https:\/\/roveyayinevi.com.tr\/index.php\/wp-json\/wp\/v2\/product_cat?post=716747"},{"taxonomy":"product_tag","embeddable":true,"href":"https:\/\/roveyayinevi.com.tr\/index.php\/wp-json\/wp\/v2\/product_tag?post=716747"}],"curies":[{"name":"wp","href":"https:\/\/api.w.org\/{rel}","templated":true}]}}