{"id":716744,"date":"2025-08-27T17:46:45","date_gmt":"2025-08-27T14:46:45","guid":{"rendered":"https:\/\/roveyayinevi.com.tr\/index.php\/urun\/zodyak-imparatorlugu-ve-karanlik-tas\/"},"modified":"2026-04-16T02:25:01","modified_gmt":"2026-04-15T23:25:01","slug":"zodyak-imparatorlugu-ve-karanlik-tas","status":"publish","type":"product","link":"https:\/\/roveyayinevi.com.tr\/index.php\/urun\/zodyak-imparatorlugu-ve-karanlik-tas\/","title":{"rendered":"Zodyak \u0130mparatorlu\u011fu ve Karanl\u0131k Ta\u015f"},"content":{"rendered":"<p>Herkesin Bur\u00e7lar\u0131na g\u00f6re e\u011fitim ald\u0131\u011f\u0131 ve meslek gruplar\u0131na ayr\u0131ld\u0131\u011f\u0131 Zodyak \u0130mparatorlu\u011funun d\u00fczeni Hava Su Ate\u015f ve Toprak Bakanl\u0131klar\u0131n\u0131n ba\u015f\u0131nda olan se\u00e7ilmi\u015fler s\u0131n\u0131f\u0131 taraf\u0131ndan y\u00f6netiliyordu. Y\u0131ld\u0131zlar kolejinden daha yeni mezun olan hava grubundan Ethan Karper gece yar\u0131s\u0131 yap\u0131lacak olan eleme yar\u0131\u015fmas\u0131n\u0131 kazanman\u0131n hayali i\u00e7indeydi .B\u00f6ylelikle se\u00e7imlerin b\u00fcy\u00fcl\u00fc ve gizemli d\u00fcnyas\u0131na kat\u0131labilecek ve su grubu se\u00e7ilmi\u015flerinden Zara Lee\u2019ye yak\u0131n olabilecektir.\u0130mparatorlu\u011fun e\u015fit ve adil d\u00fczenini bozmak isteyen karanl\u0131k g\u00fc\u00e7lerin gittik\u00e7e b\u00fcy\u00fcmeye ba\u015flad\u0131\u011f\u0131 imparatorlu\u011fun gizemli d\u00fcnyas\u0131nda hen\u00fcz \u00fcst\u00fcn y\u0131ld\u0131z yetilerini ke\u015ffetmemi\u015f olan bu gen\u00e7 adam\u0131 macera dolu bir ser\u00fcven beklemektedir. <\/p>\n","protected":false},"excerpt":{"rendered":"<p>Herkesin Bur\u00e7lar\u0131na g\u00f6re e\u011fitim ald\u0131\u011f\u0131 ve meslek gruplar\u0131na ayr\u0131ld\u0131\u011f\u0131 Zodyak \u0130mparatorlu\u011funun d\u00fczeni Hava Su Ate\u015f ve Toprak Bakanl\u0131klar\u0131n\u0131n ba\u015f\u0131nda olan se\u00e7ilmi\u015fler s\u0131n\u0131f\u0131 taraf\u0131ndan y\u00f6netiliyordu. Y\u0131ld\u0131zlar kolejinden<span class=\"excerpt-hellip\"> [\u2026]<\/span><\/p>\n","protected":false},"featured_media":0,"template":"","meta":{"_monsterinsights_skip_tracking":false,"_monsterinsights_sitenote_active":false,"_monsterinsights_sitenote_note":"","_monsterinsights_sitenote_category":0},"product_brand":[],"product_cat":[12291,14777],"product_tag":[],"class_list":{"0":"post-716744","1":"product","2":"type-product","3":"status-publish","5":"product_cat-edebiyat","6":"product_cat-fantastik","7":"pa_cilt-ciltsiz","8":"pa_tur-kitap","9":"pa_yayinevi-porte-muzik-egitim-merkezi","10":"pa_yazar-ovunc-yaman","12":"first","13":"instock","14":"sale","15":"shipping-taxable","16":"purchasable","17":"product-type-simple"},"_links":{"self":[{"href":"https:\/\/roveyayinevi.com.tr\/index.php\/wp-json\/wp\/v2\/product\/716744","targetHints":{"allow":["GET"]}}],"collection":[{"href":"https:\/\/roveyayinevi.com.tr\/index.php\/wp-json\/wp\/v2\/product"}],"about":[{"href":"https:\/\/roveyayinevi.com.tr\/index.php\/wp-json\/wp\/v2\/types\/product"}],"wp:attachment":[{"href":"https:\/\/roveyayinevi.com.tr\/index.php\/wp-json\/wp\/v2\/media?parent=716744"}],"wp:term":[{"taxonomy":"product_brand","embeddable":true,"href":"https:\/\/roveyayinevi.com.tr\/index.php\/wp-json\/wp\/v2\/product_brand?post=716744"},{"taxonomy":"product_cat","embeddable":true,"href":"https:\/\/roveyayinevi.com.tr\/index.php\/wp-json\/wp\/v2\/product_cat?post=716744"},{"taxonomy":"product_tag","embeddable":true,"href":"https:\/\/roveyayinevi.com.tr\/index.php\/wp-json\/wp\/v2\/product_tag?post=716744"}],"curies":[{"name":"wp","href":"https:\/\/api.w.org\/{rel}","templated":true}]}}