{"id":716742,"date":"2025-08-27T17:46:43","date_gmt":"2025-08-27T14:46:43","guid":{"rendered":"https:\/\/roveyayinevi.com.tr\/index.php\/urun\/dun-dundur-mehmet-barlas-kitabi\/"},"modified":"2026-04-16T02:25:01","modified_gmt":"2026-04-15T23:25:01","slug":"dun-dundur-mehmet-barlas-kitabi","status":"publish","type":"product","link":"https:\/\/roveyayinevi.com.tr\/index.php\/urun\/dun-dundur-mehmet-barlas-kitabi\/","title":{"rendered":"D\u00fcn D\u00fcnd\u00fcr &#8211; Mehmet Barlas Kitab\u0131"},"content":{"rendered":"<p>\u201cUzun y\u0131llar boyunca g\u00fcncel siyasetin \u00e7er\u00e7evesinde tan\u0131d\u0131\u011f\u0131m\u0131z Mehmet Barlas, D\u00fcn D\u00fcnd\u00fcr\u2019le herhalde pek bilinmeyen bir kimlikle kar\u015f\u0131m\u0131za \u00e7\u0131kacak. Yani, hep uygarca ya\u015famalardan yana, hep o bar\u0131\u015f\u00e7\u0131l kimli\u011fiyle, s\u00fcrgit aray\u0131\u015f\u0131yla.\u201d (Selim \u0130leri)T\u00fcrk siyasetinin ya\u015fayan en \u00f6nemli tan\u0131klar\u0131ndan, duayen gazeteci Mehmet Barlas, D\u00fcn D\u00fcnd\u00fcr\u2019de hayat \u00f6yk\u00fcs\u00fcn\u00fc, meslek an\u0131lar\u0131n\u0131, sanat ve siyaset d\u00fcnyas\u0131nda kurdu\u011fu dostluklar\u0131, bir ba\u015fka gazeteciyle, G\u00f6ksan G\u00f6kta\u015f\u2019la payla\u015ft\u0131. D\u00fcn D\u00fcnd\u00fcr, sadece bir s\u00f6yle\u015fi kitab\u0131 de\u011fil, ayn\u0131 zamanda yak\u0131n tarihimizin incelikli bir okumas\u0131 da\u2026<\/p>\n","protected":false},"excerpt":{"rendered":"<p>\u201cUzun y\u0131llar boyunca g\u00fcncel siyasetin \u00e7er\u00e7evesinde tan\u0131d\u0131\u011f\u0131m\u0131z Mehmet Barlas, D\u00fcn D\u00fcnd\u00fcr\u2019le herhalde pek bilinmeyen bir kimlikle kar\u015f\u0131m\u0131za \u00e7\u0131kacak. Yani, hep uygarca ya\u015famalardan yana, hep o bar\u0131\u015f\u00e7\u0131l<span class=\"excerpt-hellip\"> [\u2026]<\/span><\/p>\n","protected":false},"featured_media":0,"template":"","meta":{"_monsterinsights_skip_tracking":false,"_monsterinsights_sitenote_active":false,"_monsterinsights_sitenote_note":"","_monsterinsights_sitenote_category":0},"product_brand":[],"product_cat":[12291,30969],"product_tag":[],"class_list":{"0":"post-716742","1":"product","2":"type-product","3":"status-publish","5":"product_cat-edebiyat","6":"product_cat-soylesi-edebiyat","7":"pa_cilt-ciltsiz","8":"pa_tur-kitap","9":"pa_yayinevi-turkuvaz-kitap","10":"pa_yazar-kolektif","12":"first","13":"instock","14":"sale","15":"shipping-taxable","16":"purchasable","17":"product-type-simple"},"_links":{"self":[{"href":"https:\/\/roveyayinevi.com.tr\/index.php\/wp-json\/wp\/v2\/product\/716742","targetHints":{"allow":["GET"]}}],"collection":[{"href":"https:\/\/roveyayinevi.com.tr\/index.php\/wp-json\/wp\/v2\/product"}],"about":[{"href":"https:\/\/roveyayinevi.com.tr\/index.php\/wp-json\/wp\/v2\/types\/product"}],"wp:attachment":[{"href":"https:\/\/roveyayinevi.com.tr\/index.php\/wp-json\/wp\/v2\/media?parent=716742"}],"wp:term":[{"taxonomy":"product_brand","embeddable":true,"href":"https:\/\/roveyayinevi.com.tr\/index.php\/wp-json\/wp\/v2\/product_brand?post=716742"},{"taxonomy":"product_cat","embeddable":true,"href":"https:\/\/roveyayinevi.com.tr\/index.php\/wp-json\/wp\/v2\/product_cat?post=716742"},{"taxonomy":"product_tag","embeddable":true,"href":"https:\/\/roveyayinevi.com.tr\/index.php\/wp-json\/wp\/v2\/product_tag?post=716742"}],"curies":[{"name":"wp","href":"https:\/\/api.w.org\/{rel}","templated":true}]}}