{"id":716739,"date":"2025-08-27T17:46:41","date_gmt":"2025-08-27T14:46:41","guid":{"rendered":"https:\/\/roveyayinevi.com.tr\/index.php\/urun\/cok-uslu-yaramazlar-3-ogretmenin-surprizi\/"},"modified":"2026-04-16T02:25:01","modified_gmt":"2026-04-15T23:25:01","slug":"cok-uslu-yaramazlar-3-ogretmenin-surprizi","status":"publish","type":"product","link":"https:\/\/roveyayinevi.com.tr\/index.php\/urun\/cok-uslu-yaramazlar-3-ogretmenin-surprizi\/","title":{"rendered":"\u00c7ok Uslu Yaramazlar 3 -\u00d6\u011fretmenin S\u00fcrprizi"},"content":{"rendered":"<p>Arka kapaktan; Sevimli mi sevimli, uslu mu uslu (!) iki kafadar, kar\u015f\u0131n\u0131zda R\u00fczg\u00e2r ve Acar! R\u00fczg\u00e2r ve Acar yedikleri i\u00e7tikleri ayr\u0131 gitmeyen, birbirini \u00e7ok seven iki arkada\u015f. \u00d6yle iyi anla\u015f\u0131yorlar ki sanki ak\u0131llar\u0131ndan hep ayn\u0131 \u015feyler ge\u00e7iyor. R\u00fczg\u00e2r\u2019\u0131n ba\u015flad\u0131\u011f\u0131 c\u00fcmleyi Acar, Acar\u2019\u0131n ba\u015flad\u0131\u011f\u0131 c\u00fcmleyi R\u00fczg\u00e2r tamaml\u0131yor. En \u00e7ok anla\u015ft\u0131klar\u0131 konu ise tabii ki yaramazl\u0131k! Bu y\u00fczden \u00f6\u011fretmenleri onlar\u0131n yaramazl\u0131kta ikiz olduklar\u0131n\u0131 d\u00fc\u015f\u00fcn\u00fcyor. Bu macera \u00f6\u011fretmenin s\u0131n\u0131fa bir s\u00fcrprizinin oldu\u011funu s\u00f6ylemesiyle ba\u015fl\u0131yor. Hemen yanl\u0131\u015f tahminler havada u\u00e7u\u015fuyor. Do\u011fruyu \u00f6\u011fretmenden duyunca buna en \u00e7ok \u00fcz\u00fclenler bizim \u00c7ok Uslu Yaramazlar oluyor. Neden mi? \u00c7\u00fcnk\u00fc onlara g\u00f6re mutfa\u011fa girmek \u201ck\u0131z i\u015fi\u201d de ondan\u2026 Peki \u00f6\u011fretmenin tek s\u00fcrprizi bu mu dersiniz? \u00c7ocuklar taraf\u0131ndan \u00e7ok sevilen yazar Ayt\u00fcl Akal birbirinden e\u011flenceli ve komik, s\u0131cac\u0131k dostluk \u00f6yk\u00fcleriyle, yepyeni maceralarda okurlar\u0131yla bulu\u015fuyor!<\/p>\n","protected":false},"excerpt":{"rendered":"<p>Arka kapaktan; Sevimli mi sevimli, uslu mu uslu (!) iki kafadar, kar\u015f\u0131n\u0131zda R\u00fczg\u00e2r ve Acar! R\u00fczg\u00e2r ve Acar yedikleri i\u00e7tikleri ayr\u0131 gitmeyen, birbirini \u00e7ok seven iki<span class=\"excerpt-hellip\"> [\u2026]<\/span><\/p>\n","protected":false},"featured_media":0,"template":"","meta":{"_monsterinsights_skip_tracking":false,"_monsterinsights_sitenote_active":false,"_monsterinsights_sitenote_note":"","_monsterinsights_sitenote_category":0},"product_brand":[],"product_cat":[12274,12284],"product_tag":[],"class_list":{"0":"post-716739","1":"product","2":"type-product","3":"status-publish","5":"product_cat-cocuk-ve-genclik-kitaplari","6":"product_cat-hikayeler","7":"pa_cilt-ciltsiz","8":"pa_tur-kitap","9":"pa_yayinevi-fom-kitap","10":"pa_yazar-aytul-akal","12":"first","13":"instock","14":"sale","15":"shipping-taxable","16":"purchasable","17":"product-type-simple"},"_links":{"self":[{"href":"https:\/\/roveyayinevi.com.tr\/index.php\/wp-json\/wp\/v2\/product\/716739","targetHints":{"allow":["GET"]}}],"collection":[{"href":"https:\/\/roveyayinevi.com.tr\/index.php\/wp-json\/wp\/v2\/product"}],"about":[{"href":"https:\/\/roveyayinevi.com.tr\/index.php\/wp-json\/wp\/v2\/types\/product"}],"wp:attachment":[{"href":"https:\/\/roveyayinevi.com.tr\/index.php\/wp-json\/wp\/v2\/media?parent=716739"}],"wp:term":[{"taxonomy":"product_brand","embeddable":true,"href":"https:\/\/roveyayinevi.com.tr\/index.php\/wp-json\/wp\/v2\/product_brand?post=716739"},{"taxonomy":"product_cat","embeddable":true,"href":"https:\/\/roveyayinevi.com.tr\/index.php\/wp-json\/wp\/v2\/product_cat?post=716739"},{"taxonomy":"product_tag","embeddable":true,"href":"https:\/\/roveyayinevi.com.tr\/index.php\/wp-json\/wp\/v2\/product_tag?post=716739"}],"curies":[{"name":"wp","href":"https:\/\/api.w.org\/{rel}","templated":true}]}}