{"id":716736,"date":"2025-08-27T17:46:39","date_gmt":"2025-08-27T14:46:39","guid":{"rendered":"https:\/\/roveyayinevi.com.tr\/index.php\/urun\/kanli-bir-kis-gecesi\/"},"modified":"2026-04-16T02:25:00","modified_gmt":"2026-04-15T23:25:00","slug":"kanli-bir-kis-gecesi","status":"publish","type":"product","link":"https:\/\/roveyayinevi.com.tr\/index.php\/urun\/kanli-bir-kis-gecesi\/","title":{"rendered":"Kanl\u0131 Bir K\u0131\u015f Gecesi"},"content":{"rendered":"<p>A\u015fk, tutku, deh\u015fet, sava\u015f, fedak\u00e2rl\u0131k, \u015fefkat, korku ve g\u00fczellik\u2026 Y\u00fczy\u0131llara yay\u0131lan yedi \u00f6yk\u00fc ve aralar\u0131nda gizemli bir ba\u011f\u2026 Tuhaf ke\u015fifler yapan bir arkeolog, kendini evinden \u00e7ok uzakta bulan bir pilot, bir ressam, bir hayalet, bir vampir ve ejderhaya benzeyen bir \u00e7i\u00e7ek. Cenneti and\u0131ran Kutsal Ada\u2019da hangi s\u0131rlar sakl\u0131?   Kurban t\u00f6renleri. Hep kaybedenler. G\u00f6zlerini bamba\u015fka hayatlara a\u00e7anlar. \u00c7a\u011flara yay\u0131lan bir d\u00f6ng\u00fcy\u00fc bozacak kadar g\u00fc\u00e7l\u00fc ne var hayatta?   \u201cBu korku dolu roman akla Zaman Yolcusunun Kar\u0131s\u0131 ve Lost\u2019u getiriyor.&#8221;  Kirkus Reviews <\/p>\n","protected":false},"excerpt":{"rendered":"<p>A\u015fk, tutku, deh\u015fet, sava\u015f, fedak\u00e2rl\u0131k, \u015fefkat, korku ve g\u00fczellik\u2026 Y\u00fczy\u0131llara yay\u0131lan yedi \u00f6yk\u00fc ve aralar\u0131nda gizemli bir ba\u011f\u2026 Tuhaf ke\u015fifler yapan bir arkeolog, kendini evinden \u00e7ok<span class=\"excerpt-hellip\"> [\u2026]<\/span><\/p>\n","protected":false},"featured_media":0,"template":"","meta":{"_monsterinsights_skip_tracking":false,"_monsterinsights_sitenote_active":false,"_monsterinsights_sitenote_note":"","_monsterinsights_sitenote_category":0},"product_brand":[],"product_cat":[12803,12291],"product_tag":[],"class_list":{"0":"post-716736","1":"product","2":"type-product","3":"status-publish","5":"product_cat-aksiyon-macera","6":"product_cat-edebiyat","7":"pa_cilt-ciltsiz","8":"pa_tur-kitap","9":"pa_yayinevi-epsilon-yayinlari","10":"pa_yazar-marcus-sedgwick","12":"first","13":"instock","14":"sale","15":"shipping-taxable","16":"purchasable","17":"product-type-simple"},"_links":{"self":[{"href":"https:\/\/roveyayinevi.com.tr\/index.php\/wp-json\/wp\/v2\/product\/716736","targetHints":{"allow":["GET"]}}],"collection":[{"href":"https:\/\/roveyayinevi.com.tr\/index.php\/wp-json\/wp\/v2\/product"}],"about":[{"href":"https:\/\/roveyayinevi.com.tr\/index.php\/wp-json\/wp\/v2\/types\/product"}],"wp:attachment":[{"href":"https:\/\/roveyayinevi.com.tr\/index.php\/wp-json\/wp\/v2\/media?parent=716736"}],"wp:term":[{"taxonomy":"product_brand","embeddable":true,"href":"https:\/\/roveyayinevi.com.tr\/index.php\/wp-json\/wp\/v2\/product_brand?post=716736"},{"taxonomy":"product_cat","embeddable":true,"href":"https:\/\/roveyayinevi.com.tr\/index.php\/wp-json\/wp\/v2\/product_cat?post=716736"},{"taxonomy":"product_tag","embeddable":true,"href":"https:\/\/roveyayinevi.com.tr\/index.php\/wp-json\/wp\/v2\/product_tag?post=716736"}],"curies":[{"name":"wp","href":"https:\/\/api.w.org\/{rel}","templated":true}]}}