{"id":716735,"date":"2025-08-27T17:46:38","date_gmt":"2025-08-27T14:46:38","guid":{"rendered":"https:\/\/roveyayinevi.com.tr\/index.php\/urun\/futuhul-gayb-alemlerin-kesfi\/"},"modified":"2026-04-16T02:25:00","modified_gmt":"2026-04-15T23:25:00","slug":"futuhul-gayb-alemlerin-kesfi","status":"publish","type":"product","link":"https:\/\/roveyayinevi.com.tr\/index.php\/urun\/futuhul-gayb-alemlerin-kesfi\/","title":{"rendered":"F\u00fctuhu&#8217;l-Gayb &#8211; Alemlerin Ke\u015ffi"},"content":{"rendered":"<p>&#8220;(D\u00fcnyan\u0131n) lezzet ve \u015fehvetinden \u00e7\u0131kan kerih kokuyu duyar duymaz t\u0131kay\u0131ver burnunu. Kurtar kendini ondan ve onun afat\u0131ndan. Sana taksim olunan elbet ki ula\u015facak sana. Bir de bakm\u0131\u015fs\u0131n ki sen bamba\u015fka bir sen olmu\u015fsun.&#8221;\u0130nsan, t\u00fcrl\u00fc olumsuzluklarla kar\u015f\u0131 kar\u015f\u0131ya kald\u0131\u011f\u0131nda \u00e7o\u011fu zaman ne yapaca\u011f\u0131n\u0131 bilemez, bununla birlikte, durup bir d\u00fc\u015f\u00fcnme pay\u0131 da b\u0131rakmaz kendine. Hemen fiiliyata ge\u00e7me iste\u011fi, insanda zuhur eden temel davran\u0131\u015flardan biri olur. Oysa yarat\u0131lm\u0131\u015flar\u0131n en makbul\u00fc olarak d\u00fcnyaya gelen insan; \u00f6z\u00fcne d\u00f6nd\u00fc\u011f\u00fcnde kendi i\u00e7inin alemlerini ke\u015ffetmeye, i\u00e7inde ve d\u0131\u015f\u0131nda g\u00f6r\u00fcp tahayy\u00fcl edemedi\u011fi b\u00fct\u00fcn \u00e2lemlerin Rabbine g\u00f6n\u00fclden hamdetmeye ba\u015flar. Burada ise &#8220;alemlerin ke\u015ffi&#8221; ba\u015flam\u0131\u015f, gayb\u0131n yani insana bilinmeyen katmanlar\u0131n perdeleri ki\u015finin istidad\u0131nca a\u00e7\u0131lmaya ba\u015flam\u0131\u015ft\u0131r.\u0130\u015fte, vel\u00eelerin vel\u00eesi, &#8220;Gavs\u00fc&#8217;l-Azam&#8221; Abd\u00fclkadir Geylan\u00ee, sohbet usul\u00fcnde v\u00fccuda gelmi\u015f en \u00f6nemli eserlerden biri olan F\u00fct\u00fbhu&#8217;l-Gayb&#8217;da, okuyucular\u0131 adeta, dizinin dibinde muhabbetli sohbetini dinleyen birer dervi\u015f misali manev\u00ee bir e\u011fitime tabi tutarak d\u00fcnyan\u0131n s\u00fcfl\u00ee meseleleri ile m\u00fcnaka\u015fadan b\u00eezar olup kalbi temizlemeyi ve bu vesile ile Allah&#8217;a yakla\u015fmay\u0131 \u015fiir gibi akan c\u00fcmleleriyle \u00f6\u011fretiyor.F\u00fct\u00fbhu&#8217;l-Gayb, bir tasavvuf klasi\u011fi olmas\u0131n\u0131n yan\u0131 s\u0131ra geleneksel e\u011fitimin metodunu da i\u00e7eren bir sohbet usul\u00fc klasi\u011fi \u00f6zelli\u011fini de ta\u015f\u0131yor.<\/p>\n","protected":false},"excerpt":{"rendered":"<p>&#8220;(D\u00fcnyan\u0131n) lezzet ve \u015fehvetinden \u00e7\u0131kan kerih kokuyu duyar duymaz t\u0131kay\u0131ver burnunu. Kurtar kendini ondan ve onun afat\u0131ndan. Sana taksim olunan elbet ki ula\u015facak sana. Bir de<span class=\"excerpt-hellip\"> [\u2026]<\/span><\/p>\n","protected":false},"featured_media":0,"template":"","meta":{"_monsterinsights_skip_tracking":false,"_monsterinsights_sitenote_active":false,"_monsterinsights_sitenote_note":"","_monsterinsights_sitenote_category":0},"product_brand":[],"product_cat":[12718,12719,12720],"product_tag":[],"class_list":{"0":"post-716735","1":"product","2":"type-product","3":"status-publish","5":"product_cat-din","6":"product_cat-islam","7":"product_cat-tasavvuf-mezhepler-tarikatlar","8":"pa_cilt-ciltsiz","9":"pa_tur-kitap","10":"pa_yayinevi-sufi-kitap","11":"pa_yazar-abdulkadir-geylani","13":"first","14":"instock","15":"sale","16":"shipping-taxable","17":"purchasable","18":"product-type-simple"},"_links":{"self":[{"href":"https:\/\/roveyayinevi.com.tr\/index.php\/wp-json\/wp\/v2\/product\/716735","targetHints":{"allow":["GET"]}}],"collection":[{"href":"https:\/\/roveyayinevi.com.tr\/index.php\/wp-json\/wp\/v2\/product"}],"about":[{"href":"https:\/\/roveyayinevi.com.tr\/index.php\/wp-json\/wp\/v2\/types\/product"}],"wp:attachment":[{"href":"https:\/\/roveyayinevi.com.tr\/index.php\/wp-json\/wp\/v2\/media?parent=716735"}],"wp:term":[{"taxonomy":"product_brand","embeddable":true,"href":"https:\/\/roveyayinevi.com.tr\/index.php\/wp-json\/wp\/v2\/product_brand?post=716735"},{"taxonomy":"product_cat","embeddable":true,"href":"https:\/\/roveyayinevi.com.tr\/index.php\/wp-json\/wp\/v2\/product_cat?post=716735"},{"taxonomy":"product_tag","embeddable":true,"href":"https:\/\/roveyayinevi.com.tr\/index.php\/wp-json\/wp\/v2\/product_tag?post=716735"}],"curies":[{"name":"wp","href":"https:\/\/api.w.org\/{rel}","templated":true}]}}