{"id":716734,"date":"2025-08-27T17:46:38","date_gmt":"2025-08-27T14:46:38","guid":{"rendered":"https:\/\/roveyayinevi.com.tr\/index.php\/urun\/islam-turk-inanclarinda-hizir-yahut-hizir-ilyas-kultu\/"},"modified":"2026-04-16T02:25:00","modified_gmt":"2026-04-15T23:25:00","slug":"islam-turk-inanclarinda-hizir-yahut-hizir-ilyas-kultu","status":"publish","type":"product","link":"https:\/\/roveyayinevi.com.tr\/index.php\/urun\/islam-turk-inanclarinda-hizir-yahut-hizir-ilyas-kultu\/","title":{"rendered":"\u0130slam-T\u00fcrk \u0130nan\u00e7lar\u0131nda H\u0131z\u0131r Yahut H\u0131z\u0131r \u0130lyas K\u00fclt\u00fc"},"content":{"rendered":"<p>\u0130slam toplumlar\u0131nda H\u0131z\u0131r olduk\u00e7a yayg\u0131n, k\u00f6kl\u00fc ve etkili bir k\u00fcltt\u00fcr. \u00d6yle ki tarih boyunca \u00e7e\u015fitli k\u00fclt\u00fcr ve inan\u00e7larda, insanlar taraf\u0131ndan bu \u00f6l\u00e7\u00fcde an\u0131lan ve k\u00fclt\u00fcrel uygulamalara bu kadar i\u015flemi\u015f bir ki\u015fili\u011fe \u00e7ok az rastlan\u0131r. Halk inan\u00e7lar\u0131nda ab-\u0131 hayattan i\u00e7erek \u00f6l\u00fcms\u00fczl\u00fck mertebesine eri\u015fen H\u0131z\u0131r, b\u00fct\u00fcn \u00fcmit ve \u00e7arelerin t\u00fckendi\u011fi durumlarda yard\u0131ma \u00e7a\u011f\u0131r\u0131lan ve \u00e7a\u011f\u0131r\u0131ld\u0131\u011f\u0131nda mutlaka gelece\u011fine inan\u0131lan semavi bir kurtar\u0131c\u0131d\u0131r.\u201cKul s\u0131k\u0131\u015fmay\u0131nca H\u0131z\u0131r yeti\u015fmez\u201d benzeri deyi\u015fler bu inan\u0131\u015f\u0131n bir ifadesidir. Bu kurtar\u0131c\u0131 farkl\u0131 k\u00fclt\u00fcrlerde farkl\u0131 isimlerle an\u0131l\u0131r, ancak T\u00fcrk inan\u00e7lar\u0131nda en \u00e7ok H\u0131z\u0131r, \u0130lyas ya da iki karakterin \u00f6zelliklerini kendinde birle\u015ftirmi\u015f \u015fekilde H\u0131z\u0131r-\u0130lyas olarak ge\u00e7er. H\u0131drellez ve H\u0131z\u0131r Neb\u00ee gibi \u00f6zel g\u00fcnler onun i\u00e7in kutlan\u0131r; \u015fifa, bereket ve bolluk ondan talep edilir. Peygamberlere bile l\u00fctfedilmemi\u015f \u00f6l\u00fcms\u00fczl\u00fck mertebesine sahip olmas\u0131, H\u0131z\u0131r\u2019\u0131n inan\u0131\u015flardaki kudretine dair bir ipucudur.Ahmet Ya\u015far Ocak\u2019\u0131n elinizdeki kitab\u0131 bize bu konuya dair en kapsaml\u0131 ara\u015ft\u0131rmalardan birini sunuyor. Kitapta T\u00fcrk-\u0130slam inan\u00e7lar\u0131nda H\u0131z\u0131r veya H\u0131z\u0131r-\u0130lyas k\u00fclt\u00fcn\u00fcn ilahiyat, tasavvuf, folklor ve edebiyat kaynaklar\u0131na dayanan genel bir tahlilini bulacaks\u0131n\u0131z.Hemi \u0130lyas hemi H\u0131z\u0131rHemi padi\u015fah hemi vezirNere baksan anda haz\u0131rSaf\u00e2 geldin H\u0131z\u0131r-\u0130lyas<\/p>\n","protected":false},"excerpt":{"rendered":"<p>\u0130slam toplumlar\u0131nda H\u0131z\u0131r olduk\u00e7a yayg\u0131n, k\u00f6kl\u00fc ve etkili bir k\u00fcltt\u00fcr. \u00d6yle ki tarih boyunca \u00e7e\u015fitli k\u00fclt\u00fcr ve inan\u00e7larda, insanlar taraf\u0131ndan bu \u00f6l\u00e7\u00fcde an\u0131lan ve k\u00fclt\u00fcrel uygulamalara<span class=\"excerpt-hellip\"> [\u2026]<\/span><\/p>\n","protected":false},"featured_media":0,"template":"","meta":{"_monsterinsights_skip_tracking":false,"_monsterinsights_sitenote_active":false,"_monsterinsights_sitenote_note":"","_monsterinsights_sitenote_category":0},"product_brand":[],"product_cat":[12370,12304],"product_tag":[],"class_list":{"0":"post-716734","1":"product","2":"type-product","3":"status-publish","5":"product_cat-arastirma-inceleme","6":"product_cat-tarih","7":"pa_cilt-ciltli","8":"pa_tur-kitap","9":"pa_yayinevi-timas-yayinlari","10":"pa_yazar-ahmet-yasar-ocak","12":"first","13":"instock","14":"sale","15":"shipping-taxable","16":"purchasable","17":"product-type-simple"},"_links":{"self":[{"href":"https:\/\/roveyayinevi.com.tr\/index.php\/wp-json\/wp\/v2\/product\/716734","targetHints":{"allow":["GET"]}}],"collection":[{"href":"https:\/\/roveyayinevi.com.tr\/index.php\/wp-json\/wp\/v2\/product"}],"about":[{"href":"https:\/\/roveyayinevi.com.tr\/index.php\/wp-json\/wp\/v2\/types\/product"}],"wp:attachment":[{"href":"https:\/\/roveyayinevi.com.tr\/index.php\/wp-json\/wp\/v2\/media?parent=716734"}],"wp:term":[{"taxonomy":"product_brand","embeddable":true,"href":"https:\/\/roveyayinevi.com.tr\/index.php\/wp-json\/wp\/v2\/product_brand?post=716734"},{"taxonomy":"product_cat","embeddable":true,"href":"https:\/\/roveyayinevi.com.tr\/index.php\/wp-json\/wp\/v2\/product_cat?post=716734"},{"taxonomy":"product_tag","embeddable":true,"href":"https:\/\/roveyayinevi.com.tr\/index.php\/wp-json\/wp\/v2\/product_tag?post=716734"}],"curies":[{"name":"wp","href":"https:\/\/api.w.org\/{rel}","templated":true}]}}