{"id":716732,"date":"2025-08-27T17:46:36","date_gmt":"2025-08-27T14:46:36","guid":{"rendered":"https:\/\/roveyayinevi.com.tr\/index.php\/urun\/ortude-70-esma\/"},"modified":"2026-04-16T02:25:00","modified_gmt":"2026-04-15T23:25:00","slug":"ortude-70-esma","status":"publish","type":"product","link":"https:\/\/roveyayinevi.com.tr\/index.php\/urun\/ortude-70-esma\/","title":{"rendered":"\u00d6rt\u00fcde 70 Esma"},"content":{"rendered":"<p>Ar\u015fla arz bulu\u015ftu.T\u00fcm esma yans\u0131d\u0131.Varl\u0131k titredi. Hira titredi.Res\u00fbl evine ko\u015ftu.Ar\u015f kalpli kad\u0131n kap\u0131dayd\u0131. \u015eefkat dolu kalbe seslendi:\u201c\u00d6rt\u00fcn beni!\u00d6rt\u00fcn beni!\u201dVahyin a\u011f\u0131rl\u0131\u011f\u0131n\u0131 \u00f6rt\u00fc teskin ederdi. Bildi m\u00fcbarek annemiz, \u00f6rt\u00fcn\u00fcn muhkem g\u00fcc\u00fcn\u00fc. O bilin\u00e7le \u00f6rtt\u00fc kendisini ve e\u015fini.\u00d6rt\u00fclere b\u00fcr\u00fcnm\u00fc\u015f Res\u00fbl ve \u00f6rt\u00fclere sar\u0131nm\u0131\u015f annemiz anlad\u0131: Ar\u015f\u2019\u0131n dili olan vahyin a\u011f\u0131rl\u0131\u011f\u0131n\u0131 ancak \u00f6rt\u00fc ta\u015f\u0131yabilirdi. S\u0131r, \u00f6rt\u00fc ile a\u00e7\u0131ld\u0131; \u00f6rt\u00fc a\u00e7\u0131l\u0131nca s\u0131r kapand\u0131. Kalp a\u011fac\u0131n\u0131n Ar\u015f\u2019ta dal budak vermesi i\u00e7in beden \u00e7ekirde\u011fini \u00f6rt\u00fc topra\u011f\u0131nda sar\u0131p sarmalamak gerekirdi.Vahyin ilk yans\u0131mas\u0131 \u00f6rt\u00fcye b\u00fcr\u00fcnmek oldu. Res\u00fbl\u2019\u00fcn ilk hitab\u0131 da kad\u0131na: \u201c\u00d6rt\u00fcn!\u201d\u00d6rt\u00fcde70 Esma, sizi Asr-\u0131 Saadet\u2019e g\u00f6t\u00fcrecek, annelerimizin \u00f6rt\u00fcs\u00fcyle tan\u0131\u015ft\u0131racak, \u00f6rt\u00fcdeki derin manalar\u0131 ve \u0130lahi s\u0131rlar\u0131 ke\u015fif yolculu\u011funa \u00e7\u0131karacak.<\/p>\n","protected":false},"excerpt":{"rendered":"<p>Ar\u015fla arz bulu\u015ftu.T\u00fcm esma yans\u0131d\u0131.Varl\u0131k titredi. Hira titredi.Res\u00fbl evine ko\u015ftu.Ar\u015f kalpli kad\u0131n kap\u0131dayd\u0131. \u015eefkat dolu kalbe seslendi:\u201c\u00d6rt\u00fcn beni!\u00d6rt\u00fcn beni!\u201dVahyin a\u011f\u0131rl\u0131\u011f\u0131n\u0131 \u00f6rt\u00fc teskin ederdi. Bildi m\u00fcbarek annemiz,<span class=\"excerpt-hellip\"> [\u2026]<\/span><\/p>\n","protected":false},"featured_media":0,"template":"","meta":{"_monsterinsights_skip_tracking":false,"_monsterinsights_sitenote_active":false,"_monsterinsights_sitenote_note":"","_monsterinsights_sitenote_category":0},"product_brand":[],"product_cat":[16789,12718,12719],"product_tag":[],"class_list":{"0":"post-716732","1":"product","2":"type-product","3":"status-publish","5":"product_cat-diger-islam","6":"product_cat-din","7":"product_cat-islam","8":"pa_cilt-ciltsiz","9":"pa_tur-kitap","10":"pa_yayinevi-timas-yayinlari","11":"pa_yazar-nuriye-celegen","13":"first","14":"instock","15":"sale","16":"shipping-taxable","17":"purchasable","18":"product-type-simple"},"_links":{"self":[{"href":"https:\/\/roveyayinevi.com.tr\/index.php\/wp-json\/wp\/v2\/product\/716732","targetHints":{"allow":["GET"]}}],"collection":[{"href":"https:\/\/roveyayinevi.com.tr\/index.php\/wp-json\/wp\/v2\/product"}],"about":[{"href":"https:\/\/roveyayinevi.com.tr\/index.php\/wp-json\/wp\/v2\/types\/product"}],"wp:attachment":[{"href":"https:\/\/roveyayinevi.com.tr\/index.php\/wp-json\/wp\/v2\/media?parent=716732"}],"wp:term":[{"taxonomy":"product_brand","embeddable":true,"href":"https:\/\/roveyayinevi.com.tr\/index.php\/wp-json\/wp\/v2\/product_brand?post=716732"},{"taxonomy":"product_cat","embeddable":true,"href":"https:\/\/roveyayinevi.com.tr\/index.php\/wp-json\/wp\/v2\/product_cat?post=716732"},{"taxonomy":"product_tag","embeddable":true,"href":"https:\/\/roveyayinevi.com.tr\/index.php\/wp-json\/wp\/v2\/product_tag?post=716732"}],"curies":[{"name":"wp","href":"https:\/\/api.w.org\/{rel}","templated":true}]}}