{"id":716731,"date":"2025-08-27T17:46:36","date_gmt":"2025-08-27T14:46:36","guid":{"rendered":"https:\/\/roveyayinevi.com.tr\/index.php\/urun\/beyniniz-bir-zaman-makinesi\/"},"modified":"2026-04-16T02:25:00","modified_gmt":"2026-04-15T23:25:00","slug":"beyniniz-bir-zaman-makinesi","status":"publish","type":"product","link":"https:\/\/roveyayinevi.com.tr\/index.php\/urun\/beyniniz-bir-zaman-makinesi\/","title":{"rendered":"Beyniniz Bir Zaman Makinesi"},"content":{"rendered":"<p>Hepimiz zaman\u0131n i\u00e7erisinde ya\u015far\u0131z. \u0130ster geni\u015f vakitleri kullanal\u0131m, ister s\u0131k\u0131 s\u0131k\u0131ya belirlenmi\u015f saatleri; zaman hayat\u0131m\u0131z\u0131 kucaklar. Zaman, insanlar\u0131n hakk\u0131nda en \u00e7ok soru sordu\u011fu, en merak edilen konular\u0131n ba\u015f\u0131nda gelir. \u00dcstelik t\u00fcm bu \u00e7abalara ra\u011fmen zaman\u0131 anlama konusunda di\u011fer alanlara nazaran \u00e7ok az a\u015fama kaydedilebilmi\u015ftir.Ancak son d\u00f6nemde sinirbilimde ve fizikte ya\u015fanan ilerlemeler, zaman hakk\u0131nda bildiklerimizi daha somut hale getirdi. Bu alan\u0131n en \u00fcnl\u00fc simalar\u0131ndan olan ve ge\u00e7mi\u015fte beyin konusunda en \u00e7ok satan kitaplardan birini yazm\u0131\u015f olan Dean Bunomoano, zamanla ilgili sorular\u0131n cevaplar\u0131n\u0131 bir araya getiriyor.Buonomano, zaman\u0131n beynin bir fonksiyonu mu oldu\u011fu ya da do\u011fada serbest halde bulunup bulunmad\u0131\u011f\u0131ndan, zaman\u0131n beynimiz taraf\u0131ndan nas\u0131l alg\u0131land\u0131\u011f\u0131na kadar sorulmas\u0131 dahi g\u00fc\u00e7 bir\u00e7ok soruyu cevapland\u0131r\u0131yor. \u00dcnl\u00fc sinirbilimci bu sorular\u0131 yan\u0131tlarken hem felsefi hem de bilimsel y\u00f6nlerden beslenerek g\u00fcndelik hayattan \u00f6rneklere de ba\u015fvuruyor.Buonomano\u2019ya g\u00f6re beynimiz, \u015fa\u015f\u0131rt\u0131c\u0131 derecede iyi \u00e7al\u0131\u015fan bir zaman makinesi. Zaman\u0131 sadece alg\u0131lam\u0131yor, bir yandan da zaman\u0131 var ediyor. Hepsinin \u00f6tesinde beynimiz, benli\u011fimizi ge\u00e7mi\u015fe ve gelece\u011fe yans\u0131tarak sim\u00fclasyonlar yarat\u0131yor ve zihinsel zaman yolculu\u011funu m\u00fcmk\u00fcn k\u0131l\u0131yor.Beyniniz Bir Zaman Makinesi, hem fizikteki hem de sinirbilimdeki son geli\u015fmeleri bir potada eriterek okuyucuya bu alandaki bir\u00e7ok sorunun cevab\u0131n\u0131 sunuyor.<\/p>\n","protected":false},"excerpt":{"rendered":"<p>Hepimiz zaman\u0131n i\u00e7erisinde ya\u015far\u0131z. \u0130ster geni\u015f vakitleri kullanal\u0131m, ister s\u0131k\u0131 s\u0131k\u0131ya belirlenmi\u015f saatleri; zaman hayat\u0131m\u0131z\u0131 kucaklar. Zaman, insanlar\u0131n hakk\u0131nda en \u00e7ok soru sordu\u011fu, en merak edilen<span class=\"excerpt-hellip\"> [\u2026]<\/span><\/p>\n","protected":false},"featured_media":0,"template":"","meta":{"_monsterinsights_skip_tracking":false,"_monsterinsights_sitenote_active":false,"_monsterinsights_sitenote_note":"","_monsterinsights_sitenote_category":0},"product_brand":[],"product_cat":[13005,18664],"product_tag":[],"class_list":{"0":"post-716731","1":"product","2":"type-product","3":"status-publish","5":"product_cat-bilim-muhendislik","6":"product_cat-muhendislik","7":"pa_cilt-ciltsiz","8":"pa_tur-kitap","9":"pa_yayinevi-timas-yayinlari","10":"pa_yazar-dean-buonomano","12":"first","13":"instock","14":"sale","15":"shipping-taxable","16":"purchasable","17":"product-type-simple"},"_links":{"self":[{"href":"https:\/\/roveyayinevi.com.tr\/index.php\/wp-json\/wp\/v2\/product\/716731","targetHints":{"allow":["GET"]}}],"collection":[{"href":"https:\/\/roveyayinevi.com.tr\/index.php\/wp-json\/wp\/v2\/product"}],"about":[{"href":"https:\/\/roveyayinevi.com.tr\/index.php\/wp-json\/wp\/v2\/types\/product"}],"wp:attachment":[{"href":"https:\/\/roveyayinevi.com.tr\/index.php\/wp-json\/wp\/v2\/media?parent=716731"}],"wp:term":[{"taxonomy":"product_brand","embeddable":true,"href":"https:\/\/roveyayinevi.com.tr\/index.php\/wp-json\/wp\/v2\/product_brand?post=716731"},{"taxonomy":"product_cat","embeddable":true,"href":"https:\/\/roveyayinevi.com.tr\/index.php\/wp-json\/wp\/v2\/product_cat?post=716731"},{"taxonomy":"product_tag","embeddable":true,"href":"https:\/\/roveyayinevi.com.tr\/index.php\/wp-json\/wp\/v2\/product_tag?post=716731"}],"curies":[{"name":"wp","href":"https:\/\/api.w.org\/{rel}","templated":true}]}}