{"id":716730,"date":"2025-08-27T17:46:35","date_gmt":"2025-08-27T14:46:35","guid":{"rendered":"https:\/\/roveyayinevi.com.tr\/index.php\/urun\/gorunmez-adam-3\/"},"modified":"2026-04-16T02:25:00","modified_gmt":"2026-04-15T23:25:00","slug":"gorunmez-adam-3","status":"publish","type":"product","link":"https:\/\/roveyayinevi.com.tr\/index.php\/urun\/gorunmez-adam-3\/","title":{"rendered":"G\u00f6r\u00fcnmez Adam"},"content":{"rendered":"<p>\u201cBu \u00e7\u0131lg\u0131n deneyi yapmadan \u00f6nce binlerce avantaja sahip olaca\u011f\u0131m\u0131 hayal etmi\u015ftim. O ak\u015fam\u00fcst\u00fc hepsi hayal k\u0131r\u0131kl\u0131\u011f\u0131na d\u00f6n\u00fc\u015fm\u00fc\u015f gibiydi. Bir insan\u0131n arzulayabilece\u011fi \u015feylerin en iyilerini elde etmi\u015ftim. \u015e\u00fcphesiz, onlara ula\u015fmam\u0131 sa\u011flayan \u015fey g\u00f6r\u00fcnmezlikti, ama ula\u015ft\u0131ktan sonra onlar\u0131n tad\u0131n\u0131 \u00e7\u0131karmam\u0131 engelleyen \u015fey de yine g\u00f6r\u00fcnmezlik oldu.\u201dBir k\u0131\u015f g\u00fcn\u00fc karlar\u0131n aras\u0131nda bir yabanc\u0131 belirir Iping K\u00f6y\u00fc\u2019nde. \u0130\u015fin garip taraf\u0131 yabanc\u0131n\u0131n g\u00f6r\u00fcnt\u00fcs\u00fcd\u00fcr: Her yan\u0131n\u0131 kaplayan sarg\u0131 bezleri, koyu renk caml\u0131 b\u00fcy\u00fck g\u00f6zl\u00fckleri, f\u00f6tr \u015fapkas\u0131 ve uzun paltosuyla tam bir s\u0131r yuma\u011f\u0131d\u0131r. Sadece g\u00f6r\u00fcn\u00fc\u015f\u00fcnde de\u011fil, davran\u0131\u015flar\u0131nda da bir tuhafl\u0131k vard\u0131r bu adam\u0131n. G\u00f6r\u00fcnmezli\u011fi ke\u015ffetti\u011fine inanan Doktor Griffin ke\u015ffinin s\u0131n\u0131rlar\u0131n\u0131 zorlarken k\u00f6y halk\u0131n\u0131n \u015f\u00fcpheleri ve gerilimi de zirveye ula\u015f\u0131r.Bilimkurgu t\u00fcr\u00fcn\u00fcn \u00f6nc\u00fcleri aras\u0131nda yer alan H.G. Wells hakl\u0131 \u00f6ng\u00f6r\u00fcleriyle y\u0131llar \u00f6ncesinde bilimin varabilece\u011fi s\u0131n\u0131rlar\u0131, toplum taraf\u0131ndan d\u0131\u015flanan biliminsan\u0131n toplumu \u00f6tekile\u015ftirirken a\u00e7\u0131lan makas\u0131n tehlikelerini G\u00f6r\u00fcnmez Adam\u2019da hik\u00e2yele\u015ftirmi\u015ftir.<\/p>\n","protected":false},"excerpt":{"rendered":"<p>\u201cBu \u00e7\u0131lg\u0131n deneyi yapmadan \u00f6nce binlerce avantaja sahip olaca\u011f\u0131m\u0131 hayal etmi\u015ftim. O ak\u015fam\u00fcst\u00fc hepsi hayal k\u0131r\u0131kl\u0131\u011f\u0131na d\u00f6n\u00fc\u015fm\u00fc\u015f gibiydi. Bir insan\u0131n arzulayabilece\u011fi \u015feylerin en iyilerini elde etmi\u015ftim.<span class=\"excerpt-hellip\"> [\u2026]<\/span><\/p>\n","protected":false},"featured_media":0,"template":"","meta":{"_monsterinsights_skip_tracking":false,"_monsterinsights_sitenote_active":false,"_monsterinsights_sitenote_note":"","_monsterinsights_sitenote_category":0},"product_brand":[],"product_cat":[12291,12711],"product_tag":[],"class_list":{"0":"post-716730","1":"product","2":"type-product","3":"status-publish","5":"product_cat-edebiyat","6":"product_cat-roman-oyku","7":"pa_cilt-ciltsiz","8":"pa_tur-kitap","9":"pa_yayinevi-timas-yayinlari","10":"pa_yazar-herbert-george-wells","12":"first","13":"instock","14":"sale","15":"shipping-taxable","16":"purchasable","17":"product-type-simple"},"_links":{"self":[{"href":"https:\/\/roveyayinevi.com.tr\/index.php\/wp-json\/wp\/v2\/product\/716730","targetHints":{"allow":["GET"]}}],"collection":[{"href":"https:\/\/roveyayinevi.com.tr\/index.php\/wp-json\/wp\/v2\/product"}],"about":[{"href":"https:\/\/roveyayinevi.com.tr\/index.php\/wp-json\/wp\/v2\/types\/product"}],"wp:attachment":[{"href":"https:\/\/roveyayinevi.com.tr\/index.php\/wp-json\/wp\/v2\/media?parent=716730"}],"wp:term":[{"taxonomy":"product_brand","embeddable":true,"href":"https:\/\/roveyayinevi.com.tr\/index.php\/wp-json\/wp\/v2\/product_brand?post=716730"},{"taxonomy":"product_cat","embeddable":true,"href":"https:\/\/roveyayinevi.com.tr\/index.php\/wp-json\/wp\/v2\/product_cat?post=716730"},{"taxonomy":"product_tag","embeddable":true,"href":"https:\/\/roveyayinevi.com.tr\/index.php\/wp-json\/wp\/v2\/product_tag?post=716730"}],"curies":[{"name":"wp","href":"https:\/\/api.w.org\/{rel}","templated":true}]}}