{"id":716727,"date":"2025-08-27T17:46:33","date_gmt":"2025-08-27T14:46:33","guid":{"rendered":"https:\/\/roveyayinevi.com.tr\/index.php\/urun\/kisa-ii-dunya-savasi-tarihi\/"},"modified":"2026-04-16T02:25:00","modified_gmt":"2026-04-15T23:25:00","slug":"kisa-ii-dunya-savasi-tarihi","status":"publish","type":"product","link":"https:\/\/roveyayinevi.com.tr\/index.php\/urun\/kisa-ii-dunya-savasi-tarihi\/","title":{"rendered":"K\u0131sa II. D\u00fcnya Sava\u015f\u0131 Tarihi"},"content":{"rendered":"<p>Birinci D\u00fcnya Sava\u015f\u0131 sonunda yap\u0131lan antla\u015fmalar, o an i\u00e7in silahlar\u0131 susturmu\u015f, ama ger\u00e7ek bir bar\u0131\u015f ortam\u0131 tesis edememi\u015fti. \u00d6rne\u011fin Almanya ile Fransa aras\u0131nda, 1918 y\u0131l\u0131n\u0131n 11. ay\u0131n\u0131n 11. g\u00fcn\u00fc, saat 11\u2019de y\u00fcr\u00fcrl\u00fc\u011fe giren ate\u015fkes antla\u015fmas\u0131, Compi\u00e8gne orman\u0131ndaki Rethondes \u0130stasyonu\u2019nda bir tren vagonunda imzalanm\u0131\u015ft\u0131. Ayn\u0131 vagon, \u00e7ok de\u011fil, 22 sene sonra bir antla\u015fmaya daha \u015fahit olacakt\u0131. Bu kez teslim al\u0131nan Fransa, teslim alansa Adolf Hitler\u2019di.\u0130kinci D\u00fcnya Sava\u015f\u0131 d\u00fcnya tarihinin bilan\u00e7osu en a\u011f\u0131r sava\u015f\u0131d\u0131r. Bu sava\u015fta cephe ve cephe gerisi ayr\u0131m\u0131 anlam\u0131n\u0131 yitirmi\u015f, \u015fehirler ve siviller bombalanm\u0131\u015f, y\u0131k\u0131lmaz denilen hatlar, a\u015f\u0131lmaz denilen barikatlar d\u00fc\u015fm\u00fc\u015f, istihbarat ve teknoloji sava\u015flar\u0131 \u00e7at\u0131\u015fmalar\u0131n gidi\u015fat\u0131n\u0131 derinden etkilemi\u015f, insanl\u0131k Nazi vah\u015feti ve soyk\u0131r\u0131m kavram\u0131 ile tan\u0131\u015fm\u0131\u015f ve sava\u015f\u0131 neticelendiren de yine sivilleri hedef alan atom bombalar\u0131 olmu\u015ftur. 1945 sonras\u0131 d\u00fcnyay\u0131 \u015fekillendiren So\u011fuk Sava\u015f da \u0130kinci D\u00fcnya Sava\u015f\u0131\u2019n\u0131n bir sonucudur.K\u0131sa Birinci D\u00fcnya Sava\u015f\u0131 Tarihi kitab\u0131yla sava\u015f tarihi anlat\u0131m\u0131na farkl\u0131 bir perspektif getiren \u0130lkin Ba\u015far \u00d6zal, bu defa \u0130kinci D\u00fcnya Sava\u015f\u0131\u2019n\u0131 masaya yat\u0131r\u0131yor. \u0130ki d\u00fcnya sava\u015f\u0131 aras\u0131 d\u00f6nemi ve bu sava\u015fa yol a\u00e7an zemini ayr\u0131nt\u0131l\u0131 bi\u00e7imde inceledikten sonra Do\u011fu cephesinden Bat\u0131 cephesine, Afrika\u2019dan Pasifik\u2019e, Atlantik\u2019ten Balkanlar\u2019a kadar sava\u015f\u0131n t\u00fcm cephelerini ayr\u0131 ayr\u0131 ele al\u0131yor. Sava\u015f\u0131n gidi\u015fat\u0131n\u0131 belirleyen teknoloji m\u00fccadelesini, istihbarat sava\u015flar\u0131n\u0131, taktik ve strateji oyunlar\u0131n\u0131 da ak\u0131c\u0131 bir dille metne yediriyor. \u0130kinci D\u00fcnya Sava\u015f\u0131\u2019n\u0131 ba\u015f\u0131ndan sonuna t\u00fcm cepheleri ve ayr\u0131nt\u0131lar\u0131 ile ele alan kitap salt bir kronoloji d\u00fczeni i\u00e7inde akmak yerine kar\u015f\u0131l\u0131kl\u0131 ba\u011flant\u0131lar\u0131 kurarak her cepheyi a\u00e7\u0131k ve anla\u015f\u0131l\u0131r bi\u00e7imde analiz ediyor.<\/p>\n","protected":false},"excerpt":{"rendered":"<p>Birinci D\u00fcnya Sava\u015f\u0131 sonunda yap\u0131lan antla\u015fmalar, o an i\u00e7in silahlar\u0131 susturmu\u015f, ama ger\u00e7ek bir bar\u0131\u015f ortam\u0131 tesis edememi\u015fti. \u00d6rne\u011fin Almanya ile Fransa aras\u0131nda, 1918 y\u0131l\u0131n\u0131n 11.<span class=\"excerpt-hellip\"> [\u2026]<\/span><\/p>\n","protected":false},"featured_media":0,"template":"","meta":{"_monsterinsights_skip_tracking":false,"_monsterinsights_sitenote_active":false,"_monsterinsights_sitenote_note":"","_monsterinsights_sitenote_category":0},"product_brand":[],"product_cat":[12370,12304],"product_tag":[],"class_list":{"0":"post-716727","1":"product","2":"type-product","3":"status-publish","5":"product_cat-arastirma-inceleme","6":"product_cat-tarih","7":"pa_cilt-ciltsiz","8":"pa_tur-kitap","9":"pa_yayinevi-timas-yayinlari","10":"pa_yazar-ilkin-basar-ozal","12":"first","13":"instock","14":"sale","15":"shipping-taxable","16":"purchasable","17":"product-type-simple"},"_links":{"self":[{"href":"https:\/\/roveyayinevi.com.tr\/index.php\/wp-json\/wp\/v2\/product\/716727","targetHints":{"allow":["GET"]}}],"collection":[{"href":"https:\/\/roveyayinevi.com.tr\/index.php\/wp-json\/wp\/v2\/product"}],"about":[{"href":"https:\/\/roveyayinevi.com.tr\/index.php\/wp-json\/wp\/v2\/types\/product"}],"wp:attachment":[{"href":"https:\/\/roveyayinevi.com.tr\/index.php\/wp-json\/wp\/v2\/media?parent=716727"}],"wp:term":[{"taxonomy":"product_brand","embeddable":true,"href":"https:\/\/roveyayinevi.com.tr\/index.php\/wp-json\/wp\/v2\/product_brand?post=716727"},{"taxonomy":"product_cat","embeddable":true,"href":"https:\/\/roveyayinevi.com.tr\/index.php\/wp-json\/wp\/v2\/product_cat?post=716727"},{"taxonomy":"product_tag","embeddable":true,"href":"https:\/\/roveyayinevi.com.tr\/index.php\/wp-json\/wp\/v2\/product_tag?post=716727"}],"curies":[{"name":"wp","href":"https:\/\/api.w.org\/{rel}","templated":true}]}}