{"id":716723,"date":"2025-08-27T17:46:31","date_gmt":"2025-08-27T14:46:31","guid":{"rendered":"https:\/\/roveyayinevi.com.tr\/index.php\/urun\/hayatim-2\/"},"modified":"2026-04-16T02:25:00","modified_gmt":"2026-04-15T23:25:00","slug":"hayatim-2","status":"publish","type":"product","link":"https:\/\/roveyayinevi.com.tr\/index.php\/urun\/hayatim-2\/","title":{"rendered":"Hayat\u0131m"},"content":{"rendered":"<p>K\u00e2z\u0131m Karabekir hayat\u0131na ve tan\u0131k oldu\u011fu olaylara dair neler yazd\u0131? Yazmaya ne zaman ba\u015flad\u0131? E\u011fitim hayat\u0131 nas\u0131l ge\u00e7ti? Aile yap\u0131s\u0131 nas\u0131ld\u0131? Enver Bey (Pa\u015fa) ve Resneli Niyazi birlikte Balkanlarda komitac\u0131lara kar\u015f\u0131 nas\u0131l m\u00fccadele etti? Sultan Abd\u00fclhamid devrini nas\u0131l anlatt\u0131? \u0130\u015fte T\u00fcrk asker\u00ee ve siyasi tarihinin en \u00f6nemli fig\u00fcrlerinden biri olan K\u00e2z\u0131m Karabekir\u2019in kendi kaleminden hayat\u0131\u2026 \u201cHerkesin hayat\u0131, m\u00fckemmel bir tarih par\u00e7as\u0131d\u0131r. Hele \u00e7ocuklar\u0131n ibret alaca\u011f\u0131 g\u00fczel bir kitapt\u0131r. \u015eahs\u0131n\u0131n ehemmiyetine g\u00f6re b\u00f6yle bir kitap b\u00fct\u00fcn vatan evlatlar\u0131n\u0131n da istifade edebilece\u011fi hakiki bir rehber olabilir. Ne idik, ne olduk? Mutlak bilinmelidir\u201d \u015fiar\u0131n\u0131 benimseyen Karabekir Pa\u015fa, bu eseriyle birlikte 1882-1907 y\u0131llar\u0131 aras\u0131ndaki s\u00fcreci, yani ya\u015fam\u0131n\u0131n ilk 25 y\u0131l\u0131nda tan\u0131k oldu\u011fu her \u015feyi aktar\u0131yor. Asker\u00ee tarih\u00e7i \u2013 yazar Erhan \u00c7ifci\u2019nineditoryal katk\u0131lar\u0131yla yay\u0131na haz\u0131rlad\u0131\u011f\u0131 bu eser, K\u00e2z\u0131m Karabekir\u2019in ya\u015fad\u0131klar\u0131n\u0131 yazma sebebiyle ba\u015flar, ailesi ve e\u011fitim s\u00fcreciyle birlikte tan\u0131d\u0131\u011f\u0131 insanlar\u0131 ve g\u00f6rd\u00fc\u011f\u00fc \u015fehirleri anlatmas\u0131yla devam eder. Olduk\u00e7a objektif bi\u00e7imde ele ald\u0131\u011f\u0131 konular aras\u0131nda asker\u00ee ve siyasi ba\u015far\u0131lar kadar ba\u015far\u0131s\u0131zl\u0131klar da geni\u015f yer bulmaktad\u0131r. Onun fikirleri g\u00fcn\u00fcm\u00fczde de \u00f6nemini korumaktad\u0131r ve baz\u0131 \u00e7\u0131k\u0131\u015f yollar\u0131 i\u00e7in kap\u0131 aralamaktad\u0131r. Hayat\u0131m, bir pa\u015fan\u0131n bir imparatorlu\u011fun en zor zamanlar\u0131n\u0131 kaydetmesi sebebiyle kaynak niteli\u011fi ta\u015f\u0131maktad\u0131r\u2026 <\/p>\n","protected":false},"excerpt":{"rendered":"<p>K\u00e2z\u0131m Karabekir hayat\u0131na ve tan\u0131k oldu\u011fu olaylara dair neler yazd\u0131? Yazmaya ne zaman ba\u015flad\u0131? E\u011fitim hayat\u0131 nas\u0131l ge\u00e7ti? Aile yap\u0131s\u0131 nas\u0131ld\u0131? Enver Bey (Pa\u015fa) ve Resneli<span class=\"excerpt-hellip\"> [\u2026]<\/span><\/p>\n","protected":false},"featured_media":0,"template":"","meta":{"_monsterinsights_skip_tracking":false,"_monsterinsights_sitenote_active":false,"_monsterinsights_sitenote_note":"","_monsterinsights_sitenote_category":0},"product_brand":[],"product_cat":[12304,13650],"product_tag":[],"class_list":{"0":"post-716723","1":"product","2":"type-product","3":"status-publish","5":"product_cat-tarih","6":"product_cat-turk-tarihi-arastirmalari","7":"pa_cilt-ciltsiz","8":"pa_tur-kitap","9":"pa_yayinevi-kronik-kitap","10":"pa_yazar-kazim-karabekir","12":"first","13":"instock","14":"sale","15":"shipping-taxable","16":"purchasable","17":"product-type-simple"},"_links":{"self":[{"href":"https:\/\/roveyayinevi.com.tr\/index.php\/wp-json\/wp\/v2\/product\/716723","targetHints":{"allow":["GET"]}}],"collection":[{"href":"https:\/\/roveyayinevi.com.tr\/index.php\/wp-json\/wp\/v2\/product"}],"about":[{"href":"https:\/\/roveyayinevi.com.tr\/index.php\/wp-json\/wp\/v2\/types\/product"}],"wp:attachment":[{"href":"https:\/\/roveyayinevi.com.tr\/index.php\/wp-json\/wp\/v2\/media?parent=716723"}],"wp:term":[{"taxonomy":"product_brand","embeddable":true,"href":"https:\/\/roveyayinevi.com.tr\/index.php\/wp-json\/wp\/v2\/product_brand?post=716723"},{"taxonomy":"product_cat","embeddable":true,"href":"https:\/\/roveyayinevi.com.tr\/index.php\/wp-json\/wp\/v2\/product_cat?post=716723"},{"taxonomy":"product_tag","embeddable":true,"href":"https:\/\/roveyayinevi.com.tr\/index.php\/wp-json\/wp\/v2\/product_tag?post=716723"}],"curies":[{"name":"wp","href":"https:\/\/api.w.org\/{rel}","templated":true}]}}