{"id":716722,"date":"2025-08-27T17:46:30","date_gmt":"2025-08-27T14:46:30","guid":{"rendered":"https:\/\/roveyayinevi.com.tr\/index.php\/urun\/kanuni-sultan-suleyman-4\/"},"modified":"2026-02-03T02:39:16","modified_gmt":"2026-02-02T23:39:16","slug":"kanuni-sultan-suleyman-4","status":"publish","type":"product","link":"https:\/\/roveyayinevi.com.tr\/index.php\/urun\/kanuni-sultan-suleyman-4\/","title":{"rendered":"Kanuni Sultan S\u00fcleyman"},"content":{"rendered":"<p>Kanuni Sultan S\u00fcleyman, Osmanl\u0131 tarihinin en fazla \u00f6vg\u00fcye ve ara\u015ft\u0131rmaya mazhar olmu\u015f padi\u015fahlar\u0131ndan biridir. Bat\u0131 kaynaklar\u0131 onun b\u00fcy\u00fckl\u00fc\u011f\u00fcn\u00fcn ve kudretinin fark\u0131na \u00e7ok \u00f6nceden varm\u0131\u015f, onu \u201cmuhte\u015fem\u201d ve \u201cb\u00fcy\u00fck\u201d anlamlar\u0131na gelen Magnificent, Magnifique, Der Practige, Grand Turc gibi unvanlarla anm\u0131\u015ft\u0131r. Yavuz Sultan Selim\u2019in tek o\u011flu olmas\u0131 sebebiyle \u015fehzadeli\u011finde hassasiyetle yeti\u015ftirilen S\u00fcleyman; tahta ge\u00e7i\u015finden itibaren imparatorluk topraklar\u0131n\u0131 geni\u015fletmeyi ve fakat bunu yaparken de adaletten ve devletin g\u00fcc\u00fcnden asla taviz vermemeyi \u00f6nemsemi\u015ftir. Bunun i\u00e7in de her g\u00f6reve i\u015finin ehlinin getirilmesi \u00fczerinde durmu\u015ftur. Bu durum h\u00e2liyle baz\u0131 makamlarda bulunman\u0131n \u00e7ok fazla risk ta\u015f\u0131mas\u0131na sebep olmu\u015ftur ki o d\u00f6nem halk aras\u0131nda s\u00f6ylenegelen bir beddua \u015f\u00f6yledir: \u201cSultan S\u00fcleyman\u2019a vezir olas\u0131n!\u201d1961\u2019de \u0130stanbul \u00dcniversitesi Tarih B\u00f6l\u00fcm\u00fc b\u00fcnyesinde a\u00e7\u0131lan Osmanl\u0131 M\u00fcesseseleri ve Medeniyeti Tarihi K\u00fcrs\u00fcs\u00fc\u2019n\u00fcn kurucusu olup bir\u00e7ok \u00f6nemli ara\u015ft\u0131rmaya, esere imza atm\u0131\u015f olan Prof. Tayyib G\u00f6kbilgin\u2019in bu kitab\u0131, Kanuni Sultan S\u00fcleyman\u2019\u0131 ve d\u00f6nemini olaylar\u0131yla, insanlar\u0131yla ve toplumuyla \u00e7ok \u00f6zg\u00fcn bir bi\u00e7imde aktar\u0131yor. Padi\u015fah\u0131n tahta \u00e7\u0131k\u0131\u015f\u0131, \u0130brahim Pa\u015fa\u2019n\u0131n vez\u00e2reti, Viyana ku\u015fatmas\u0131, Akdeniz mes\u2019eleleri, Macaristan mes\u2019eleleri ve 1541 seferi, \u015eehzade Mustafa\u2019n\u0131n katli, S\u00fcleymaniye K\u00fclliyesi\u2019nin a\u00e7\u0131l\u0131\u015f\u0131, denizlerde harek\u00e2t, Sultan S\u00fcleyman\u2019\u0131n \u015fahsiyeti ve eserleri, kitab\u0131n b\u00f6l\u00fcmlerini olu\u015fturuyor.Kanuni Sultan S\u00fcleyman, muhte\u015fem T\u00fcrk\u2019\u00fcn \u015fahsiyetini ve zaman\u0131n iklimini ak\u0131c\u0131 bir dille, tarihi ger\u00e7eklere dayanarak ortaya seren bir kaynak kitap\u2026<\/p>\n","protected":false},"excerpt":{"rendered":"<p>Kanuni Sultan S\u00fcleyman, Osmanl\u0131 tarihinin en fazla \u00f6vg\u00fcye ve ara\u015ft\u0131rmaya mazhar olmu\u015f padi\u015fahlar\u0131ndan biridir. Bat\u0131 kaynaklar\u0131 onun b\u00fcy\u00fckl\u00fc\u011f\u00fcn\u00fcn ve kudretinin fark\u0131na \u00e7ok \u00f6nceden varm\u0131\u015f, onu \u201cmuhte\u015fem\u201d<span class=\"excerpt-hellip\"> [\u2026]<\/span><\/p>\n","protected":false},"featured_media":0,"template":"","meta":{"_monsterinsights_skip_tracking":false,"_monsterinsights_sitenote_active":false,"_monsterinsights_sitenote_note":"","_monsterinsights_sitenote_category":0},"product_brand":[],"product_cat":[13517,12304],"product_tag":[],"class_list":{"0":"post-716722","1":"product","2":"type-product","3":"status-publish","5":"product_cat-osmanli-tarihi","6":"product_cat-tarih","7":"pa_cilt-ciltsiz","8":"pa_tur-kitap","9":"pa_yayinevi-kronik-kitap","10":"pa_yazar-m-tayyib-gokbilgin","12":"first","13":"instock","14":"sale","15":"shipping-taxable","16":"purchasable","17":"product-type-simple"},"_links":{"self":[{"href":"https:\/\/roveyayinevi.com.tr\/index.php\/wp-json\/wp\/v2\/product\/716722","targetHints":{"allow":["GET"]}}],"collection":[{"href":"https:\/\/roveyayinevi.com.tr\/index.php\/wp-json\/wp\/v2\/product"}],"about":[{"href":"https:\/\/roveyayinevi.com.tr\/index.php\/wp-json\/wp\/v2\/types\/product"}],"wp:attachment":[{"href":"https:\/\/roveyayinevi.com.tr\/index.php\/wp-json\/wp\/v2\/media?parent=716722"}],"wp:term":[{"taxonomy":"product_brand","embeddable":true,"href":"https:\/\/roveyayinevi.com.tr\/index.php\/wp-json\/wp\/v2\/product_brand?post=716722"},{"taxonomy":"product_cat","embeddable":true,"href":"https:\/\/roveyayinevi.com.tr\/index.php\/wp-json\/wp\/v2\/product_cat?post=716722"},{"taxonomy":"product_tag","embeddable":true,"href":"https:\/\/roveyayinevi.com.tr\/index.php\/wp-json\/wp\/v2\/product_tag?post=716722"}],"curies":[{"name":"wp","href":"https:\/\/api.w.org\/{rel}","templated":true}]}}