{"id":716721,"date":"2025-08-27T17:46:29","date_gmt":"2025-08-27T14:46:29","guid":{"rendered":"https:\/\/roveyayinevi.com.tr\/index.php\/urun\/mogollarin-buyuk-hanina-seyahat\/"},"modified":"2026-04-16T02:25:00","modified_gmt":"2026-04-15T23:25:00","slug":"mogollarin-buyuk-hanina-seyahat","status":"publish","type":"product","link":"https:\/\/roveyayinevi.com.tr\/index.php\/urun\/mogollarin-buyuk-hanina-seyahat\/","title":{"rendered":"Mo\u011follar\u0131n B\u00fcy\u00fck Han\u0131na Seyahat"},"content":{"rendered":"<p>B\u00fcy\u00fck Mo\u011fol istil\u00e2s\u0131 do\u011fudaki M\u00fcsl\u00fcman d\u00fcnyas\u0131n\u0131 oldu\u011fu kadar, bat\u0131daki H\u0131ristiyan d\u00fcnyas\u0131n\u0131 da korku i\u00e7inde b\u0131rakm\u0131\u015ft\u0131. Mo\u011fol ordular\u0131 Macaristan\u2019\u0131 ge\u00e7ip Adriyatik k\u0131y\u0131lar\u0131na dayand\u0131klar\u0131nda, ba\u015fta Papa olmak \u00fczere t\u00fcm Bat\u0131 d\u00fcnyas\u0131 bu tarifsiz istil\u00e2 kar\u015f\u0131s\u0131nda tedbirler d\u00fc\u015f\u00fcnmeye ba\u015flad\u0131. Mo\u011follarla dostane m\u00fcnasebetler kurmak, yap\u0131lacak ilk i\u015f olarak belirlendi.Mo\u011follarla \u00e7e\u015fitli ili\u015fkiler kurmak, onlar\u0131 teferruat\u0131yla tan\u0131may\u0131 da sa\u011flayacakt\u0131. \u00c7e\u015fitli tarikatlara mensup rahipler, Papa\u2019n\u0131n ve krallar\u0131n emriyleMo\u011fol d\u00fcnyas\u0131n\u0131 ke\u015ffetmek i\u00e7in yola koyuldular. \u0130\u015fte misyonerlik yapmak \u00fczere Mo\u011fol d\u00fcnyas\u0131na seyahate \u00e7\u0131kanlardan biri de Fransa Kral\u0131\u2019n\u0131n emriyle g\u00f6rev alan tan\u0131nm\u0131\u015f seyyah Rubruk\u2019tu.Rubruk, yazd\u0131\u011f\u0131 seyahatnameyle Mo\u011follar\u0131n \u00fclkelerini, tarihlerini ve sosyal hayatlar\u0131n\u0131 ya\u015fad\u0131\u011f\u0131 tecr\u00fcbelere dayanarak aktard\u0131. Bu seyahatname, Carpini\u2019nin seyahatnamesinden sonra ilk k\u00f6kl\u00fc bilgileri verdi\u011fi i\u00e7in birinci el kaynak niteli\u011finde kabul edildi.Rubruk\u2019un seyahatnamesinde benzersiz ayr\u0131nt\u0131lara yer verdi\u011fi konulardan baz\u0131lar\u0131 \u015f\u00f6yle: Mo\u011follar\u0131n evleri, \u00e7ad\u0131r ya\u015famlar\u0131, din\u00ee \u00e2detler, beslenme ve s\u00fct ekonomisi, yedikleri hayvanlar, giyimleri, avc\u0131l\u0131klar\u0131, estetik zevkleri, erkeklerle kad\u0131nlar aras\u0131ndaki i\u015f b\u00f6l\u00fcm\u00fc, aile yap\u0131lar\u0131, yasalar\u0131, co\u011frafyas\u0131, iklimi, mimari yap\u0131lar\u0131, entrikalar, seyahat boyunca kar\u015f\u0131la\u015f\u0131lan Nastur\u00eeler, M\u00fcsl\u00fcmanlar ve putperestler, kom\u015fu \u00fclkeler, Mo\u011fol H\u00fck\u00fcmdar\u0131 M\u00f6ngke Han\u2019\u0131n huzuruna \u00e7\u0131k\u0131\u015f\u2026Mo\u011follar\u0131n B\u00fcy\u00fck Han\u0131\u2019na Seyahat: \u0130stanbul\u2019dan Karakurum\u2019a (1253-1255), Mo\u011follar\u0131n siyas\u00ee ve toplumsal tarihini \u00e7al\u0131\u015fmak isteyenler ve merak edenler i\u00e7in olduk\u00e7a \u00f6nemli bir eser\u2026 <\/p>\n","protected":false},"excerpt":{"rendered":"<p>B\u00fcy\u00fck Mo\u011fol istil\u00e2s\u0131 do\u011fudaki M\u00fcsl\u00fcman d\u00fcnyas\u0131n\u0131 oldu\u011fu kadar, bat\u0131daki H\u0131ristiyan d\u00fcnyas\u0131n\u0131 da korku i\u00e7inde b\u0131rakm\u0131\u015ft\u0131. Mo\u011fol ordular\u0131 Macaristan\u2019\u0131 ge\u00e7ip Adriyatik k\u0131y\u0131lar\u0131na dayand\u0131klar\u0131nda, ba\u015fta Papa olmak \u00fczere<span class=\"excerpt-hellip\"> [\u2026]<\/span><\/p>\n","protected":false},"featured_media":0,"template":"","meta":{"_monsterinsights_skip_tracking":false,"_monsterinsights_sitenote_active":false,"_monsterinsights_sitenote_note":"","_monsterinsights_sitenote_category":0},"product_brand":[],"product_cat":[12370,12304],"product_tag":[],"class_list":{"0":"post-716721","1":"product","2":"type-product","3":"status-publish","5":"product_cat-arastirma-inceleme","6":"product_cat-tarih","7":"pa_cilt-ciltsiz","8":"pa_tur-kitap","9":"pa_yayinevi-kronik-kitap","10":"pa_yazar-wilhelm-von-rubruk","12":"first","13":"instock","14":"sale","15":"shipping-taxable","16":"purchasable","17":"product-type-simple"},"_links":{"self":[{"href":"https:\/\/roveyayinevi.com.tr\/index.php\/wp-json\/wp\/v2\/product\/716721","targetHints":{"allow":["GET"]}}],"collection":[{"href":"https:\/\/roveyayinevi.com.tr\/index.php\/wp-json\/wp\/v2\/product"}],"about":[{"href":"https:\/\/roveyayinevi.com.tr\/index.php\/wp-json\/wp\/v2\/types\/product"}],"wp:attachment":[{"href":"https:\/\/roveyayinevi.com.tr\/index.php\/wp-json\/wp\/v2\/media?parent=716721"}],"wp:term":[{"taxonomy":"product_brand","embeddable":true,"href":"https:\/\/roveyayinevi.com.tr\/index.php\/wp-json\/wp\/v2\/product_brand?post=716721"},{"taxonomy":"product_cat","embeddable":true,"href":"https:\/\/roveyayinevi.com.tr\/index.php\/wp-json\/wp\/v2\/product_cat?post=716721"},{"taxonomy":"product_tag","embeddable":true,"href":"https:\/\/roveyayinevi.com.tr\/index.php\/wp-json\/wp\/v2\/product_tag?post=716721"}],"curies":[{"name":"wp","href":"https:\/\/api.w.org\/{rel}","templated":true}]}}