{"id":716720,"date":"2025-08-27T17:46:29","date_gmt":"2025-08-27T14:46:29","guid":{"rendered":"https:\/\/roveyayinevi.com.tr\/index.php\/urun\/dugum-agaci\/"},"modified":"2026-04-16T02:25:00","modified_gmt":"2026-04-15T23:25:00","slug":"dugum-agaci","status":"publish","type":"product","link":"https:\/\/roveyayinevi.com.tr\/index.php\/urun\/dugum-agaci\/","title":{"rendered":"D\u00fc\u011f\u00fcm A\u011fac\u0131"},"content":{"rendered":"<p>\u2018Ormana k\u0131rk gece ya\u011fd\u0131rd\u0131m, A\u011f\u0131rl\u0131\u011f\u0131 bal, han\u00e7eresi kum\u2026 K\u0131rk kez diledim onu Her biri k\u0131rk ayr\u0131 k\u0131r\u0131k geceden\u2019 Hakk\u0131n\u0131 vermeli yaradan Yaratt\u0131\u011f\u0131 boz ceyland\u0131r ki, hep k\u0131rm\u0131z\u0131 olmay\u0131 d\u00fc\u015flerken \u2018\u015eimdi dile benden ne dilersen!\u2019 <\/p>\n","protected":false},"excerpt":{"rendered":"<p>\u2018Ormana k\u0131rk gece ya\u011fd\u0131rd\u0131m, A\u011f\u0131rl\u0131\u011f\u0131 bal, han\u00e7eresi kum\u2026 K\u0131rk kez diledim onu Her biri k\u0131rk ayr\u0131 k\u0131r\u0131k geceden\u2019 Hakk\u0131n\u0131 vermeli yaradan Yaratt\u0131\u011f\u0131 boz ceyland\u0131r ki, hep<span class=\"excerpt-hellip\"> [\u2026]<\/span><\/p>\n","protected":false},"featured_media":0,"template":"","meta":{"_monsterinsights_skip_tracking":false,"_monsterinsights_sitenote_active":false,"_monsterinsights_sitenote_note":"","_monsterinsights_sitenote_category":0},"product_brand":[],"product_cat":[12291,12509],"product_tag":[],"class_list":{"0":"post-716720","1":"product","2":"type-product","3":"status-publish","5":"product_cat-edebiyat","6":"product_cat-siir","7":"pa_cilt-ciltsiz","8":"pa_tur-kitap","9":"pa_yayinevi-inkilap-kitabevi","10":"pa_yazar-jehan-barbur","12":"first","13":"instock","14":"sale","15":"shipping-taxable","16":"purchasable","17":"product-type-simple"},"_links":{"self":[{"href":"https:\/\/roveyayinevi.com.tr\/index.php\/wp-json\/wp\/v2\/product\/716720","targetHints":{"allow":["GET"]}}],"collection":[{"href":"https:\/\/roveyayinevi.com.tr\/index.php\/wp-json\/wp\/v2\/product"}],"about":[{"href":"https:\/\/roveyayinevi.com.tr\/index.php\/wp-json\/wp\/v2\/types\/product"}],"wp:attachment":[{"href":"https:\/\/roveyayinevi.com.tr\/index.php\/wp-json\/wp\/v2\/media?parent=716720"}],"wp:term":[{"taxonomy":"product_brand","embeddable":true,"href":"https:\/\/roveyayinevi.com.tr\/index.php\/wp-json\/wp\/v2\/product_brand?post=716720"},{"taxonomy":"product_cat","embeddable":true,"href":"https:\/\/roveyayinevi.com.tr\/index.php\/wp-json\/wp\/v2\/product_cat?post=716720"},{"taxonomy":"product_tag","embeddable":true,"href":"https:\/\/roveyayinevi.com.tr\/index.php\/wp-json\/wp\/v2\/product_tag?post=716720"}],"curies":[{"name":"wp","href":"https:\/\/api.w.org\/{rel}","templated":true}]}}