{"id":716719,"date":"2025-08-27T17:46:28","date_gmt":"2025-08-27T14:46:28","guid":{"rendered":"https:\/\/roveyayinevi.com.tr\/index.php\/urun\/bilimin-buyusu\/"},"modified":"2026-04-16T02:25:00","modified_gmt":"2026-04-15T23:25:00","slug":"bilimin-buyusu","status":"publish","type":"product","link":"https:\/\/roveyayinevi.com.tr\/index.php\/urun\/bilimin-buyusu\/","title":{"rendered":"Bilimin B\u00fcy\u00fcs\u00fc"},"content":{"rendered":"<p>Bilim d\u0131\u015f\u0131nda bilgi kayna\u011f\u0131 oldu\u011funu iddia edenler yan\u0131lmaktad\u0131r, ki bunun tarihte say\u0131s\u0131z \u00f6rne\u011fi mevcuttur. Ne mitolojiler ve dinler ne b\u00fcy\u00fc ne de falc\u0131l\u0131k bilgi kayna\u011f\u0131d\u0131r. Tarih boyunca bilim ad\u0131 alt\u0131nda \u201cyalanc\u0131 bilimler\u201d (ps\u00f6dobilim) diyebilece\u011fimiz; kehanet, astroloji, sihirbazl\u0131k, \u201cgizli\u201d (ok\u00fclt) bilimler gibi konular insanlara bilim diye sunulmu\u015ftur. Ama bunlar\u0131n hi\u00e7biri bilim de\u011fildir; arkalar\u0131nda ya safdil inan\u0131\u015f ya da d\u00fcped\u00fcz sahtek\u00e2rl\u0131k vard\u0131r. \u0130nsan, d\u00fc\u015f\u00fcnmeye ba\u015flad\u0131\u011f\u0131 andan itibaren merak ederek \u00f6\u011frenmek, \u00e7evresinde olan biteni anlamak istemi\u015ftir. Bu biyolojik evrimin insana verdi\u011fi bir d\u00fcrt\u00fcd\u00fcr. \u0130nsan, fiziksel olarak zay\u0131f bir varl\u0131kt\u0131r. Ne kendini koruyabilecek do\u011fal silahlar\u0131 (boynuz, t\u0131rnak, zehir vb.) ne de h\u0131z, u\u00e7mak gibi d\u00fc\u015fmanlar\u0131ndan ka\u00e7\u0131\u015f\u0131n\u0131 kolayla\u015ft\u0131racak becerileri vard\u0131r. Tek silah\u0131 akl\u0131d\u0131r.   \u201cSorgulaman\u0131n cezaland\u0131r\u0131ld\u0131\u011f\u0131 bir toplumda geli\u015fme nas\u0131l oldu?\u201d diye d\u00fc\u015f\u00fcnebilirsiniz. Bunun cevab\u0131 basittir: Her toplumda asi kafalar, her t\u00fcrl\u00fc ceza ve zorlamaya kar\u015f\u0131 duydu\u011funu, g\u00f6rd\u00fc\u011f\u00fcn\u00fc sorgulayan zeki bireyler t\u00fcrer. \u0130\u015fte yenilik ve geli\u015fme bu nadir ki\u015filerin sorgulamalar\u0131 ve yeni d\u00fc\u015f\u00fcnceler \u00fcretmeleri sayesinde olmu\u015ftur. <\/p>\n","protected":false},"excerpt":{"rendered":"<p>Bilim d\u0131\u015f\u0131nda bilgi kayna\u011f\u0131 oldu\u011funu iddia edenler yan\u0131lmaktad\u0131r, ki bunun tarihte say\u0131s\u0131z \u00f6rne\u011fi mevcuttur. Ne mitolojiler ve dinler ne b\u00fcy\u00fc ne de falc\u0131l\u0131k bilgi kayna\u011f\u0131d\u0131r. Tarih<span class=\"excerpt-hellip\"> [\u2026]<\/span><\/p>\n","protected":false},"featured_media":0,"template":"","meta":{"_monsterinsights_skip_tracking":false,"_monsterinsights_sitenote_active":false,"_monsterinsights_sitenote_note":"","_monsterinsights_sitenote_category":0},"product_brand":[],"product_cat":[13005,13006],"product_tag":[],"class_list":{"0":"post-716719","1":"product","2":"type-product","3":"status-publish","5":"product_cat-bilim-muhendislik","6":"product_cat-populer-bilim","7":"pa_cilt-ciltsiz","8":"pa_tur-kitap","9":"pa_yayinevi-inkilap-kitabevi","10":"pa_yazar-ali-mehmet-celal-sengor","12":"first","13":"instock","14":"sale","15":"shipping-taxable","16":"purchasable","17":"product-type-simple"},"_links":{"self":[{"href":"https:\/\/roveyayinevi.com.tr\/index.php\/wp-json\/wp\/v2\/product\/716719","targetHints":{"allow":["GET"]}}],"collection":[{"href":"https:\/\/roveyayinevi.com.tr\/index.php\/wp-json\/wp\/v2\/product"}],"about":[{"href":"https:\/\/roveyayinevi.com.tr\/index.php\/wp-json\/wp\/v2\/types\/product"}],"wp:attachment":[{"href":"https:\/\/roveyayinevi.com.tr\/index.php\/wp-json\/wp\/v2\/media?parent=716719"}],"wp:term":[{"taxonomy":"product_brand","embeddable":true,"href":"https:\/\/roveyayinevi.com.tr\/index.php\/wp-json\/wp\/v2\/product_brand?post=716719"},{"taxonomy":"product_cat","embeddable":true,"href":"https:\/\/roveyayinevi.com.tr\/index.php\/wp-json\/wp\/v2\/product_cat?post=716719"},{"taxonomy":"product_tag","embeddable":true,"href":"https:\/\/roveyayinevi.com.tr\/index.php\/wp-json\/wp\/v2\/product_tag?post=716719"}],"curies":[{"name":"wp","href":"https:\/\/api.w.org\/{rel}","templated":true}]}}