{"id":716717,"date":"2025-08-27T17:46:27","date_gmt":"2025-08-27T14:46:27","guid":{"rendered":"https:\/\/roveyayinevi.com.tr\/index.php\/urun\/ikinci-adamlar\/"},"modified":"2026-04-16T02:25:00","modified_gmt":"2026-04-15T23:25:00","slug":"ikinci-adamlar","status":"publish","type":"product","link":"https:\/\/roveyayinevi.com.tr\/index.php\/urun\/ikinci-adamlar\/","title":{"rendered":"\u0130kinci Adamlar"},"content":{"rendered":"<p>Birinci kim? Tesla m\u0131, Edison mu? Kim ikinci? Stalin mi, Tro\u00e7ki mi? Goebbels mi, Hess, Himmler ya da G\u00f6ring mi? Kad\u0131nlar\u0131 nereye koymak laz\u0131m? Kimi birinci adam\u0131n arkas\u0131ndan \u00e7ekti\u011fimizde birinci adam\u0131 kimse hat\u0131rlayamazd\u0131? Sokrates felsefede b\u00fcy\u00fck bir \u00e7\u0131\u011f\u0131r a\u00e7t\u0131, ama Platon olmasa Sokrates\u2019i kim hat\u0131rlard\u0131? \u0130kinci adamlar\u0131 \u00e7\u0131kard\u0131\u011f\u0131m\u0131zda Frans\u0131z \u0130htilali diye bir \u015fey olur muydu? Tarihi geriye do\u011fru yazd\u0131\u011f\u0131m\u0131z i\u00e7in Che\u2019yi Fidel\u2019in ard\u0131na koyduk ama Raul Castro olmasa Che\u2019yi kim tan\u0131yacakt\u0131? \u0130kinci Adam, \u00f6nc\u00fcn\u00fcn g\u00f6lgesinde mi kal\u0131yor yoksa \u00f6nc\u00fc, varl\u0131\u011f\u0131n\u0131 o g\u00f6lgeye mi bor\u00e7lu? Kafka\u2019dan Stalin\u2019e, Huxley\u2019den Darwin\u2019e kadar edebiyatta, bilimde, sanatta, siyasette \u00e7\u0131\u011f\u0131r a\u00e7an, toplumlar\u0131 neredeyse yeniden tasarlayan jenerik isimlerin hemen yan\u0131nda, hatta bazen \u00f6n\u00fcnde varl\u0131\u011f\u0131n\u0131 bir hayalet gibi ta\u015f\u0131yan nice isim var. Erdin\u00e7 Y\u00fccel, ikinci adamlar\u0131 ya\u015fad\u0131klar\u0131 d\u00f6nemin tarihsel arka plan\u0131yla ve kendi icraatlar\u0131n\u0131n neticeleriyle birlikte hem doygun hem de okunakl\u0131, rahat bir dille anlat\u0131yor. <\/p>\n","protected":false},"excerpt":{"rendered":"<p>Birinci kim? Tesla m\u0131, Edison mu? Kim ikinci? Stalin mi, Tro\u00e7ki mi? Goebbels mi, Hess, Himmler ya da G\u00f6ring mi? Kad\u0131nlar\u0131 nereye koymak laz\u0131m? Kimi birinci<span class=\"excerpt-hellip\"> [\u2026]<\/span><\/p>\n","protected":false},"featured_media":0,"template":"","meta":{"_monsterinsights_skip_tracking":false,"_monsterinsights_sitenote_active":false,"_monsterinsights_sitenote_note":"","_monsterinsights_sitenote_category":0},"product_brand":[],"product_cat":[12370,12304],"product_tag":[],"class_list":{"0":"post-716717","1":"product","2":"type-product","3":"status-publish","5":"product_cat-arastirma-inceleme","6":"product_cat-tarih","7":"pa_cilt-ciltsiz","8":"pa_tur-kitap","9":"pa_yayinevi-kara-karga-yayinlari","10":"pa_yazar-erdinc-yucel","12":"first","13":"instock","14":"sale","15":"shipping-taxable","16":"purchasable","17":"product-type-simple"},"_links":{"self":[{"href":"https:\/\/roveyayinevi.com.tr\/index.php\/wp-json\/wp\/v2\/product\/716717","targetHints":{"allow":["GET"]}}],"collection":[{"href":"https:\/\/roveyayinevi.com.tr\/index.php\/wp-json\/wp\/v2\/product"}],"about":[{"href":"https:\/\/roveyayinevi.com.tr\/index.php\/wp-json\/wp\/v2\/types\/product"}],"wp:attachment":[{"href":"https:\/\/roveyayinevi.com.tr\/index.php\/wp-json\/wp\/v2\/media?parent=716717"}],"wp:term":[{"taxonomy":"product_brand","embeddable":true,"href":"https:\/\/roveyayinevi.com.tr\/index.php\/wp-json\/wp\/v2\/product_brand?post=716717"},{"taxonomy":"product_cat","embeddable":true,"href":"https:\/\/roveyayinevi.com.tr\/index.php\/wp-json\/wp\/v2\/product_cat?post=716717"},{"taxonomy":"product_tag","embeddable":true,"href":"https:\/\/roveyayinevi.com.tr\/index.php\/wp-json\/wp\/v2\/product_tag?post=716717"}],"curies":[{"name":"wp","href":"https:\/\/api.w.org\/{rel}","templated":true}]}}