{"id":716714,"date":"2025-08-27T17:46:25","date_gmt":"2025-08-27T14:46:25","guid":{"rendered":"https:\/\/roveyayinevi.com.tr\/index.php\/urun\/super-zeka-yapay-zeka-uygulamalari-tehlikeler-ve-stratejiler\/"},"modified":"2026-04-16T02:25:00","modified_gmt":"2026-04-15T23:25:00","slug":"super-zeka-yapay-zeka-uygulamalari-tehlikeler-ve-stratejiler","status":"publish","type":"product","link":"https:\/\/roveyayinevi.com.tr\/index.php\/urun\/super-zeka-yapay-zeka-uygulamalari-tehlikeler-ve-stratejiler\/","title":{"rendered":"S\u00fcper Zeka &#8211; Yapay Zeka Uygulamalar\u0131, Tehlikeler Ve Stratejiler"},"content":{"rendered":"<p>Di\u011fer hayvanlar\u0131n g\u00fc\u00e7l\u00fc kaslar\u0131 ve pen\u00e7eleri var, bizimse daha ak\u0131ll\u0131 beyinlerimiz. Genel zek\u00e2 bak\u0131m\u0131ndan sahip oldu\u011fumuz m\u00fctevaz\u0131 \u00fcst\u00fcnl\u00fck sayesinde dil, teknoloji ve karma\u015f\u0131k bir toplumsal \u00f6rg\u00fctlenme geli\u015ftirmeyi ba\u015fard\u0131k. Bu \u00fcst\u00fcnl\u00fck, her ku\u015fa\u011f\u0131n \u00f6ncekilerin ba\u015far\u0131lar\u0131na yenilerini eklemesiyle zaman i\u00e7inde daha da ilerledi. Bir g\u00fcn insan beynini a\u015fan makine beyinler yaratmay\u0131 ba\u015far\u0131rsak, o zaman bu yeni s\u00fcper zek\u00e2 \u00e7ok g\u00fc\u00e7l\u00fc hale gelebilir. Nas\u0131l ki \u015fu an gorillerin kaderi biz insanlara ba\u011f\u0131ml\u0131ysa, bizim t\u00fcr\u00fcm\u00fcz\u00fcn kaderi de makine s\u00fcper zek\u00e2s\u0131n\u0131n eylemlerine ba\u011fl\u0131 olabilir. Ancak bizim de bir \u00fcst\u00fcnl\u00fc\u011f\u00fcm\u00fcz var: yapay zek\u00e2y\u0131 insanlar yaratacak. \u0130nsani de\u011ferleri koruyacak bir t\u00fcr s\u00fcper zek\u00e2 yaratabiliriz. Bunu yapmak i\u00e7in kesinlikle g\u00fc\u00e7l\u00fc bir nedenimiz olacakt\u0131r. Nick Bostrom, s\u00fcper zek\u00e2 olas\u0131l\u0131\u011f\u0131n\u0131n sundu\u011fu zorlu\u011fu ve buna en iyi \u015fekilde nas\u0131l yan\u0131t verebilece\u011fimizi anlamaya \u00e7al\u0131\u015f\u0131yor. \u0130nsanl\u0131\u011f\u0131n ge\u00e7mi\u015ften bu yana kar\u015f\u0131la\u015ft\u0131\u011f\u0131 en b\u00fcy\u00fck zorluk budur demek yanl\u0131\u015f olmaz. Bu i\u015fi ba\u015faral\u0131m ya da ba\u015faramayal\u0131m, muhtemelen kar\u015f\u0131la\u015f\u0131p kar\u015f\u0131la\u015faca\u011f\u0131m\u0131z son zorluk olacak. Zek\u00e2n\u0131n do\u011fas\u0131n\u0131 detayl\u0131ca inceleyen bu kitap, do\u011fal ve yapay zek\u00e2n\u0131n i\u00e7eri\u011fini ve s\u0131n\u0131rlar\u0131n\u0131 kapsaml\u0131 bir \u015fekilde sunuyor. Gelecek belki do\u011fal, belki de yapay zek\u00e2n\u0131n elinde olacak ama kesin olan bir \u015fey varsa, zek\u00e2 evrendeki varl\u0131\u011f\u0131n\u0131 s\u00fcrd\u00fcrecek. \u201cBu kitab\u0131 hararetle \u00f6neriyorum.\u201d Bill Gates <\/p>\n","protected":false},"excerpt":{"rendered":"<p>Di\u011fer hayvanlar\u0131n g\u00fc\u00e7l\u00fc kaslar\u0131 ve pen\u00e7eleri var, bizimse daha ak\u0131ll\u0131 beyinlerimiz. Genel zek\u00e2 bak\u0131m\u0131ndan sahip oldu\u011fumuz m\u00fctevaz\u0131 \u00fcst\u00fcnl\u00fck sayesinde dil, teknoloji ve karma\u015f\u0131k bir toplumsal \u00f6rg\u00fctlenme<span class=\"excerpt-hellip\"> [\u2026]<\/span><\/p>\n","protected":false},"featured_media":0,"template":"","meta":{"_monsterinsights_skip_tracking":false,"_monsterinsights_sitenote_active":false,"_monsterinsights_sitenote_note":"","_monsterinsights_sitenote_category":0},"product_brand":[],"product_cat":[13005,37328],"product_tag":[],"class_list":{"0":"post-716714","1":"product","2":"type-product","3":"status-publish","5":"product_cat-bilim-muhendislik","6":"product_cat-diger-bilim-muhendislik","7":"pa_cilt-ciltsiz","8":"pa_tur-kitap","9":"pa_yayinevi-koc-universitesi-yayinlari","10":"pa_yazar-nick-bostrom","12":"first","13":"instock","14":"sale","15":"shipping-taxable","16":"purchasable","17":"product-type-simple"},"_links":{"self":[{"href":"https:\/\/roveyayinevi.com.tr\/index.php\/wp-json\/wp\/v2\/product\/716714","targetHints":{"allow":["GET"]}}],"collection":[{"href":"https:\/\/roveyayinevi.com.tr\/index.php\/wp-json\/wp\/v2\/product"}],"about":[{"href":"https:\/\/roveyayinevi.com.tr\/index.php\/wp-json\/wp\/v2\/types\/product"}],"wp:attachment":[{"href":"https:\/\/roveyayinevi.com.tr\/index.php\/wp-json\/wp\/v2\/media?parent=716714"}],"wp:term":[{"taxonomy":"product_brand","embeddable":true,"href":"https:\/\/roveyayinevi.com.tr\/index.php\/wp-json\/wp\/v2\/product_brand?post=716714"},{"taxonomy":"product_cat","embeddable":true,"href":"https:\/\/roveyayinevi.com.tr\/index.php\/wp-json\/wp\/v2\/product_cat?post=716714"},{"taxonomy":"product_tag","embeddable":true,"href":"https:\/\/roveyayinevi.com.tr\/index.php\/wp-json\/wp\/v2\/product_tag?post=716714"}],"curies":[{"name":"wp","href":"https:\/\/api.w.org\/{rel}","templated":true}]}}