{"id":716712,"date":"2025-08-27T17:46:24","date_gmt":"2025-08-27T14:46:24","guid":{"rendered":"https:\/\/roveyayinevi.com.tr\/index.php\/urun\/bir-zamanlar-bir-ulkede\/"},"modified":"2025-08-31T15:47:45","modified_gmt":"2025-08-31T12:47:45","slug":"bir-zamanlar-bir-ulkede","status":"publish","type":"product","link":"https:\/\/roveyayinevi.com.tr\/index.php\/urun\/bir-zamanlar-bir-ulkede\/","title":{"rendered":"Bir Zamanlar  Bir \u00dclkede&#8230;"},"content":{"rendered":"<p>K\u00f6t\u00fc kalpli krali\u00e7eden masum prensese, hain kurttan k\u0131rm\u0131z\u0131 ba\u015fl\u0131kl\u0131 k\u0131za, u\u00e7an hal\u0131lar, sihirli anahtarlar,hi\u00e7likten bitenler, uyuyan devler, konu\u015fan hayvanlar, \u00f6l\u00fcp dirilenlerle \u00f6r\u00fclm\u00fc\u015f hik\u00e2yeler, \u00e7ocuklu\u011fumuza ve yeti\u015fkinli\u011fimize y\u00fczy\u0131llard\u0131r s\u0131z\u0131p duran masallar&#8230; Marina Warner\u2019\u0131n y\u0131llar\u0131n\u0131 adad\u0131\u011f\u0131 \u00e7al\u0131\u015fmas\u0131, masallar\u0131n hem ku\u015faklar hem de farkl\u0131 k\u00fclt\u00fcrler aras\u0131nda ak\u0131p giden, esneyip kat\u0131la\u015fan, evrilip yeniden kurulan, evcille\u015fen, kimi zaman kirli emellere alet edilmi\u015f de\u011fi\u015fimine sihirli bir ayna tutuyor.Bu aynada k\u00f6t\u00fc kalpli krali\u00e7e, bizlere kibirle g\u00fcl\u00fcms\u00fcyor; hik\u00e2ye, sand\u0131\u011f\u0131m\u0131zdan daha derin Bu aynada k\u00f6t\u00fc kalpli krali\u00e7e, bizlere kibirle g\u00fcl\u00fcms\u00fcyor; hik\u00e2ye, sand\u0131\u011f\u0131m\u0131zdan daha derin. Develer tell\u00e2l, pireler berber iken anlat\u0131lmaya ba\u015flam\u0131\u015f masallar hakk\u0131nda yap\u0131lm\u0131\u015f bu \u00e7ok y\u00f6nl\u00fc ara\u015ft\u0131rmay\u0131 okurken be\u015fikte t\u0131ng\u0131r m\u0131ng\u0131r salland\u0131\u011f\u0131n\u0131z g\u00fcnler gelebilir hat\u0131r\u0131n\u0131za. Marina Warner\u2019\u0131n \u015fairane anlat\u0131m\u0131n\u0131, G\u00fcven Turan usta \u00e7evirisiyle aktar\u0131yor ve ilgiyle okunacak, k\u0131ymetli bir metin \u00e7\u0131k\u0131yor ortaya. G\u00f6kten \u00fc\u00e7 elma d\u00fc\u015fm\u00fc\u015f&#8230; <\/p>\n","protected":false},"excerpt":{"rendered":"<p>K\u00f6t\u00fc kalpli krali\u00e7eden masum prensese, hain kurttan k\u0131rm\u0131z\u0131 ba\u015fl\u0131kl\u0131 k\u0131za, u\u00e7an hal\u0131lar, sihirli anahtarlar,hi\u00e7likten bitenler, uyuyan devler, konu\u015fan hayvanlar, \u00f6l\u00fcp dirilenlerle \u00f6r\u00fclm\u00fc\u015f hik\u00e2yeler, \u00e7ocuklu\u011fumuza ve yeti\u015fkinli\u011fimize<span class=\"excerpt-hellip\"> [\u2026]<\/span><\/p>\n","protected":false},"featured_media":0,"template":"","meta":{"_monsterinsights_skip_tracking":false,"_monsterinsights_sitenote_active":false,"_monsterinsights_sitenote_note":"","_monsterinsights_sitenote_category":0},"product_brand":[],"product_cat":[13072,12291],"product_tag":[],"class_list":{"0":"post-716712","1":"product","2":"type-product","3":"status-publish","5":"product_cat-arastirma-inceleme-referans","6":"product_cat-edebiyat","7":"pa_cilt-ciltsiz","8":"pa_tur-kitap","9":"pa_yayinevi-yapi-kredi-yayinlari","10":"pa_yazar-marina-warner","12":"first","13":"instock","14":"sale","15":"shipping-taxable","16":"purchasable","17":"product-type-simple"},"_links":{"self":[{"href":"https:\/\/roveyayinevi.com.tr\/index.php\/wp-json\/wp\/v2\/product\/716712","targetHints":{"allow":["GET"]}}],"collection":[{"href":"https:\/\/roveyayinevi.com.tr\/index.php\/wp-json\/wp\/v2\/product"}],"about":[{"href":"https:\/\/roveyayinevi.com.tr\/index.php\/wp-json\/wp\/v2\/types\/product"}],"wp:attachment":[{"href":"https:\/\/roveyayinevi.com.tr\/index.php\/wp-json\/wp\/v2\/media?parent=716712"}],"wp:term":[{"taxonomy":"product_brand","embeddable":true,"href":"https:\/\/roveyayinevi.com.tr\/index.php\/wp-json\/wp\/v2\/product_brand?post=716712"},{"taxonomy":"product_cat","embeddable":true,"href":"https:\/\/roveyayinevi.com.tr\/index.php\/wp-json\/wp\/v2\/product_cat?post=716712"},{"taxonomy":"product_tag","embeddable":true,"href":"https:\/\/roveyayinevi.com.tr\/index.php\/wp-json\/wp\/v2\/product_tag?post=716712"}],"curies":[{"name":"wp","href":"https:\/\/api.w.org\/{rel}","templated":true}]}}