{"id":716710,"date":"2025-08-27T17:46:22","date_gmt":"2025-08-27T14:46:22","guid":{"rendered":"https:\/\/roveyayinevi.com.tr\/index.php\/urun\/kurk-mantolu-madonna-6\/"},"modified":"2026-04-16T02:25:00","modified_gmt":"2026-04-15T23:25:00","slug":"kurk-mantolu-madonna-6","status":"publish","type":"product","link":"https:\/\/roveyayinevi.com.tr\/index.php\/urun\/kurk-mantolu-madonna-6\/","title":{"rendered":"K\u00fcrk Mantolu Madonna"},"content":{"rendered":"<p>\u0130\u00e7ine kapan\u0131kl\u0131\u011f\u0131,melonkolik halleri ve ya\u015fad\u0131\u011f\u0131 d\u0131\u015f d\u00fcnyaya her ne olursa olsun uyum sa\u011fl\u0131yabilmi\u015f olmas\u0131 ile Raif Efendi,bizlere s\u0131n\u0131rlar\u0131n denendi\u011fi,sevmenin s\u0131n\u0131r\u0131n\u0131n olmad\u0131\u011f\u0131,s\u0131n\u0131rlardan korkmamam\u0131z\u0131 \u00f6\u011fretmektedir.Sabahattin Ali,roman\u0131n ana fikrini;\u201dD\u00fcnyan\u0131n en basit,en zavall\u0131,hatta en ahmak adam\u0131 bile,insan\u0131 hayratten hayrete d\u00fc\u015f\u00fcrecek ne m\u00fcthi\u015f ve kar\u0131\u015f\u0131k bir ruha maliktir!Ni\u00e7in bunu anlamaktan bu kadar ka\u00e7\u0131yor ve insan dedikleri mahluku anla\u015f\u0131lmas\u0131 ve hakk\u0131nda h\u00fck\u00fcm verilmesi en kolay \u015feylerden biri zannediyoruz?\u201ds\u00f6zleriyle a\u00e7\u0131klam\u0131\u015ft\u0131r. K\u00fcrk Mantolu Madonna;defelarca okunabilen,her okunu\u015fta yeni dokunu\u015flar bulabilen,T\u00fcrk edebiyat tarihinin en g\u00fczide,en naif ve en sars\u0131c\u0131 eserlerinden biridir.<\/p>\n","protected":false},"excerpt":{"rendered":"<p>\u0130\u00e7ine kapan\u0131kl\u0131\u011f\u0131,melonkolik halleri ve ya\u015fad\u0131\u011f\u0131 d\u0131\u015f d\u00fcnyaya her ne olursa olsun uyum sa\u011fl\u0131yabilmi\u015f olmas\u0131 ile Raif Efendi,bizlere s\u0131n\u0131rlar\u0131n denendi\u011fi,sevmenin s\u0131n\u0131r\u0131n\u0131n olmad\u0131\u011f\u0131,s\u0131n\u0131rlardan korkmamam\u0131z\u0131 \u00f6\u011fretmektedir.Sabahattin Ali,roman\u0131n ana fikrini;\u201dD\u00fcnyan\u0131n<span class=\"excerpt-hellip\"> [\u2026]<\/span><\/p>\n","protected":false},"featured_media":0,"template":"","meta":{"_monsterinsights_skip_tracking":false,"_monsterinsights_sitenote_active":false,"_monsterinsights_sitenote_note":"","_monsterinsights_sitenote_category":0},"product_brand":[],"product_cat":[12291,12711],"product_tag":[],"class_list":{"0":"post-716710","1":"product","2":"type-product","3":"status-publish","5":"product_cat-edebiyat","6":"product_cat-roman-oyku","7":"pa_cilt-ciltsiz","8":"pa_tur-kitap","9":"pa_yayinevi-fark-yayinlari","10":"pa_yazar-sabahattin-ali","12":"first","13":"instock","14":"sale","15":"shipping-taxable","16":"purchasable","17":"product-type-simple"},"_links":{"self":[{"href":"https:\/\/roveyayinevi.com.tr\/index.php\/wp-json\/wp\/v2\/product\/716710","targetHints":{"allow":["GET"]}}],"collection":[{"href":"https:\/\/roveyayinevi.com.tr\/index.php\/wp-json\/wp\/v2\/product"}],"about":[{"href":"https:\/\/roveyayinevi.com.tr\/index.php\/wp-json\/wp\/v2\/types\/product"}],"wp:attachment":[{"href":"https:\/\/roveyayinevi.com.tr\/index.php\/wp-json\/wp\/v2\/media?parent=716710"}],"wp:term":[{"taxonomy":"product_brand","embeddable":true,"href":"https:\/\/roveyayinevi.com.tr\/index.php\/wp-json\/wp\/v2\/product_brand?post=716710"},{"taxonomy":"product_cat","embeddable":true,"href":"https:\/\/roveyayinevi.com.tr\/index.php\/wp-json\/wp\/v2\/product_cat?post=716710"},{"taxonomy":"product_tag","embeddable":true,"href":"https:\/\/roveyayinevi.com.tr\/index.php\/wp-json\/wp\/v2\/product_tag?post=716710"}],"curies":[{"name":"wp","href":"https:\/\/api.w.org\/{rel}","templated":true}]}}