{"id":716708,"date":"2025-08-27T17:46:20","date_gmt":"2025-08-27T14:46:20","guid":{"rendered":"https:\/\/roveyayinevi.com.tr\/index.php\/urun\/isigin-dustugu-yer\/"},"modified":"2026-04-16T02:25:00","modified_gmt":"2026-04-15T23:25:00","slug":"isigin-dustugu-yer","status":"publish","type":"product","link":"https:\/\/roveyayinevi.com.tr\/index.php\/urun\/isigin-dustugu-yer\/","title":{"rendered":"I\u015f\u0131\u011f\u0131n D\u00fc\u015ft\u00fc\u011f\u00fc Yer"},"content":{"rendered":"<p>New York Times&#8217;\u0131n \u00e7ok satan yazarlar\u0131ndan Allison Pataki ile karde\u015fi Owen Pataki&#8217;nin yazd\u0131\u011f\u0131, Frans\u0131z Devrimi s\u0131ras\u0131nda ge\u00e7en, cesaret, g\u00f6rev, fedak\u00e2rl\u0131k ve a\u015fk hakk\u0131nda zengin ve kapsaml\u0131 bir roman \u2018I\u015f\u0131\u011f\u0131n D\u00fc\u015ft\u00fc\u011f\u00fc Yer.\u2019 Bastille bask\u0131n\u0131n\u0131n \u00fczerinden ge\u00e7en \u00fc\u00e7 y\u0131ldan sonra Paris sokaklar\u0131 yeniden devrimle \u00e7alkalanmaktad\u0131r. Fransa&#8217;n\u0131n yurtta\u015flar\u0131 \u00f6zg\u00fcrl\u00fck, e\u015fitlik ve karde\u015flik idealleriyle ya\u015famaktad\u0131r. Giyotinin yard\u0131m\u0131yla da olsa XVI. Louis ve Marie Antoinette&#8217;\u0131n ba\u015f\u0131nda bulunduklar\u0131 monar\u015fi yok edilmi\u015f ve yerine yeni bir ulus olu\u015fmaya ba\u015flam\u0131\u015ft\u0131r. \u0130dealist bir gen\u00e7 avukat olan Jean- Luc, kar\u0131s\u0131 ve k\u00fc\u00e7\u00fck o\u011fluyla devrim i\u00e7in \u00e7al\u0131\u015fmak \u00fczere Marsilya&#8217;dan Paris&#8217;e gelmi\u015ftir. Tan\u0131nm\u0131\u015f bir aristokrat\u0131n o\u011flu olan Andre, Frans\u0131z ordusuna kat\u0131lmak suretiyle idamdan kurtulmu\u015ftur. Bir aristokrat\u0131n dul kar\u0131s\u0131 olan Sophie g\u00fc\u00e7l\u00fc ve intikamc\u0131 amcas\u0131ndan ba\u011f\u0131ms\u0131z olabilmek i\u00e7in u\u011fra\u015fmaktad\u0131r. Karga\u015fa Devrim&#8217;in sa\u011flad\u0131\u011f\u0131 ilerlemeyi tehdit eder, adalet talebi istikrars\u0131zl\u0131kla paranoyay\u0131 b\u00fcy\u00fct\u00fcrken, bu \u00fc\u00e7 yurtta\u015f\u0131n hayatlar\u0131 g\u00f6r\u00fclmemi\u015f \u015fekilde birbirine ba\u011fl\u0131 hale gelecektir. Jean-Luc, Andre ve Sophie hayatta kalmak i\u00e7in m\u00fccadele ederken ayn\u0131 zamanda ulusun varl\u0131\u011f\u0131n\u0131n devam\u0131 i\u00e7in de m\u00fccadele edeceklerdir.   &#8220;Frans\u0131z Devrimi\u2019nin derslerini bug\u00fcn\u00fcn demokratik hareketlerine etkili \u015fekilde g\u00f6steren bir roman.&#8221; Kirkus Reviews   &#8220;Alexandre Dumas ve Victor Hugo hayranlar\u0131, bu kahramanl\u0131k, ihanet ve ser\u00fcven hik\u00e2yesini bir solukta okuyacaklard\u0131r.&#8221; Library Journal <\/p>\n","protected":false},"excerpt":{"rendered":"<p>New York Times&#8217;\u0131n \u00e7ok satan yazarlar\u0131ndan Allison Pataki ile karde\u015fi Owen Pataki&#8217;nin yazd\u0131\u011f\u0131, Frans\u0131z Devrimi s\u0131ras\u0131nda ge\u00e7en, cesaret, g\u00f6rev, fedak\u00e2rl\u0131k ve a\u015fk hakk\u0131nda zengin ve kapsaml\u0131<span class=\"excerpt-hellip\"> [\u2026]<\/span><\/p>\n","protected":false},"featured_media":0,"template":"","meta":{"_monsterinsights_skip_tracking":false,"_monsterinsights_sitenote_active":false,"_monsterinsights_sitenote_note":"","_monsterinsights_sitenote_category":0},"product_brand":[],"product_cat":[12291,12711],"product_tag":[],"class_list":{"0":"post-716708","1":"product","2":"type-product","3":"status-publish","5":"product_cat-edebiyat","6":"product_cat-roman-oyku","7":"pa_cilt-ciltsiz","8":"pa_tur-kitap","9":"pa_yayinevi-abis-yayincilik","10":"pa_yazar-allison-pataki-owen-pataki","12":"first","13":"instock","14":"sale","15":"shipping-taxable","16":"purchasable","17":"product-type-simple"},"_links":{"self":[{"href":"https:\/\/roveyayinevi.com.tr\/index.php\/wp-json\/wp\/v2\/product\/716708","targetHints":{"allow":["GET"]}}],"collection":[{"href":"https:\/\/roveyayinevi.com.tr\/index.php\/wp-json\/wp\/v2\/product"}],"about":[{"href":"https:\/\/roveyayinevi.com.tr\/index.php\/wp-json\/wp\/v2\/types\/product"}],"wp:attachment":[{"href":"https:\/\/roveyayinevi.com.tr\/index.php\/wp-json\/wp\/v2\/media?parent=716708"}],"wp:term":[{"taxonomy":"product_brand","embeddable":true,"href":"https:\/\/roveyayinevi.com.tr\/index.php\/wp-json\/wp\/v2\/product_brand?post=716708"},{"taxonomy":"product_cat","embeddable":true,"href":"https:\/\/roveyayinevi.com.tr\/index.php\/wp-json\/wp\/v2\/product_cat?post=716708"},{"taxonomy":"product_tag","embeddable":true,"href":"https:\/\/roveyayinevi.com.tr\/index.php\/wp-json\/wp\/v2\/product_tag?post=716708"}],"curies":[{"name":"wp","href":"https:\/\/api.w.org\/{rel}","templated":true}]}}