{"id":716704,"date":"2025-08-27T17:46:17","date_gmt":"2025-08-27T14:46:17","guid":{"rendered":"https:\/\/roveyayinevi.com.tr\/index.php\/urun\/icinde-disinda-tepetakla\/"},"modified":"2026-04-16T02:25:00","modified_gmt":"2026-04-15T23:25:00","slug":"icinde-disinda-tepetakla","status":"publish","type":"product","link":"https:\/\/roveyayinevi.com.tr\/index.php\/urun\/icinde-disinda-tepetakla\/","title":{"rendered":"\u0130\u00e7inde D\u0131\u015f\u0131nda Tepetakla"},"content":{"rendered":"<p>\u00d6d\u00fcll\u00fc yazar ve \u00e7izer Yasmeen Ismail, haz\u0131rlad\u0131\u011f\u0131 bu e\u011flenceli etkinlik kitab\u0131nda kalem, boya ve bolca hayal g\u00fcc\u00fc kullanarak \u00e7ocuklar\u0131n duygular\u0131n\u0131 ke\u015ffetmesini sa\u011fl\u0131yor.Ayr\u0131ca kitap \u00e7ocuklar\u0131 farkl\u0131l\u0131klar, z\u0131tl\u0131klar \u00fczerine yarat\u0131c\u0131 bi\u00e7imde d\u00fc\u015f\u00fcnmeye te\u015fvik ediyor.<\/p>\n","protected":false},"excerpt":{"rendered":"<p>\u00d6d\u00fcll\u00fc yazar ve \u00e7izer Yasmeen Ismail, haz\u0131rlad\u0131\u011f\u0131 bu e\u011flenceli etkinlik kitab\u0131nda kalem, boya ve bolca hayal g\u00fcc\u00fc kullanarak \u00e7ocuklar\u0131n duygular\u0131n\u0131 ke\u015ffetmesini sa\u011fl\u0131yor.Ayr\u0131ca kitap \u00e7ocuklar\u0131 farkl\u0131l\u0131klar, z\u0131tl\u0131klar<span class=\"excerpt-hellip\"> [\u2026]<\/span><\/p>\n","protected":false},"featured_media":0,"template":"","meta":{"_monsterinsights_skip_tracking":false,"_monsterinsights_sitenote_active":false,"_monsterinsights_sitenote_note":"","_monsterinsights_sitenote_category":0},"product_brand":[],"product_cat":[12274,12518],"product_tag":[],"class_list":{"0":"post-716704","1":"product","2":"type-product","3":"status-publish","5":"product_cat-cocuk-ve-genclik-kitaplari","6":"product_cat-okul-oncesi-kitaplar","7":"pa_cilt-ciltsiz","8":"pa_tur-kitap","9":"pa_yayinevi-hep-kitap","10":"pa_yazar-yasmeen-ismail","12":"first","13":"instock","14":"sale","15":"shipping-taxable","16":"purchasable","17":"product-type-simple"},"_links":{"self":[{"href":"https:\/\/roveyayinevi.com.tr\/index.php\/wp-json\/wp\/v2\/product\/716704","targetHints":{"allow":["GET"]}}],"collection":[{"href":"https:\/\/roveyayinevi.com.tr\/index.php\/wp-json\/wp\/v2\/product"}],"about":[{"href":"https:\/\/roveyayinevi.com.tr\/index.php\/wp-json\/wp\/v2\/types\/product"}],"wp:attachment":[{"href":"https:\/\/roveyayinevi.com.tr\/index.php\/wp-json\/wp\/v2\/media?parent=716704"}],"wp:term":[{"taxonomy":"product_brand","embeddable":true,"href":"https:\/\/roveyayinevi.com.tr\/index.php\/wp-json\/wp\/v2\/product_brand?post=716704"},{"taxonomy":"product_cat","embeddable":true,"href":"https:\/\/roveyayinevi.com.tr\/index.php\/wp-json\/wp\/v2\/product_cat?post=716704"},{"taxonomy":"product_tag","embeddable":true,"href":"https:\/\/roveyayinevi.com.tr\/index.php\/wp-json\/wp\/v2\/product_tag?post=716704"}],"curies":[{"name":"wp","href":"https:\/\/api.w.org\/{rel}","templated":true}]}}