{"id":716703,"date":"2025-08-27T17:46:17","date_gmt":"2025-08-27T14:46:17","guid":{"rendered":"https:\/\/roveyayinevi.com.tr\/index.php\/urun\/icedonuklerin-gizli-yasami\/"},"modified":"2026-04-16T02:25:00","modified_gmt":"2026-04-15T23:25:00","slug":"icedonuklerin-gizli-yasami","status":"publish","type":"product","link":"https:\/\/roveyayinevi.com.tr\/index.php\/urun\/icedonuklerin-gizli-yasami\/","title":{"rendered":"\u0130\u00e7ed\u00f6n\u00fcklerin Gizli Ya\u015fam\u0131"},"content":{"rendered":"<p>Bazen bir partide, bazen i\u015fyerinde bazen bir aile yeme\u011finde bu sorulara s\u0131k s\u0131k maruz kal\u0131yor olabilirsiniz. Sakin do\u011fan\u0131z\u0131 s\u0131k\u0131c\u0131l\u0131k ve utanga\u00e7l\u0131kla ili\u015fkilendirenler olabilir. \u00c7\u00fcnk\u00fc siz bir i\u00e7ed\u00f6n\u00fcks\u00fcn\u00fcz ve toplumun \u00e7o\u011funlu\u011fu i\u00e7ed\u00f6n\u00fckl\u00fc\u011f\u00fcn nas\u0131l bir \u015fey oldu\u011funu tam olarak bilmiyor. Kendisi de bir i\u00e7ed\u00f6n\u00fck olan Jenn Granneman\u2019\u0131n hem anla\u015f\u0131lmayan, g\u00f6rmezden gelinen, hatta kimi zaman reddedilen t\u00fcm i\u00e7ed\u00f6n\u00fckler i\u00e7in hem de i\u00e7ed\u00f6n\u00fck arkada\u015flar\u0131n\u0131 ve aile \u00fcyelerini anlamak isteyen d\u0131\u015fad\u00f6n\u00fckler i\u00e7in s\u00f6yleyecekleri var. \u0130\u00e7ed\u00f6n\u00fckler ne d\u00fc\u015f\u00fcn\u00fcr, nas\u0131l hisseder, neleri arzular, i\u015f ve a\u015fk hayat\u0131n\u0131 nas\u0131l idare eder? \u0130\u00e7ed\u00f6n\u00fcklerin Gizli Ya\u015fam\u0131 kitab\u0131nda Granneman t\u00fcm bu sorular\u0131n derinlerine iniyor, kimi zaman bilimsel <\/p>\n","protected":false},"excerpt":{"rendered":"<p>Bazen bir partide, bazen i\u015fyerinde bazen bir aile yeme\u011finde bu sorulara s\u0131k s\u0131k maruz kal\u0131yor olabilirsiniz. Sakin do\u011fan\u0131z\u0131 s\u0131k\u0131c\u0131l\u0131k ve utanga\u00e7l\u0131kla ili\u015fkilendirenler olabilir. \u00c7\u00fcnk\u00fc siz bir<span class=\"excerpt-hellip\"> [\u2026]<\/span><\/p>\n","protected":false},"featured_media":0,"template":"","meta":{"_monsterinsights_skip_tracking":false,"_monsterinsights_sitenote_active":false,"_monsterinsights_sitenote_note":"","_monsterinsights_sitenote_category":0},"product_brand":[],"product_cat":[12755,12357],"product_tag":[],"class_list":{"0":"post-716703","1":"product","2":"type-product","3":"status-publish","5":"product_cat-gelisim-psikolojisi","6":"product_cat-psikoloji","7":"pa_cilt-ciltsiz","8":"pa_tur-kitap","9":"pa_yayinevi-hep-kitap","10":"pa_yazar-jenn-granneman","12":"first","13":"instock","14":"sale","15":"shipping-taxable","16":"purchasable","17":"product-type-simple"},"_links":{"self":[{"href":"https:\/\/roveyayinevi.com.tr\/index.php\/wp-json\/wp\/v2\/product\/716703","targetHints":{"allow":["GET"]}}],"collection":[{"href":"https:\/\/roveyayinevi.com.tr\/index.php\/wp-json\/wp\/v2\/product"}],"about":[{"href":"https:\/\/roveyayinevi.com.tr\/index.php\/wp-json\/wp\/v2\/types\/product"}],"wp:attachment":[{"href":"https:\/\/roveyayinevi.com.tr\/index.php\/wp-json\/wp\/v2\/media?parent=716703"}],"wp:term":[{"taxonomy":"product_brand","embeddable":true,"href":"https:\/\/roveyayinevi.com.tr\/index.php\/wp-json\/wp\/v2\/product_brand?post=716703"},{"taxonomy":"product_cat","embeddable":true,"href":"https:\/\/roveyayinevi.com.tr\/index.php\/wp-json\/wp\/v2\/product_cat?post=716703"},{"taxonomy":"product_tag","embeddable":true,"href":"https:\/\/roveyayinevi.com.tr\/index.php\/wp-json\/wp\/v2\/product_tag?post=716703"}],"curies":[{"name":"wp","href":"https:\/\/api.w.org\/{rel}","templated":true}]}}